{"id":9126,"date":"2017-03-27T11:19:06","date_gmt":"2017-03-27T14:19:06","guid":{"rendered":"http:\/\/www.classicshow.com.br\/site\/?page_id=9126"},"modified":"2017-03-28T14:59:24","modified_gmt":"2017-03-28T17:59:24","slug":"espaco-do-leitor","status":"publish","type":"page","link":"https:\/\/www.classicshow.com.br\/site\/espaco-do-leitor\/","title":{"rendered":"Espa\u00e7o do Leitor"},"content":{"rendered":"<p style=\"text-align: justify;\"><img loading=\"lazy\" class=\"aligncenter size-full wp-image-9127\" src=\"http:\/\/www.classicshow.com.br\/site\/wp-content\/uploads\/2017\/03\/espaco-do-leitor.jpg\" alt=\"\" width=\"800\" height=\"445\" srcset=\"https:\/\/www.classicshow.com.br\/site\/wp-content\/uploads\/2017\/03\/espaco-do-leitor.jpg 800w, https:\/\/www.classicshow.com.br\/site\/wp-content\/uploads\/2017\/03\/espaco-do-leitor-300x167.jpg 300w, https:\/\/www.classicshow.com.br\/site\/wp-content\/uploads\/2017\/03\/espaco-do-leitor-768x427.jpg 768w\" sizes=\"(max-width: 800px) 100vw, 800px\" \/><\/p>\n<p style=\"text-align: justify;\">N\u00e3o esque\u00e7a que a Classic Show tem um espa\u00e7o reservado aos leitores. A se\u00e7\u00e3o de cartas \u00e9 o lugar onde voc\u00ea pode contar uma pequena hist\u00f3ria, pedir aux\u00edlio para procura de pe\u00e7as e mostrar seu carro antigo nas mais diversas situa\u00e7\u00f5es.<\/p>\n<p style=\"text-align: justify;\">Mande sua carta! Ela pode ser publicada na Classic Show! Esse espa\u00e7o \u00e9 seu!<\/p>\n<p style=\"text-align: justify;\"><div role=\"form\" class=\"wpcf7\" id=\"wpcf7-f9129-o1\" lang=\"pt-BR\" dir=\"ltr\">\n<div class=\"screen-reader-response\"><p role=\"status\" aria-live=\"polite\" aria-atomic=\"true\"><\/p> <ul><\/ul><\/div>\n<form action=\"\/site\/wp-json\/wp\/v2\/pages\/9126#wpcf7-f9129-o1\" method=\"post\" class=\"wpcf7-form init\" enctype=\"multipart\/form-data\" novalidate=\"novalidate\" data-status=\"init\">\n<div style=\"display: none;\">\n<input type=\"hidden\" name=\"_wpcf7\" value=\"9129\" \/>\n<input type=\"hidden\" name=\"_wpcf7_version\" value=\"5.6\" \/>\n<input type=\"hidden\" name=\"_wpcf7_locale\" value=\"pt_BR\" \/>\n<input type=\"hidden\" name=\"_wpcf7_unit_tag\" value=\"wpcf7-f9129-o1\" \/>\n<input type=\"hidden\" name=\"_wpcf7_container_post\" value=\"0\" \/>\n<input type=\"hidden\" name=\"_wpcf7_posted_data_hash\" value=\"\" \/>\n<input type=\"hidden\" name=\"_wpcf7_recaptcha_response\" value=\"\" \/>\n<\/div>\n<p><label> Seu nome (obrigat\u00f3rio)<br \/>\n    <span class=\"wpcf7-form-control-wrap\" data-name=\"your-name\"><input type=\"text\" name=\"your-name\" value=\"\" size=\"40\" class=\"wpcf7-form-control wpcf7-text wpcf7-validates-as-required\" aria-required=\"true\" aria-invalid=\"false\" \/><\/span> <\/label><\/p>\n<p><label> Seu e-mail (obrigat\u00f3rio)<br \/>\n    <span class=\"wpcf7-form-control-wrap\" data-name=\"your-email\"><input type=\"email\" name=\"your-email\" value=\"\" size=\"40\" class=\"wpcf7-form-control wpcf7-text wpcf7-email wpcf7-validates-as-required wpcf7-validates-as-email\" aria-required=\"true\" aria-invalid=\"false\" \/><\/span> <\/label><\/p>\n<p><label> Sua Hist\u00f3ria<br \/>\n    <span class=\"wpcf7-form-control-wrap\" data-name=\"your-message\"><textarea name=\"your-message\" cols=\"40\" rows=\"10\" class=\"wpcf7-form-control wpcf7-textarea\" aria-invalid=\"false\"><\/textarea><\/span> <\/label><\/p>\n<p>Anexar foto:<br \/>\n<span class=\"wpcf7-form-control-wrap\" data-name=\"file-763\"><input type=\"file\" name=\"file-763\" size=\"40\" class=\"wpcf7-form-control wpcf7-file\" accept=\".jpg,.jpeg,.bmp,.png,.doc,.docx,.pdf,.gif\" aria-invalid=\"false\" \/><\/span>\n\n<p><\/p>\n<p><input type=\"submit\" value=\"Enviar\" class=\"wpcf7-form-control has-spinner wpcf7-submit\" \/><\/p>\n<div class=\"wpcf7-response-output\" aria-hidden=\"true\"><\/div><\/form><\/div><\/p>\n","protected":false},"excerpt":{"rendered":"<p>N\u00e3o esque\u00e7a que a Classic Show tem um espa\u00e7o reservado aos leitores. A se\u00e7\u00e3o de cartas \u00e9 o lugar onde voc\u00ea pode contar uma pequena hist\u00f3ria, pedir aux\u00edlio para procura de pe\u00e7as e mostrar seu carro antigo nas mais diversas situa\u00e7\u00f5es. Mande sua carta! Ela pode ser publicada na Classic Show! Esse espa\u00e7o \u00e9 seu!<\/p>\n","protected":false},"author":1,"featured_media":0,"parent":0,"menu_order":0,"comment_status":"closed","ping_status":"closed","template":"","meta":{"_links_to":"","_links_to_target":""},"yoast_head":"<!-- This site is optimized with the Yoast SEO plugin v19.3 - https:\/\/yoast.com\/wordpress\/plugins\/seo\/ -->\n<title>Espa\u00e7o do Leitor: o seu mural na revista \u00e9 aqui!<\/title>\n<meta name=\"description\" content=\"Voc\u00ea tem alguma hist\u00f3ria envolvendo carros antigos na sua vida? Nos conte! Ela poder\u00e1 aparecer na se\u00e7\u00e3o &quot;Espa\u00e7o do Leitor&quot; na Revista Classic Show!\" \/>\n<meta name=\"robots\" content=\"index, follow, max-snippet:-1, max-image-preview:large, max-video-preview:-1\" \/>\n<link rel=\"canonical\" href=\"https:\/\/www.classicshow.com.br\/site\/espaco-do-leitor\/\" \/>\n<meta property=\"og:locale\" content=\"pt_BR\" \/>\n<meta property=\"og:type\" content=\"article\" \/>\n<meta property=\"og:title\" content=\"Espa\u00e7o do Leitor: o seu mural na revista \u00e9 aqui!\" \/>\n<meta property=\"og:description\" content=\"Voc\u00ea tem alguma hist\u00f3ria envolvendo carros antigos na sua vida? Nos conte! Ela poder\u00e1 aparecer na se\u00e7\u00e3o &quot;Espa\u00e7o do Leitor&quot; na Revista Classic Show!\" \/>\n<meta property=\"og:url\" content=\"https:\/\/www.classicshow.com.br\/site\/espaco-do-leitor\/\" \/>\n<meta property=\"og:site_name\" content=\"Revista Classic Show, a sua revista de carros antigos\" \/>\n<meta property=\"article:publisher\" content=\"https:\/\/www.facebook.com\/classic.show.7\" \/>\n<meta property=\"article:modified_time\" content=\"2017-03-28T17:59:24+00:00\" \/>\n<meta property=\"og:image\" content=\"https:\/\/www.classicshow.com.br\/site\/wp-content\/uploads\/2017\/03\/espaco-do-leitor.jpg\" \/>\n\t<meta property=\"og:image:width\" content=\"800\" \/>\n\t<meta property=\"og:image:height\" content=\"445\" \/>\n\t<meta property=\"og:image:type\" content=\"image\/jpeg\" \/>\n<meta name=\"twitter:card\" content=\"summary_large_image\" \/>\n<meta name=\"twitter:title\" content=\"Espa\u00e7o do Leitor: o seu mural na revista \u00e9 aqui!\" \/>\n<meta name=\"twitter:description\" content=\"Voc\u00ea tem alguma hist\u00f3ria envolvendo carros antigos na sua vida? Nos conte! Ela poder\u00e1 aparecer na se\u00e7\u00e3o &quot;Espa\u00e7o do Leitor&quot; na Revista Classic Show!\" \/>\n<meta name=\"twitter:site\" content=\"@revista_cshow\" \/>\n<script type=\"application\/ld+json\" class=\"yoast-schema-graph\">{\"@context\":\"https:\/\/schema.org\",\"@graph\":[{\"@type\":\"Organization\",\"@id\":\"https:\/\/www.classicshow.com.br\/site\/#organization\",\"name\":\"Revista Classic Show, a sua revista de carros antigos\",\"url\":\"https:\/\/www.classicshow.com.br\/site\/\",\"sameAs\":[\"https:\/\/www.youtube.com\/user\/ClassicShowM\",\"https:\/\/www.facebook.com\/classic.show.7\",\"https:\/\/twitter.com\/revista_cshow\"],\"logo\":{\"@type\":\"ImageObject\",\"inLanguage\":\"pt-BR\",\"@id\":\"https:\/\/www.classicshow.com.br\/site\/#\/schema\/logo\/image\/\",\"url\":\"https:\/\/www.classicshow.com.br\/site\/wp-content\/uploads\/2015\/09\/logo_cs.jpg\",\"contentUrl\":\"https:\/\/www.classicshow.com.br\/site\/wp-content\/uploads\/2015\/09\/logo_cs.jpg\",\"width\":339,\"height\":150,\"caption\":\"Revista Classic Show, a sua revista de carros antigos\"},\"image\":{\"@id\":\"https:\/\/www.classicshow.com.br\/site\/#\/schema\/logo\/image\/\"}},{\"@type\":\"WebSite\",\"@id\":\"https:\/\/www.classicshow.com.br\/site\/#website\",\"url\":\"https:\/\/www.classicshow.com.br\/site\/\",\"name\":\"Revista Classic Show, a sua revista de carros antigos\",\"description\":\"Fa\u00e7a sua assinatura! Aqui voc\u00ea encontra tudo sobre o universo dos carros antigos: mat\u00e9rias completas, encontros de carros antigos, livros especializados e muito mais!\",\"publisher\":{\"@id\":\"https:\/\/www.classicshow.com.br\/site\/#organization\"},\"potentialAction\":[{\"@type\":\"SearchAction\",\"target\":{\"@type\":\"EntryPoint\",\"urlTemplate\":\"https:\/\/www.classicshow.com.br\/site\/?s={search_term_string}\"},\"query-input\":\"required name=search_term_string\"}],\"inLanguage\":\"pt-BR\"},{\"@type\":\"ImageObject\",\"inLanguage\":\"pt-BR\",\"@id\":\"https:\/\/www.classicshow.com.br\/site\/espaco-do-leitor\/#primaryimage\",\"url\":\"http:\/\/www.classicshow.com.br\/site\/wp-content\/uploads\/2017\/03\/espaco-do-leitor.jpg\",\"contentUrl\":\"http:\/\/www.classicshow.com.br\/site\/wp-content\/uploads\/2017\/03\/espaco-do-leitor.jpg\"},{\"@type\":\"WebPage\",\"@id\":\"https:\/\/www.classicshow.com.br\/site\/espaco-do-leitor\/\",\"url\":\"https:\/\/www.classicshow.com.br\/site\/espaco-do-leitor\/\",\"name\":\"Espa\u00e7o do Leitor: o seu mural na revista \u00e9 aqui!\",\"isPartOf\":{\"@id\":\"https:\/\/www.classicshow.com.br\/site\/#website\"},\"primaryImageOfPage\":{\"@id\":\"https:\/\/www.classicshow.com.br\/site\/espaco-do-leitor\/#primaryimage\"},\"datePublished\":\"2017-03-27T14:19:06+00:00\",\"dateModified\":\"2017-03-28T17:59:24+00:00\",\"description\":\"Voc\u00ea tem alguma hist\u00f3ria envolvendo carros antigos na sua vida? Nos conte! Ela poder\u00e1 aparecer na se\u00e7\u00e3o \\\"Espa\u00e7o do Leitor\\\" na Revista Classic Show!\",\"breadcrumb\":{\"@id\":\"https:\/\/www.classicshow.com.br\/site\/espaco-do-leitor\/#breadcrumb\"},\"inLanguage\":\"pt-BR\",\"potentialAction\":[{\"@type\":\"ReadAction\",\"target\":[\"https:\/\/www.classicshow.com.br\/site\/espaco-do-leitor\/\"]}]},{\"@type\":\"BreadcrumbList\",\"@id\":\"https:\/\/www.classicshow.com.br\/site\/espaco-do-leitor\/#breadcrumb\",\"itemListElement\":[{\"@type\":\"ListItem\",\"position\":1,\"name\":\"In\u00edcio\",\"item\":\"https:\/\/www.classicshow.com.br\/site\/\"},{\"@type\":\"ListItem\",\"position\":2,\"name\":\"Espa\u00e7o do Leitor\"}]}]}<\/script>\n<!-- \/ Yoast SEO plugin. -->","yoast_head_json":{"title":"Espa\u00e7o do Leitor: o seu mural na revista \u00e9 aqui!","description":"Voc\u00ea tem alguma hist\u00f3ria envolvendo carros antigos na sua vida? Nos conte! Ela poder\u00e1 aparecer na se\u00e7\u00e3o \"Espa\u00e7o do Leitor\" na Revista Classic Show!","robots":{"index":"index","follow":"follow","max-snippet":"max-snippet:-1","max-image-preview":"max-image-preview:large","max-video-preview":"max-video-preview:-1"},"canonical":"https:\/\/www.classicshow.com.br\/site\/espaco-do-leitor\/","og_locale":"pt_BR","og_type":"article","og_title":"Espa\u00e7o do Leitor: o seu mural na revista \u00e9 aqui!","og_description":"Voc\u00ea tem alguma hist\u00f3ria envolvendo carros antigos na sua vida? Nos conte! Ela poder\u00e1 aparecer na se\u00e7\u00e3o \"Espa\u00e7o do Leitor\" na Revista Classic Show!","og_url":"https:\/\/www.classicshow.com.br\/site\/espaco-do-leitor\/","og_site_name":"Revista Classic Show, a sua revista de carros antigos","article_publisher":"https:\/\/www.facebook.com\/classic.show.7","article_modified_time":"2017-03-28T17:59:24+00:00","og_image":[{"width":800,"height":445,"url":"https:\/\/www.classicshow.com.br\/site\/wp-content\/uploads\/2017\/03\/espaco-do-leitor.jpg","type":"image\/jpeg"}],"twitter_card":"summary_large_image","twitter_title":"Espa\u00e7o do Leitor: o seu mural na revista \u00e9 aqui!","twitter_description":"Voc\u00ea tem alguma hist\u00f3ria envolvendo carros antigos na sua vida? Nos conte! Ela poder\u00e1 aparecer na se\u00e7\u00e3o \"Espa\u00e7o do Leitor\" na Revista Classic Show!","twitter_site":"@revista_cshow","schema":{"@context":"https:\/\/schema.org","@graph":[{"@type":"Organization","@id":"https:\/\/www.classicshow.com.br\/site\/#organization","name":"Revista Classic Show, a sua revista de carros antigos","url":"https:\/\/www.classicshow.com.br\/site\/","sameAs":["https:\/\/www.youtube.com\/user\/ClassicShowM","https:\/\/www.facebook.com\/classic.show.7","https:\/\/twitter.com\/revista_cshow"],"logo":{"@type":"ImageObject","inLanguage":"pt-BR","@id":"https:\/\/www.classicshow.com.br\/site\/#\/schema\/logo\/image\/","url":"https:\/\/www.classicshow.com.br\/site\/wp-content\/uploads\/2015\/09\/logo_cs.jpg","contentUrl":"https:\/\/www.classicshow.com.br\/site\/wp-content\/uploads\/2015\/09\/logo_cs.jpg","width":339,"height":150,"caption":"Revista Classic Show, a sua revista de carros antigos"},"image":{"@id":"https:\/\/www.classicshow.com.br\/site\/#\/schema\/logo\/image\/"}},{"@type":"WebSite","@id":"https:\/\/www.classicshow.com.br\/site\/#website","url":"https:\/\/www.classicshow.com.br\/site\/","name":"Revista Classic Show, a sua revista de carros antigos","description":"Fa\u00e7a sua assinatura! Aqui voc\u00ea encontra tudo sobre o universo dos carros antigos: mat\u00e9rias completas, encontros de carros antigos, livros especializados e muito mais!","publisher":{"@id":"https:\/\/www.classicshow.com.br\/site\/#organization"},"potentialAction":[{"@type":"SearchAction","target":{"@type":"EntryPoint","urlTemplate":"https:\/\/www.classicshow.com.br\/site\/?s={search_term_string}"},"query-input":"required name=search_term_string"}],"inLanguage":"pt-BR"},{"@type":"ImageObject","inLanguage":"pt-BR","@id":"https:\/\/www.classicshow.com.br\/site\/espaco-do-leitor\/#primaryimage","url":"http:\/\/www.classicshow.com.br\/site\/wp-content\/uploads\/2017\/03\/espaco-do-leitor.jpg","contentUrl":"http:\/\/www.classicshow.com.br\/site\/wp-content\/uploads\/2017\/03\/espaco-do-leitor.jpg"},{"@type":"WebPage","@id":"https:\/\/www.classicshow.com.br\/site\/espaco-do-leitor\/","url":"https:\/\/www.classicshow.com.br\/site\/espaco-do-leitor\/","name":"Espa\u00e7o do Leitor: o seu mural na revista \u00e9 aqui!","isPartOf":{"@id":"https:\/\/www.classicshow.com.br\/site\/#website"},"primaryImageOfPage":{"@id":"https:\/\/www.classicshow.com.br\/site\/espaco-do-leitor\/#primaryimage"},"datePublished":"2017-03-27T14:19:06+00:00","dateModified":"2017-03-28T17:59:24+00:00","description":"Voc\u00ea tem alguma hist\u00f3ria envolvendo carros antigos na sua vida? Nos conte! Ela poder\u00e1 aparecer na se\u00e7\u00e3o \"Espa\u00e7o do Leitor\" na Revista Classic Show!","breadcrumb":{"@id":"https:\/\/www.classicshow.com.br\/site\/espaco-do-leitor\/#breadcrumb"},"inLanguage":"pt-BR","potentialAction":[{"@type":"ReadAction","target":["https:\/\/www.classicshow.com.br\/site\/espaco-do-leitor\/"]}]},{"@type":"BreadcrumbList","@id":"https:\/\/www.classicshow.com.br\/site\/espaco-do-leitor\/#breadcrumb","itemListElement":[{"@type":"ListItem","position":1,"name":"In\u00edcio","item":"https:\/\/www.classicshow.com.br\/site\/"},{"@type":"ListItem","position":2,"name":"Espa\u00e7o do Leitor"}]}]}},"_links":{"self":[{"href":"https:\/\/www.classicshow.com.br\/site\/wp-json\/wp\/v2\/pages\/9126"}],"collection":[{"href":"https:\/\/www.classicshow.com.br\/site\/wp-json\/wp\/v2\/pages"}],"about":[{"href":"https:\/\/www.classicshow.com.br\/site\/wp-json\/wp\/v2\/types\/page"}],"author":[{"embeddable":true,"href":"https:\/\/www.classicshow.com.br\/site\/wp-json\/wp\/v2\/users\/1"}],"replies":[{"embeddable":true,"href":"https:\/\/www.classicshow.com.br\/site\/wp-json\/wp\/v2\/comments?post=9126"}],"version-history":[{"count":6,"href":"https:\/\/www.classicshow.com.br\/site\/wp-json\/wp\/v2\/pages\/9126\/revisions"}],"predecessor-version":[{"id":9145,"href":"https:\/\/www.classicshow.com.br\/site\/wp-json\/wp\/v2\/pages\/9126\/revisions\/9145"}],"wp:attachment":[{"href":"https:\/\/www.classicshow.com.br\/site\/wp-json\/wp\/v2\/media?parent=9126"}],"curies":[{"name":"wp","href":"https:\/\/api.w.org\/{rel}","templated":true}]}}