{"id":7648,"date":"2016-08-16T16:21:50","date_gmt":"2016-08-16T19:21:50","guid":{"rendered":"http:\/\/www.classicshow.com.br\/site\/?page_id=7648"},"modified":"2020-11-17T14:49:02","modified_gmt":"2020-11-17T17:49:02","slug":"proximas-edicoes","status":"publish","type":"page","link":"https:\/\/www.classicshow.com.br\/site\/proximas-edicoes\/","title":{"rendered":"Pr\u00f3ximas Edi\u00e7\u00f5es"},"content":{"rendered":"<p style=\"text-align: center;\"><img loading=\"lazy\" class=\"aligncenter size-full wp-image-7652\" src=\"http:\/\/www.classicshow.com.br\/site\/wp-content\/uploads\/2016\/08\/calendario_cs.jpg\" alt=\"calendario_cs\" width=\"800\" height=\"445\" srcset=\"https:\/\/www.classicshow.com.br\/site\/wp-content\/uploads\/2016\/08\/calendario_cs.jpg 800w, https:\/\/www.classicshow.com.br\/site\/wp-content\/uploads\/2016\/08\/calendario_cs-300x167.jpg 300w, https:\/\/www.classicshow.com.br\/site\/wp-content\/uploads\/2016\/08\/calendario_cs-768x427.jpg 768w\" sizes=\"(max-width: 800px) 100vw, 800px\" \/><strong><span style=\"font-size: 22pt;\">FECHAMENTO EDI\u00c7\u00d5ES 2020\/2021<\/span><\/strong><\/p>\n<p style=\"text-align: justify;\">Para facilitar a vida dos nossos leitores, estamos colocando \u00e0 disposi\u00e7\u00e3o o calend\u00e1rio de lan\u00e7amentos das pr\u00f3ximas\u00a0edi\u00e7\u00f5es da Revista Classic Show.<\/p>\n<p style=\"text-align: justify;\">As datas do calend\u00e1rio (estimativas) se referem ao dia aproximado do envio dos exemplares de <strong>ASSINATURA<\/strong>. Para as <strong>BANCAS<\/strong>, a entrega \u00e9 feita 15 dias ap\u00f3s o envio dos assinantes.<\/p>\n<ul>\n<li><span style=\"color: #ff0000;\"><strong>106:<\/strong><\/span> <strong>21 de JANEIRO <\/strong>(VIG\u00caNCIA: JANEIRO\/FEVEREIRO) ( <strong><span style=\"color: #ff0000;\">X<\/span><\/strong> )<\/li>\n<li><span style=\"color: #ff0000;\"><strong>107:<\/strong><\/span> <strong>24 de MAR\u00c7O<\/strong> &#8211; (VIG\u00caNCIA: MAR\u00c7O\/ABRIL) ( <span style=\"color: #ff0000;\"><strong>X<\/strong><\/span>\u00a0)<\/li>\n<li><span style=\"color: #ff0000;\"><strong>108:<\/strong><\/span> <strong>10 de JUNHO<\/strong> &#8211; (VIG\u00caNCIA: JUNHO\/JULHO) ( <span style=\"color: #ff0000;\"><strong>X<\/strong><\/span>\u00a0)<\/li>\n<li><span style=\"color: #ff0000;\"><strong>1<\/strong><strong>09:<\/strong><\/span><strong> 28 de AGOSTO<\/strong> &#8211; (VIG\u00caNCIA: SETEMBRO\/OUTUBRO) ( <span style=\"color: #ff0000;\"><strong>X<\/strong><\/span>\u00a0)<\/li>\n<li><span style=\"color: #ff0000;\"><strong>110:<\/strong><\/span> <strong>30 de NOVEMBRO<\/strong> &#8211; (VIG\u00caNCIA: NOVEMBRO\/DEZEMBRO) (\u00a0 )<strong><br \/>\n<\/strong><\/li>\n<li><span style=\"color: #ff0000;\"><strong>111:<\/strong><\/span> <strong>25 de JANEIRO <\/strong>(VIG\u00caNCIA: FEVEREIRO\/MAR\u00c7O) (\u00a0 )<\/li>\n<\/ul>\n<p><a href=\"https:\/\/classicshow.lojavirtualfc.com.br\/prod,idloja,14163,idproduto,2199063,assinaturas-assinatura-da-revista-classic-show\"><img loading=\"lazy\" class=\"size-full wp-image-5088 aligncenter\" src=\"http:\/\/www.classicshow.com.br\/site\/wp-content\/uploads\/2015\/12\/banner_assinatura.jpg\" alt=\"banner_assinatura\" width=\"728\" height=\"90\" srcset=\"https:\/\/www.classicshow.com.br\/site\/wp-content\/uploads\/2015\/12\/banner_assinatura.jpg 728w, https:\/\/www.classicshow.com.br\/site\/wp-content\/uploads\/2015\/12\/banner_assinatura-300x37.jpg 300w\" sizes=\"(max-width: 728px) 100vw, 728px\" \/><\/a><\/p>\n","protected":false},"excerpt":{"rendered":"<p>FECHAMENTO EDI\u00c7\u00d5ES 2020\/2021 Para facilitar a vida dos nossos leitores, estamos colocando \u00e0 disposi\u00e7\u00e3o o calend\u00e1rio de lan\u00e7amentos das pr\u00f3ximas\u00a0edi\u00e7\u00f5es da Revista Classic Show. As datas do calend\u00e1rio (estimativas) se referem ao dia aproximado do envio dos exemplares de ASSINATURA. Para as BANCAS, a entrega \u00e9 feita 15 dias ap\u00f3s o envio dos assinantes. 106: [&hellip;]<\/p>\n","protected":false},"author":1,"featured_media":0,"parent":0,"menu_order":0,"comment_status":"closed","ping_status":"closed","template":"","meta":{"_links_to":"","_links_to_target":""},"yoast_head":"<!-- This site is optimized with the Yoast SEO plugin v19.3 - https:\/\/yoast.com\/wordpress\/plugins\/seo\/ -->\n<title>Calend\u00e1rio: pr\u00f3ximas edi\u00e7\u00f5es da Revista Classic Show<\/title>\n<meta name=\"description\" content=\"Confira em nosso calend\u00e1rio editorial as pr\u00f3ximas edi\u00e7\u00f5es da Revista Classic Show a serem lan\u00e7adas. Fique por dentro das novidades!\" \/>\n<meta name=\"robots\" content=\"index, follow, max-snippet:-1, max-image-preview:large, max-video-preview:-1\" \/>\n<link rel=\"canonical\" href=\"https:\/\/www.classicshow.com.br\/site\/proximas-edicoes\/\" \/>\n<meta property=\"og:locale\" content=\"pt_BR\" \/>\n<meta property=\"og:type\" content=\"article\" \/>\n<meta property=\"og:title\" content=\"Calend\u00e1rio: pr\u00f3ximas edi\u00e7\u00f5es da Revista Classic Show\" \/>\n<meta property=\"og:description\" content=\"Confira em nosso calend\u00e1rio editorial as pr\u00f3ximas edi\u00e7\u00f5es da Revista Classic Show a serem lan\u00e7adas. Fique por dentro das novidades!\" \/>\n<meta property=\"og:url\" content=\"https:\/\/www.classicshow.com.br\/site\/proximas-edicoes\/\" \/>\n<meta property=\"og:site_name\" content=\"Revista Classic Show, a sua revista de carros antigos\" \/>\n<meta property=\"article:publisher\" content=\"https:\/\/www.facebook.com\/classic.show.7\" \/>\n<meta property=\"article:modified_time\" content=\"2020-11-17T17:49:02+00:00\" \/>\n<meta property=\"og:image\" content=\"http:\/\/www.classicshow.com.br\/site\/wp-content\/uploads\/2016\/08\/calendario_cs.jpg\" \/>\n<meta name=\"twitter:card\" content=\"summary_large_image\" \/>\n<meta name=\"twitter:site\" content=\"@revista_cshow\" \/>\n<meta name=\"twitter:label1\" content=\"Est. tempo de leitura\" \/>\n\t<meta name=\"twitter:data1\" content=\"1 minuto\" \/>\n<script type=\"application\/ld+json\" class=\"yoast-schema-graph\">{\"@context\":\"https:\/\/schema.org\",\"@graph\":[{\"@type\":\"Organization\",\"@id\":\"https:\/\/www.classicshow.com.br\/site\/#organization\",\"name\":\"Revista Classic Show, a sua revista de carros antigos\",\"url\":\"https:\/\/www.classicshow.com.br\/site\/\",\"sameAs\":[\"https:\/\/www.youtube.com\/user\/ClassicShowM\",\"https:\/\/www.facebook.com\/classic.show.7\",\"https:\/\/twitter.com\/revista_cshow\"],\"logo\":{\"@type\":\"ImageObject\",\"inLanguage\":\"pt-BR\",\"@id\":\"https:\/\/www.classicshow.com.br\/site\/#\/schema\/logo\/image\/\",\"url\":\"https:\/\/www.classicshow.com.br\/site\/wp-content\/uploads\/2015\/09\/logo_cs.jpg\",\"contentUrl\":\"https:\/\/www.classicshow.com.br\/site\/wp-content\/uploads\/2015\/09\/logo_cs.jpg\",\"width\":339,\"height\":150,\"caption\":\"Revista Classic Show, a sua revista de carros antigos\"},\"image\":{\"@id\":\"https:\/\/www.classicshow.com.br\/site\/#\/schema\/logo\/image\/\"}},{\"@type\":\"WebSite\",\"@id\":\"https:\/\/www.classicshow.com.br\/site\/#website\",\"url\":\"https:\/\/www.classicshow.com.br\/site\/\",\"name\":\"Revista Classic Show, a sua revista de carros antigos\",\"description\":\"Fa\u00e7a sua assinatura! Aqui voc\u00ea encontra tudo sobre o universo dos carros antigos: mat\u00e9rias completas, encontros de carros antigos, livros especializados e muito mais!\",\"publisher\":{\"@id\":\"https:\/\/www.classicshow.com.br\/site\/#organization\"},\"potentialAction\":[{\"@type\":\"SearchAction\",\"target\":{\"@type\":\"EntryPoint\",\"urlTemplate\":\"https:\/\/www.classicshow.com.br\/site\/?s={search_term_string}\"},\"query-input\":\"required name=search_term_string\"}],\"inLanguage\":\"pt-BR\"},{\"@type\":\"ImageObject\",\"inLanguage\":\"pt-BR\",\"@id\":\"https:\/\/www.classicshow.com.br\/site\/proximas-edicoes\/#primaryimage\",\"url\":\"http:\/\/www.classicshow.com.br\/site\/wp-content\/uploads\/2016\/08\/calendario_cs.jpg\",\"contentUrl\":\"http:\/\/www.classicshow.com.br\/site\/wp-content\/uploads\/2016\/08\/calendario_cs.jpg\"},{\"@type\":\"WebPage\",\"@id\":\"https:\/\/www.classicshow.com.br\/site\/proximas-edicoes\/\",\"url\":\"https:\/\/www.classicshow.com.br\/site\/proximas-edicoes\/\",\"name\":\"Calend\u00e1rio: pr\u00f3ximas edi\u00e7\u00f5es da Revista Classic Show\",\"isPartOf\":{\"@id\":\"https:\/\/www.classicshow.com.br\/site\/#website\"},\"primaryImageOfPage\":{\"@id\":\"https:\/\/www.classicshow.com.br\/site\/proximas-edicoes\/#primaryimage\"},\"datePublished\":\"2016-08-16T19:21:50+00:00\",\"dateModified\":\"2020-11-17T17:49:02+00:00\",\"description\":\"Confira em nosso calend\u00e1rio editorial as pr\u00f3ximas edi\u00e7\u00f5es da Revista Classic Show a serem lan\u00e7adas. Fique por dentro das novidades!\",\"breadcrumb\":{\"@id\":\"https:\/\/www.classicshow.com.br\/site\/proximas-edicoes\/#breadcrumb\"},\"inLanguage\":\"pt-BR\",\"potentialAction\":[{\"@type\":\"ReadAction\",\"target\":[\"https:\/\/www.classicshow.com.br\/site\/proximas-edicoes\/\"]}]},{\"@type\":\"BreadcrumbList\",\"@id\":\"https:\/\/www.classicshow.com.br\/site\/proximas-edicoes\/#breadcrumb\",\"itemListElement\":[{\"@type\":\"ListItem\",\"position\":1,\"name\":\"In\u00edcio\",\"item\":\"https:\/\/www.classicshow.com.br\/site\/\"},{\"@type\":\"ListItem\",\"position\":2,\"name\":\"Pr\u00f3ximas Edi\u00e7\u00f5es\"}]}]}<\/script>\n<!-- \/ Yoast SEO plugin. -->","yoast_head_json":{"title":"Calend\u00e1rio: pr\u00f3ximas edi\u00e7\u00f5es da Revista Classic Show","description":"Confira em nosso calend\u00e1rio editorial as pr\u00f3ximas edi\u00e7\u00f5es da Revista Classic Show a serem lan\u00e7adas. Fique por dentro das novidades!","robots":{"index":"index","follow":"follow","max-snippet":"max-snippet:-1","max-image-preview":"max-image-preview:large","max-video-preview":"max-video-preview:-1"},"canonical":"https:\/\/www.classicshow.com.br\/site\/proximas-edicoes\/","og_locale":"pt_BR","og_type":"article","og_title":"Calend\u00e1rio: pr\u00f3ximas edi\u00e7\u00f5es da Revista Classic Show","og_description":"Confira em nosso calend\u00e1rio editorial as pr\u00f3ximas edi\u00e7\u00f5es da Revista Classic Show a serem lan\u00e7adas. Fique por dentro das novidades!","og_url":"https:\/\/www.classicshow.com.br\/site\/proximas-edicoes\/","og_site_name":"Revista Classic Show, a sua revista de carros antigos","article_publisher":"https:\/\/www.facebook.com\/classic.show.7","article_modified_time":"2020-11-17T17:49:02+00:00","og_image":[{"url":"http:\/\/www.classicshow.com.br\/site\/wp-content\/uploads\/2016\/08\/calendario_cs.jpg"}],"twitter_card":"summary_large_image","twitter_site":"@revista_cshow","twitter_misc":{"Est. tempo de leitura":"1 minuto"},"schema":{"@context":"https:\/\/schema.org","@graph":[{"@type":"Organization","@id":"https:\/\/www.classicshow.com.br\/site\/#organization","name":"Revista Classic Show, a sua revista de carros antigos","url":"https:\/\/www.classicshow.com.br\/site\/","sameAs":["https:\/\/www.youtube.com\/user\/ClassicShowM","https:\/\/www.facebook.com\/classic.show.7","https:\/\/twitter.com\/revista_cshow"],"logo":{"@type":"ImageObject","inLanguage":"pt-BR","@id":"https:\/\/www.classicshow.com.br\/site\/#\/schema\/logo\/image\/","url":"https:\/\/www.classicshow.com.br\/site\/wp-content\/uploads\/2015\/09\/logo_cs.jpg","contentUrl":"https:\/\/www.classicshow.com.br\/site\/wp-content\/uploads\/2015\/09\/logo_cs.jpg","width":339,"height":150,"caption":"Revista Classic Show, a sua revista de carros antigos"},"image":{"@id":"https:\/\/www.classicshow.com.br\/site\/#\/schema\/logo\/image\/"}},{"@type":"WebSite","@id":"https:\/\/www.classicshow.com.br\/site\/#website","url":"https:\/\/www.classicshow.com.br\/site\/","name":"Revista Classic Show, a sua revista de carros antigos","description":"Fa\u00e7a sua assinatura! Aqui voc\u00ea encontra tudo sobre o universo dos carros antigos: mat\u00e9rias completas, encontros de carros antigos, livros especializados e muito mais!","publisher":{"@id":"https:\/\/www.classicshow.com.br\/site\/#organization"},"potentialAction":[{"@type":"SearchAction","target":{"@type":"EntryPoint","urlTemplate":"https:\/\/www.classicshow.com.br\/site\/?s={search_term_string}"},"query-input":"required name=search_term_string"}],"inLanguage":"pt-BR"},{"@type":"ImageObject","inLanguage":"pt-BR","@id":"https:\/\/www.classicshow.com.br\/site\/proximas-edicoes\/#primaryimage","url":"http:\/\/www.classicshow.com.br\/site\/wp-content\/uploads\/2016\/08\/calendario_cs.jpg","contentUrl":"http:\/\/www.classicshow.com.br\/site\/wp-content\/uploads\/2016\/08\/calendario_cs.jpg"},{"@type":"WebPage","@id":"https:\/\/www.classicshow.com.br\/site\/proximas-edicoes\/","url":"https:\/\/www.classicshow.com.br\/site\/proximas-edicoes\/","name":"Calend\u00e1rio: pr\u00f3ximas edi\u00e7\u00f5es da Revista Classic Show","isPartOf":{"@id":"https:\/\/www.classicshow.com.br\/site\/#website"},"primaryImageOfPage":{"@id":"https:\/\/www.classicshow.com.br\/site\/proximas-edicoes\/#primaryimage"},"datePublished":"2016-08-16T19:21:50+00:00","dateModified":"2020-11-17T17:49:02+00:00","description":"Confira em nosso calend\u00e1rio editorial as pr\u00f3ximas edi\u00e7\u00f5es da Revista Classic Show a serem lan\u00e7adas. Fique por dentro das novidades!","breadcrumb":{"@id":"https:\/\/www.classicshow.com.br\/site\/proximas-edicoes\/#breadcrumb"},"inLanguage":"pt-BR","potentialAction":[{"@type":"ReadAction","target":["https:\/\/www.classicshow.com.br\/site\/proximas-edicoes\/"]}]},{"@type":"BreadcrumbList","@id":"https:\/\/www.classicshow.com.br\/site\/proximas-edicoes\/#breadcrumb","itemListElement":[{"@type":"ListItem","position":1,"name":"In\u00edcio","item":"https:\/\/www.classicshow.com.br\/site\/"},{"@type":"ListItem","position":2,"name":"Pr\u00f3ximas Edi\u00e7\u00f5es"}]}]}},"_links":{"self":[{"href":"https:\/\/www.classicshow.com.br\/site\/wp-json\/wp\/v2\/pages\/7648"}],"collection":[{"href":"https:\/\/www.classicshow.com.br\/site\/wp-json\/wp\/v2\/pages"}],"about":[{"href":"https:\/\/www.classicshow.com.br\/site\/wp-json\/wp\/v2\/types\/page"}],"author":[{"embeddable":true,"href":"https:\/\/www.classicshow.com.br\/site\/wp-json\/wp\/v2\/users\/1"}],"replies":[{"embeddable":true,"href":"https:\/\/www.classicshow.com.br\/site\/wp-json\/wp\/v2\/comments?post=7648"}],"version-history":[{"count":50,"href":"https:\/\/www.classicshow.com.br\/site\/wp-json\/wp\/v2\/pages\/7648\/revisions"}],"predecessor-version":[{"id":18478,"href":"https:\/\/www.classicshow.com.br\/site\/wp-json\/wp\/v2\/pages\/7648\/revisions\/18478"}],"wp:attachment":[{"href":"https:\/\/www.classicshow.com.br\/site\/wp-json\/wp\/v2\/media?parent=7648"}],"curies":[{"name":"wp","href":"https:\/\/api.w.org\/{rel}","templated":true}]}}