{"id":44,"date":"2015-09-23T20:37:05","date_gmt":"2015-09-23T20:37:05","guid":{"rendered":"http:\/\/www.classicshow.com.br\/site\/?page_id=44"},"modified":"2015-09-24T11:51:39","modified_gmt":"2015-09-24T14:51:39","slug":"classificados-carros-antigos-on-line","status":"publish","type":"page","link":"https:\/\/www.classicshow.com.br\/site\/classificados-carros-antigos\/classificados-carros-antigos-on-line\/","title":{"rendered":"Classificados On-line"},"content":{"rendered":"\r\n\r\n<div class=\"adverts-options\">\r\n    <form action=\"\" class=\"adverts-search-form\" method=\"get\">\r\n        \r\n                \r\n                <div class=\"adverts-search\">\r\n                        <div class=\"advert-input advert-input-type-half advert-input-type-half-left\">\r\n                                <input type=\"text\" name=\"query\" id=\"query\" placeholder=\"Palavra ...\"  \/>            <\/div>\r\n                        <div class=\"advert-input advert-input-type-half advert-input-type-half-right\">\r\n                                <input type=\"text\" name=\"location\" id=\"location\" placeholder=\"Localiza\u00e7\u00e3o ...\"  \/>            <\/div>\r\n                    <\/div>\r\n                \r\n            \r\n        <div class=\"adverts-options-left adverts-js\">\r\n                        \r\n                    <\/div>\r\n\r\n        <div class=\"adverts-options-right adverts-js\">\r\n                        <a href=\"#\" class=\"adverts-form-submit adverts-button-small\">PESQUISAR <span class=\"adverts-icon-search\"><span><\/a>\r\n        <\/div>\r\n\r\n        <div class=\"adverts-options-fallback adverts-no-js\">\r\n            <input type=\"submit\" value=\"Filtrar resultados\" \/>\r\n        <\/div>\r\n    <\/form>\r\n<\/div>\r\n\r\n<div class=\"adverts-list adverts-bg-hover\">\r\n                <div class=\"advert-item advert-item-col-4 advert-id-23247\">\r\n\r\n                <div class=\"advert-img\">\r\n                                            <img src=\"https:\/\/www.classicshow.com.br\/site\/wp-content\/uploads\/2025\/04\/01-310x190.jpeg\" class=\"advert-item-grow\" title=\"\" alt=\"\" \/>\r\n                    <\/div>\r\n     \r\n        <div class=\"advert-post-title\">\r\n            <span title=\"NORTON 500 1952\" class=\"advert-link\">\r\n                <span class=\"advert-link-text\">NORTON 500 1952<\/span>\r\n                            <\/span>\r\n            <a href=\"https:\/\/www.classicshow.com.br\/site\/advert\/norton-500-1952\/\" title=\"NORTON 500 1952\" class=\"advert-link-wrap\"><\/a>\r\n        <\/div>\r\n\r\n        <div class=\"advert-published \">\r\n\r\n            <span class=\"advert-date\">23 de abril de 2025<\/span>\r\n\r\n                        \r\n                                    <div class=\"advert-price\">R$115,000.00<\/div>\r\n                    <\/div>\r\n\r\n    <\/div>\r\n            <div class=\"advert-item advert-item-col-4 advert-id-22553\">\r\n\r\n                <div class=\"advert-img\">\r\n                                            <img src=\"https:\/\/www.classicshow.com.br\/site\/wp-content\/uploads\/2024\/02\/WhatsApp-Image-2023-10-18-at-16.38.23-310x190.jpeg\" class=\"advert-item-grow\" title=\"\" alt=\"\" \/>\r\n                    <\/div>\r\n     \r\n        <div class=\"advert-post-title\">\r\n            <span title=\"Mercedes 220 1965\" class=\"advert-link\">\r\n                <span class=\"advert-link-text\">Mercedes 220 1965<\/span>\r\n                            <\/span>\r\n            <a href=\"https:\/\/www.classicshow.com.br\/site\/advert\/mercedes-220-1965\/\" title=\"Mercedes 220 1965\" class=\"advert-link-wrap\"><\/a>\r\n        <\/div>\r\n\r\n        <div class=\"advert-published \">\r\n\r\n            <span class=\"advert-date\">2 de fevereiro de 2024<\/span>\r\n\r\n                        \r\n                                    <div class=\"advert-price\">R$68,000.00<\/div>\r\n                    <\/div>\r\n\r\n    <\/div>\r\n            <div class=\"advert-item advert-item-col-4 advert-id-22395\">\r\n\r\n                <div class=\"advert-img\">\r\n                                            <img src=\"https:\/\/www.classicshow.com.br\/site\/wp-content\/uploads\/2024\/02\/vendido-310x190.jpg\" class=\"advert-item-grow\" title=\"\" alt=\"\" \/>\r\n                    <\/div>\r\n     \r\n        <div class=\"advert-post-title\">\r\n            <span title=\"LHM Phoenix 1987\" class=\"advert-link\">\r\n                <span class=\"advert-link-text\">LHM Phoenix 1987<\/span>\r\n                            <\/span>\r\n            <a href=\"https:\/\/www.classicshow.com.br\/site\/advert\/lhm-phoenix-1987\/\" title=\"LHM Phoenix 1987\" class=\"advert-link-wrap\"><\/a>\r\n        <\/div>\r\n\r\n        <div class=\"advert-published \">\r\n\r\n            <span class=\"advert-date\">17 de novembro de 2023<\/span>\r\n\r\n                        \r\n                                    <div class=\"advert-price\">R$150,000.00<\/div>\r\n                    <\/div>\r\n\r\n    <\/div>\r\n            <div class=\"advert-item advert-item-col-4 advert-id-22391\">\r\n\r\n                <div class=\"advert-img\">\r\n                                            <img src=\"https:\/\/www.classicshow.com.br\/site\/wp-content\/uploads\/2024\/02\/tarja-vendido-310x190.jpg\" class=\"advert-item-grow\" title=\"\" alt=\"\" \/>\r\n                    <\/div>\r\n     \r\n        <div class=\"advert-post-title\">\r\n            <span title=\"Karmann Guia 1965\" class=\"advert-link\">\r\n                <span class=\"advert-link-text\">Karmann Guia 1965<\/span>\r\n                            <\/span>\r\n            <a href=\"https:\/\/www.classicshow.com.br\/site\/advert\/karmann-guia-1965\/\" title=\"Karmann Guia 1965\" class=\"advert-link-wrap\"><\/a>\r\n        <\/div>\r\n\r\n        <div class=\"advert-published \">\r\n\r\n            <span class=\"advert-date\">17 de novembro de 2023<\/span>\r\n\r\n                        \r\n                                    <div class=\"advert-price\">R$120,000.00<\/div>\r\n                    <\/div>\r\n\r\n    <\/div>\r\n            <div class=\"advert-item advert-item-col-4 advert-id-21924\">\r\n\r\n                <div class=\"advert-img\">\r\n                                            <img src=\"https:\/\/www.classicshow.com.br\/site\/wp-content\/uploads\/2023\/08\/Omar-Arte-OFC-310x190.jpg\" class=\"advert-item-grow\" title=\"\" alt=\"\" \/>\r\n                    <\/div>\r\n     \r\n        <div class=\"advert-post-title\">\r\n            <span title=\"Troca de Placa\" class=\"advert-link\">\r\n                <span class=\"advert-link-text\">Troca de Placa<\/span>\r\n                            <\/span>\r\n            <a href=\"https:\/\/www.classicshow.com.br\/site\/advert\/troca-de-placa-2\/\" title=\"Troca de Placa\" class=\"advert-link-wrap\"><\/a>\r\n        <\/div>\r\n\r\n        <div class=\"advert-published \">\r\n\r\n            <span class=\"advert-date\">14 de agosto de 2023<\/span>\r\n\r\n                        \r\n                                <\/div>\r\n\r\n    <\/div>\r\n            <div class=\"advert-item advert-item-col-4 advert-id-21220\">\r\n\r\n                <div class=\"advert-img\">\r\n                                            <img src=\"https:\/\/www.classicshow.com.br\/site\/wp-content\/uploads\/2023\/02\/01-PRONTA-OK-310x190.jpg\" class=\"advert-item-grow\" title=\"\" alt=\"\" \/>\r\n                    <\/div>\r\n     \r\n        <div class=\"advert-post-title\">\r\n            <span title=\"Fa\u00e7o Documentos\" class=\"advert-link\">\r\n                <span class=\"advert-link-text\">Fa\u00e7o Documentos<\/span>\r\n                            <\/span>\r\n            <a href=\"https:\/\/www.classicshow.com.br\/site\/advert\/faco-documentos\/\" title=\"Fa\u00e7o Documentos\" class=\"advert-link-wrap\"><\/a>\r\n        <\/div>\r\n\r\n        <div class=\"advert-published \">\r\n\r\n            <span class=\"advert-date\">17 de fevereiro de 2023<\/span>\r\n\r\n                        \r\n                                <\/div>\r\n\r\n    <\/div>\r\n            <\/div>\r\n\r\n<div class=\"adverts-pagination\">\r\n    <\/div>\r\n\r\n\n","protected":false},"excerpt":{"rendered":"","protected":false},"author":1,"featured_media":0,"parent":30,"menu_order":0,"comment_status":"closed","ping_status":"closed","template":"","meta":{"_links_to":"","_links_to_target":""},"yoast_head":"<!-- This site is optimized with the Yoast SEO plugin v19.3 - https:\/\/yoast.com\/wordpress\/plugins\/seo\/ -->\n<title>Classificados On-line - Revista Classic Show, a sua revista de carros antigos<\/title>\n<meta name=\"robots\" content=\"index, follow, max-snippet:-1, max-image-preview:large, max-video-preview:-1\" \/>\n<link rel=\"canonical\" href=\"https:\/\/www.classicshow.com.br\/site\/classificados-carros-antigos\/classificados-carros-antigos-on-line\/\" \/>\n<meta property=\"og:locale\" content=\"pt_BR\" \/>\n<meta property=\"og:type\" content=\"article\" \/>\n<meta property=\"og:title\" content=\"Classificados On-line - Revista Classic Show, a sua revista de carros antigos\" \/>\n<meta property=\"og:url\" content=\"https:\/\/www.classicshow.com.br\/site\/classificados-carros-antigos\/classificados-carros-antigos-on-line\/\" \/>\n<meta property=\"og:site_name\" content=\"Revista Classic Show, a sua revista de carros antigos\" \/>\n<meta property=\"article:publisher\" content=\"https:\/\/www.facebook.com\/classic.show.7\" \/>\n<meta property=\"article:modified_time\" content=\"2015-09-24T14:51:39+00:00\" \/>\n<meta name=\"twitter:card\" content=\"summary_large_image\" \/>\n<meta name=\"twitter:site\" content=\"@revista_cshow\" \/>\n<script type=\"application\/ld+json\" class=\"yoast-schema-graph\">{\"@context\":\"https:\/\/schema.org\",\"@graph\":[{\"@type\":\"Organization\",\"@id\":\"https:\/\/www.classicshow.com.br\/site\/#organization\",\"name\":\"Revista Classic Show, a sua revista de carros antigos\",\"url\":\"https:\/\/www.classicshow.com.br\/site\/\",\"sameAs\":[\"https:\/\/www.youtube.com\/user\/ClassicShowM\",\"https:\/\/www.facebook.com\/classic.show.7\",\"https:\/\/twitter.com\/revista_cshow\"],\"logo\":{\"@type\":\"ImageObject\",\"inLanguage\":\"pt-BR\",\"@id\":\"https:\/\/www.classicshow.com.br\/site\/#\/schema\/logo\/image\/\",\"url\":\"https:\/\/www.classicshow.com.br\/site\/wp-content\/uploads\/2015\/09\/logo_cs.jpg\",\"contentUrl\":\"https:\/\/www.classicshow.com.br\/site\/wp-content\/uploads\/2015\/09\/logo_cs.jpg\",\"width\":339,\"height\":150,\"caption\":\"Revista Classic Show, a sua revista de carros antigos\"},\"image\":{\"@id\":\"https:\/\/www.classicshow.com.br\/site\/#\/schema\/logo\/image\/\"}},{\"@type\":\"WebSite\",\"@id\":\"https:\/\/www.classicshow.com.br\/site\/#website\",\"url\":\"https:\/\/www.classicshow.com.br\/site\/\",\"name\":\"Revista Classic Show, a sua revista de carros antigos\",\"description\":\"Fa\u00e7a sua assinatura! Aqui voc\u00ea encontra tudo sobre o universo dos carros antigos: mat\u00e9rias completas, encontros de carros antigos, livros especializados e muito mais!\",\"publisher\":{\"@id\":\"https:\/\/www.classicshow.com.br\/site\/#organization\"},\"potentialAction\":[{\"@type\":\"SearchAction\",\"target\":{\"@type\":\"EntryPoint\",\"urlTemplate\":\"https:\/\/www.classicshow.com.br\/site\/?s={search_term_string}\"},\"query-input\":\"required name=search_term_string\"}],\"inLanguage\":\"pt-BR\"},{\"@type\":\"WebPage\",\"@id\":\"https:\/\/www.classicshow.com.br\/site\/classificados-carros-antigos\/classificados-carros-antigos-on-line\/\",\"url\":\"https:\/\/www.classicshow.com.br\/site\/classificados-carros-antigos\/classificados-carros-antigos-on-line\/\",\"name\":\"Classificados On-line - Revista Classic Show, a sua revista de carros antigos\",\"isPartOf\":{\"@id\":\"https:\/\/www.classicshow.com.br\/site\/#website\"},\"datePublished\":\"2015-09-23T20:37:05+00:00\",\"dateModified\":\"2015-09-24T14:51:39+00:00\",\"breadcrumb\":{\"@id\":\"https:\/\/www.classicshow.com.br\/site\/classificados-carros-antigos\/classificados-carros-antigos-on-line\/#breadcrumb\"},\"inLanguage\":\"pt-BR\",\"potentialAction\":[{\"@type\":\"ReadAction\",\"target\":[\"https:\/\/www.classicshow.com.br\/site\/classificados-carros-antigos\/classificados-carros-antigos-on-line\/\"]}]},{\"@type\":\"BreadcrumbList\",\"@id\":\"https:\/\/www.classicshow.com.br\/site\/classificados-carros-antigos\/classificados-carros-antigos-on-line\/#breadcrumb\",\"itemListElement\":[{\"@type\":\"ListItem\",\"position\":1,\"name\":\"In\u00edcio\",\"item\":\"https:\/\/www.classicshow.com.br\/site\/\"},{\"@type\":\"ListItem\",\"position\":2,\"name\":\"Classificados\",\"item\":\"https:\/\/www.classicshow.com.br\/site\/classificados-carros-antigos\/\"},{\"@type\":\"ListItem\",\"position\":3,\"name\":\"Classificados On-line\"}]}]}<\/script>\n<!-- \/ Yoast SEO plugin. -->","yoast_head_json":{"title":"Classificados On-line - Revista Classic Show, a sua revista de carros antigos","robots":{"index":"index","follow":"follow","max-snippet":"max-snippet:-1","max-image-preview":"max-image-preview:large","max-video-preview":"max-video-preview:-1"},"canonical":"https:\/\/www.classicshow.com.br\/site\/classificados-carros-antigos\/classificados-carros-antigos-on-line\/","og_locale":"pt_BR","og_type":"article","og_title":"Classificados On-line - Revista Classic Show, a sua revista de carros antigos","og_url":"https:\/\/www.classicshow.com.br\/site\/classificados-carros-antigos\/classificados-carros-antigos-on-line\/","og_site_name":"Revista Classic Show, a sua revista de carros antigos","article_publisher":"https:\/\/www.facebook.com\/classic.show.7","article_modified_time":"2015-09-24T14:51:39+00:00","twitter_card":"summary_large_image","twitter_site":"@revista_cshow","schema":{"@context":"https:\/\/schema.org","@graph":[{"@type":"Organization","@id":"https:\/\/www.classicshow.com.br\/site\/#organization","name":"Revista Classic Show, a sua revista de carros antigos","url":"https:\/\/www.classicshow.com.br\/site\/","sameAs":["https:\/\/www.youtube.com\/user\/ClassicShowM","https:\/\/www.facebook.com\/classic.show.7","https:\/\/twitter.com\/revista_cshow"],"logo":{"@type":"ImageObject","inLanguage":"pt-BR","@id":"https:\/\/www.classicshow.com.br\/site\/#\/schema\/logo\/image\/","url":"https:\/\/www.classicshow.com.br\/site\/wp-content\/uploads\/2015\/09\/logo_cs.jpg","contentUrl":"https:\/\/www.classicshow.com.br\/site\/wp-content\/uploads\/2015\/09\/logo_cs.jpg","width":339,"height":150,"caption":"Revista Classic Show, a sua revista de carros antigos"},"image":{"@id":"https:\/\/www.classicshow.com.br\/site\/#\/schema\/logo\/image\/"}},{"@type":"WebSite","@id":"https:\/\/www.classicshow.com.br\/site\/#website","url":"https:\/\/www.classicshow.com.br\/site\/","name":"Revista Classic Show, a sua revista de carros antigos","description":"Fa\u00e7a sua assinatura! Aqui voc\u00ea encontra tudo sobre o universo dos carros antigos: mat\u00e9rias completas, encontros de carros antigos, livros especializados e muito mais!","publisher":{"@id":"https:\/\/www.classicshow.com.br\/site\/#organization"},"potentialAction":[{"@type":"SearchAction","target":{"@type":"EntryPoint","urlTemplate":"https:\/\/www.classicshow.com.br\/site\/?s={search_term_string}"},"query-input":"required name=search_term_string"}],"inLanguage":"pt-BR"},{"@type":"WebPage","@id":"https:\/\/www.classicshow.com.br\/site\/classificados-carros-antigos\/classificados-carros-antigos-on-line\/","url":"https:\/\/www.classicshow.com.br\/site\/classificados-carros-antigos\/classificados-carros-antigos-on-line\/","name":"Classificados On-line - Revista Classic Show, a sua revista de carros antigos","isPartOf":{"@id":"https:\/\/www.classicshow.com.br\/site\/#website"},"datePublished":"2015-09-23T20:37:05+00:00","dateModified":"2015-09-24T14:51:39+00:00","breadcrumb":{"@id":"https:\/\/www.classicshow.com.br\/site\/classificados-carros-antigos\/classificados-carros-antigos-on-line\/#breadcrumb"},"inLanguage":"pt-BR","potentialAction":[{"@type":"ReadAction","target":["https:\/\/www.classicshow.com.br\/site\/classificados-carros-antigos\/classificados-carros-antigos-on-line\/"]}]},{"@type":"BreadcrumbList","@id":"https:\/\/www.classicshow.com.br\/site\/classificados-carros-antigos\/classificados-carros-antigos-on-line\/#breadcrumb","itemListElement":[{"@type":"ListItem","position":1,"name":"In\u00edcio","item":"https:\/\/www.classicshow.com.br\/site\/"},{"@type":"ListItem","position":2,"name":"Classificados","item":"https:\/\/www.classicshow.com.br\/site\/classificados-carros-antigos\/"},{"@type":"ListItem","position":3,"name":"Classificados On-line"}]}]}},"_links":{"self":[{"href":"https:\/\/www.classicshow.com.br\/site\/wp-json\/wp\/v2\/pages\/44"}],"collection":[{"href":"https:\/\/www.classicshow.com.br\/site\/wp-json\/wp\/v2\/pages"}],"about":[{"href":"https:\/\/www.classicshow.com.br\/site\/wp-json\/wp\/v2\/types\/page"}],"author":[{"embeddable":true,"href":"https:\/\/www.classicshow.com.br\/site\/wp-json\/wp\/v2\/users\/1"}],"replies":[{"embeddable":true,"href":"https:\/\/www.classicshow.com.br\/site\/wp-json\/wp\/v2\/comments?post=44"}],"version-history":[{"count":2,"href":"https:\/\/www.classicshow.com.br\/site\/wp-json\/wp\/v2\/pages\/44\/revisions"}],"predecessor-version":[{"id":83,"href":"https:\/\/www.classicshow.com.br\/site\/wp-json\/wp\/v2\/pages\/44\/revisions\/83"}],"up":[{"embeddable":true,"href":"https:\/\/www.classicshow.com.br\/site\/wp-json\/wp\/v2\/pages\/30"}],"wp:attachment":[{"href":"https:\/\/www.classicshow.com.br\/site\/wp-json\/wp\/v2\/media?parent=44"}],"curies":[{"name":"wp","href":"https:\/\/api.w.org\/{rel}","templated":true}]}}