{"id":34,"date":"2015-09-23T20:20:16","date_gmt":"2015-09-23T20:20:16","guid":{"rendered":"http:\/\/www.classicshow.com.br\/site\/?page_id=34"},"modified":"2021-03-25T10:54:25","modified_gmt":"2021-03-25T13:54:25","slug":"contato","status":"publish","type":"page","link":"https:\/\/www.classicshow.com.br\/site\/contato\/","title":{"rendered":"Contato"},"content":{"rendered":"<p style=\"text-align: justify;\">Utilize o formul\u00e1rio abaixo para entrar em contato, ou ligue agora mesmo para o n\u00famero: <strong>+55<\/strong>\u00a0<strong>(55) 3332-2900<\/strong>. Atendimento de segunda a sexta-feira, das 08h \u00e0s 12h, e das 14h \u00e0s 18h (exceto feriados).<\/p>\n<p style=\"text-align: center;\"><strong><span style=\"color: #993300;\">Fone:<\/span> (55) 3332-2900<\/strong><\/p>\n<p style=\"text-align: center;\"><span style=\"color: #993300;\"><strong>WhatsApp:<\/strong><\/span>\u00a0<strong>(55) 9-9148-9339<\/strong><\/p>\n<p style=\"text-align: center;\"><span class=\"mom_button_wrap\" style=\"display:block; text-align:center;\"><a class=\"button mom_button green_bt bigger_bt \" href=\"https:\/\/api.whatsapp.com\/send?phone=5555991489339&amp;text=Ol%C3%A1,%20Classic%20Show!\" target=\"_blank\"  style=\"font-family:;display:block; margin-right:0;margin-right:0;\" data-bg=\"\" data-hoverbg=\"\" data-text=\"\" data-texthover=\"\">INICIAR CONVERSA NO WHATSAPP<\/a><\/span><\/p>\n<p style=\"text-align: center;\"><strong><span style=\"color: #993300;\">E-mail:<\/span> <a href=\"mailto:assinatura@classicshow.com.br\">assinatura@classicshow.com.br<\/a><\/strong><\/p>\n<div class=\"mom_hr\" style=\"\"><span class=\"mom_inner_hr\"><\/span><\/div>\n<p><strong>Grupo WhatsApp<\/strong><\/p>\n<p>Deseja participar do grupo da Revista Classic Show no WhatsApp?<\/p>\n<span class=\"mom_button_wrap\" ><a class=\"button mom_button green_bt bigger_bt \" href=\"https:\/\/chat.whatsapp.com\/53LFYBPwvsUGhep7hFUTPU\" target=\"_blank\"  style=\"font-family:;\" data-bg=\"\" data-hoverbg=\"\" data-text=\"\" data-texthover=\"\">Clique Aqui<\/a><\/span>\n<div class=\"mom_hr\" style=\"\"><span class=\"mom_inner_hr\"><\/span><\/div>\n<p style=\"text-align: justify;\"><strong>Nosso endere\u00e7o<br \/>\n<\/strong><\/p>\n<p style=\"text-align: justify;\">Rua Paran\u00e1, n\u00ba 1172, Bairro Sol Nascente &#8211; Iju\u00ed\/RS &#8211; CEP: 98700-000<\/p>\n<div class=\"clear-float\" style=\"\r\n    width:100%;\r\n    margin:0px auto;\">\r\n    <\/div>\r\n<div class=\"huge_it_google_map_container\">\r\n    <div id=\"huge_it_google_map_7428\" data-map_id=\"2\"\r\n         class=\"huge_it_google_map\" style=\"\r\n    position:relative !important;\r\n    height:450px;\r\n    width:100%;\r\n    border-radius:0px;\r\n    margin:0px auto;\"\r\n         data-name=\"Classic Show\"\r\n         data-type=\"ROADMAP\"\r\n         data-zoom=\"15\"\r\n         data-min-zoom=\"0\"\r\n         data-max-zoom=\"22\"\r\n         data-locator-enabled=\"0\"\r\n         data-img-url        =\"https:\/\/www.classicshow.com.br\/site\/wp-content\/plugins\/google-maps\/assets\/images\/\"\r\n         data-border-radius=\"0\"\r\n         data-center-lat=\"-28.3924172\"\r\n         data-center-lng=\"-53.898224\"\r\n         data-pan-controller=\"1\"\r\n         data-zoom-controller=\"1\"\r\n         data-type-controller=\"1\"\r\n         data-scale-controller=\"1\"\r\n         data-street-view-controller=\"1\"\r\n         data-overview-map-controller=\"1\"\r\n         data-width=\"100\"\r\n         data-height=\"450\"\r\n         data-align=\"center\"\r\n         data-info-type=\"click\"\r\n         data-open-infowindows-onload=\"0\"\r\n         data-animation=\"none\"\r\n         data-language=\"location based\"\r\n         data-draggable=\"0\"\r\n         data-wheel-scroll=\"0\"\r\n         data-traffic-layer=\"0\"\r\n         data-bike-layer=\"0\"\r\n         data-transit-layer=\"0\"\r\n         data-styling-hue=\"\"\r\n         data-styling-lightness=\"0\"\r\n         data-styling-gamma=\"1\"\r\n         data-styling-saturation=\"0\"><\/div>\r\n<\/div>\r\n\n<div class=\"mom_hr\" style=\"\"><span class=\"mom_inner_hr\"><\/span><\/div>\n<h2 style=\"text-align: justify;\">Formul\u00e1rio para Contato<\/h2>\n<div role=\"form\" class=\"wpcf7\" id=\"wpcf7-f48-o1\" lang=\"pt-BR\" dir=\"ltr\">\n<div class=\"screen-reader-response\"><p role=\"status\" aria-live=\"polite\" aria-atomic=\"true\"><\/p> <ul><\/ul><\/div>\n<form action=\"\/site\/wp-json\/wp\/v2\/pages\/34#wpcf7-f48-o1\" method=\"post\" class=\"wpcf7-form init\" novalidate=\"novalidate\" data-status=\"init\">\n<div style=\"display: none;\">\n<input type=\"hidden\" name=\"_wpcf7\" value=\"48\" \/>\n<input type=\"hidden\" name=\"_wpcf7_version\" value=\"5.6\" \/>\n<input type=\"hidden\" name=\"_wpcf7_locale\" value=\"pt_BR\" \/>\n<input type=\"hidden\" name=\"_wpcf7_unit_tag\" value=\"wpcf7-f48-o1\" \/>\n<input type=\"hidden\" name=\"_wpcf7_container_post\" value=\"0\" \/>\n<input type=\"hidden\" name=\"_wpcf7_posted_data_hash\" value=\"\" \/>\n<input type=\"hidden\" name=\"_wpcf7_recaptcha_response\" value=\"\" \/>\n<\/div>\n<p>Seu nome (obrigat\u00f3rio)<br \/>\n    <span class=\"wpcf7-form-control-wrap\" data-name=\"your-name\"><input type=\"text\" name=\"your-name\" value=\"\" size=\"40\" class=\"wpcf7-form-control wpcf7-text wpcf7-validates-as-required\" aria-required=\"true\" aria-invalid=\"false\" \/><\/span> <\/p>\n<p>Seu e-mail (obrigat\u00f3rio)<br \/>\n    <span class=\"wpcf7-form-control-wrap\" data-name=\"your-email\"><input type=\"email\" name=\"your-email\" value=\"\" size=\"40\" class=\"wpcf7-form-control wpcf7-text wpcf7-email wpcf7-validates-as-required wpcf7-validates-as-email\" aria-required=\"true\" aria-invalid=\"false\" \/><\/span> <\/p>\n<p>Telefone (obrigat\u00f3rio)<br \/>\n    <span class=\"wpcf7-form-control-wrap\" data-name=\"your-phone\"><input type=\"text\" name=\"your-phone\" value=\"\" size=\"40\" class=\"wpcf7-form-control wpcf7-text wpcf7-validates-as-required\" aria-required=\"true\" aria-invalid=\"false\" \/><\/span> <\/p>\n<p>Assunto<br \/>\n    <span class=\"wpcf7-form-control-wrap\" data-name=\"your-subject\"><input type=\"text\" name=\"your-subject\" value=\"\" size=\"40\" class=\"wpcf7-form-control wpcf7-text\" aria-invalid=\"false\" \/><\/span> <\/p>\n<p>Sua mensagem<br \/>\n    <span class=\"wpcf7-form-control-wrap\" data-name=\"your-message\"><textarea name=\"your-message\" cols=\"40\" rows=\"10\" class=\"wpcf7-form-control wpcf7-textarea\" aria-invalid=\"false\"><\/textarea><\/span> <\/p>\n\n<p><\/p>\n<p><input type=\"submit\" value=\"Enviar\" class=\"wpcf7-form-control has-spinner wpcf7-submit\" \/><\/p>\n<div class=\"wpcf7-response-output\" aria-hidden=\"true\"><\/div><\/form><\/div>\n","protected":false},"excerpt":{"rendered":"<p>Utilize o formul\u00e1rio abaixo para entrar em contato, ou ligue agora mesmo para o n\u00famero: +55\u00a0(55) 3332-2900. Atendimento de segunda a sexta-feira, das 08h \u00e0s 12h, e das 14h \u00e0s 18h (exceto feriados). Fone: (55) 3332-2900 WhatsApp:\u00a0(55) 9-9148-9339 E-mail: assinatura@classicshow.com.br Grupo WhatsApp Deseja participar do grupo da Revista Classic Show no WhatsApp? Nosso endere\u00e7o Rua [&hellip;]<\/p>\n","protected":false},"author":1,"featured_media":0,"parent":0,"menu_order":0,"comment_status":"closed","ping_status":"closed","template":"","meta":{"_links_to":"","_links_to_target":""},"yoast_head":"<!-- This site is optimized with the Yoast SEO plugin v19.3 - https:\/\/yoast.com\/wordpress\/plugins\/seo\/ -->\n<title>Contato - Revista Classic Show, a sua revista de carros antigos<\/title>\n<meta name=\"robots\" content=\"index, follow, max-snippet:-1, max-image-preview:large, max-video-preview:-1\" \/>\n<link rel=\"canonical\" href=\"https:\/\/www.classicshow.com.br\/site\/contato\/\" \/>\n<meta property=\"og:locale\" content=\"pt_BR\" \/>\n<meta property=\"og:type\" content=\"article\" \/>\n<meta property=\"og:title\" content=\"Contato - Revista Classic Show, a sua revista de carros antigos\" \/>\n<meta property=\"og:description\" content=\"Utilize o formul\u00e1rio abaixo para entrar em contato, ou ligue agora mesmo para o n\u00famero: +55\u00a0(55) 3332-2900. Atendimento de segunda a sexta-feira, das 08h \u00e0s 12h, e das 14h \u00e0s 18h (exceto feriados). Fone: (55) 3332-2900 WhatsApp:\u00a0(55) 9-9148-9339 E-mail: assinatura@classicshow.com.br Grupo WhatsApp Deseja participar do grupo da Revista Classic Show no WhatsApp? Nosso endere\u00e7o Rua [&hellip;]\" \/>\n<meta property=\"og:url\" content=\"https:\/\/www.classicshow.com.br\/site\/contato\/\" \/>\n<meta property=\"og:site_name\" content=\"Revista Classic Show, a sua revista de carros antigos\" \/>\n<meta property=\"article:publisher\" content=\"https:\/\/www.facebook.com\/classic.show.7\" \/>\n<meta property=\"article:modified_time\" content=\"2021-03-25T13:54:25+00:00\" \/>\n<meta name=\"twitter:card\" content=\"summary_large_image\" \/>\n<meta name=\"twitter:site\" content=\"@revista_cshow\" \/>\n<meta name=\"twitter:label1\" content=\"Est. tempo de leitura\" \/>\n\t<meta name=\"twitter:data1\" content=\"1 minuto\" \/>\n<script type=\"application\/ld+json\" class=\"yoast-schema-graph\">{\"@context\":\"https:\/\/schema.org\",\"@graph\":[{\"@type\":\"Organization\",\"@id\":\"https:\/\/www.classicshow.com.br\/site\/#organization\",\"name\":\"Revista Classic Show, a sua revista de carros antigos\",\"url\":\"https:\/\/www.classicshow.com.br\/site\/\",\"sameAs\":[\"https:\/\/www.youtube.com\/user\/ClassicShowM\",\"https:\/\/www.facebook.com\/classic.show.7\",\"https:\/\/twitter.com\/revista_cshow\"],\"logo\":{\"@type\":\"ImageObject\",\"inLanguage\":\"pt-BR\",\"@id\":\"https:\/\/www.classicshow.com.br\/site\/#\/schema\/logo\/image\/\",\"url\":\"https:\/\/www.classicshow.com.br\/site\/wp-content\/uploads\/2015\/09\/logo_cs.jpg\",\"contentUrl\":\"https:\/\/www.classicshow.com.br\/site\/wp-content\/uploads\/2015\/09\/logo_cs.jpg\",\"width\":339,\"height\":150,\"caption\":\"Revista Classic Show, a sua revista de carros antigos\"},\"image\":{\"@id\":\"https:\/\/www.classicshow.com.br\/site\/#\/schema\/logo\/image\/\"}},{\"@type\":\"WebSite\",\"@id\":\"https:\/\/www.classicshow.com.br\/site\/#website\",\"url\":\"https:\/\/www.classicshow.com.br\/site\/\",\"name\":\"Revista Classic Show, a sua revista de carros antigos\",\"description\":\"Fa\u00e7a sua assinatura! Aqui voc\u00ea encontra tudo sobre o universo dos carros antigos: mat\u00e9rias completas, encontros de carros antigos, livros especializados e muito mais!\",\"publisher\":{\"@id\":\"https:\/\/www.classicshow.com.br\/site\/#organization\"},\"potentialAction\":[{\"@type\":\"SearchAction\",\"target\":{\"@type\":\"EntryPoint\",\"urlTemplate\":\"https:\/\/www.classicshow.com.br\/site\/?s={search_term_string}\"},\"query-input\":\"required name=search_term_string\"}],\"inLanguage\":\"pt-BR\"},{\"@type\":\"WebPage\",\"@id\":\"https:\/\/www.classicshow.com.br\/site\/contato\/\",\"url\":\"https:\/\/www.classicshow.com.br\/site\/contato\/\",\"name\":\"Contato - Revista Classic Show, a sua revista de carros antigos\",\"isPartOf\":{\"@id\":\"https:\/\/www.classicshow.com.br\/site\/#website\"},\"datePublished\":\"2015-09-23T20:20:16+00:00\",\"dateModified\":\"2021-03-25T13:54:25+00:00\",\"breadcrumb\":{\"@id\":\"https:\/\/www.classicshow.com.br\/site\/contato\/#breadcrumb\"},\"inLanguage\":\"pt-BR\",\"potentialAction\":[{\"@type\":\"ReadAction\",\"target\":[\"https:\/\/www.classicshow.com.br\/site\/contato\/\"]}]},{\"@type\":\"BreadcrumbList\",\"@id\":\"https:\/\/www.classicshow.com.br\/site\/contato\/#breadcrumb\",\"itemListElement\":[{\"@type\":\"ListItem\",\"position\":1,\"name\":\"In\u00edcio\",\"item\":\"https:\/\/www.classicshow.com.br\/site\/\"},{\"@type\":\"ListItem\",\"position\":2,\"name\":\"Contato\"}]}]}<\/script>\n<!-- \/ Yoast SEO plugin. -->","yoast_head_json":{"title":"Contato - Revista Classic Show, a sua revista de carros antigos","robots":{"index":"index","follow":"follow","max-snippet":"max-snippet:-1","max-image-preview":"max-image-preview:large","max-video-preview":"max-video-preview:-1"},"canonical":"https:\/\/www.classicshow.com.br\/site\/contato\/","og_locale":"pt_BR","og_type":"article","og_title":"Contato - Revista Classic Show, a sua revista de carros antigos","og_description":"Utilize o formul\u00e1rio abaixo para entrar em contato, ou ligue agora mesmo para o n\u00famero: +55\u00a0(55) 3332-2900. Atendimento de segunda a sexta-feira, das 08h \u00e0s 12h, e das 14h \u00e0s 18h (exceto feriados). Fone: (55) 3332-2900 WhatsApp:\u00a0(55) 9-9148-9339 E-mail: assinatura@classicshow.com.br Grupo WhatsApp Deseja participar do grupo da Revista Classic Show no WhatsApp? Nosso endere\u00e7o Rua [&hellip;]","og_url":"https:\/\/www.classicshow.com.br\/site\/contato\/","og_site_name":"Revista Classic Show, a sua revista de carros antigos","article_publisher":"https:\/\/www.facebook.com\/classic.show.7","article_modified_time":"2021-03-25T13:54:25+00:00","twitter_card":"summary_large_image","twitter_site":"@revista_cshow","twitter_misc":{"Est. tempo de leitura":"1 minuto"},"schema":{"@context":"https:\/\/schema.org","@graph":[{"@type":"Organization","@id":"https:\/\/www.classicshow.com.br\/site\/#organization","name":"Revista Classic Show, a sua revista de carros antigos","url":"https:\/\/www.classicshow.com.br\/site\/","sameAs":["https:\/\/www.youtube.com\/user\/ClassicShowM","https:\/\/www.facebook.com\/classic.show.7","https:\/\/twitter.com\/revista_cshow"],"logo":{"@type":"ImageObject","inLanguage":"pt-BR","@id":"https:\/\/www.classicshow.com.br\/site\/#\/schema\/logo\/image\/","url":"https:\/\/www.classicshow.com.br\/site\/wp-content\/uploads\/2015\/09\/logo_cs.jpg","contentUrl":"https:\/\/www.classicshow.com.br\/site\/wp-content\/uploads\/2015\/09\/logo_cs.jpg","width":339,"height":150,"caption":"Revista Classic Show, a sua revista de carros antigos"},"image":{"@id":"https:\/\/www.classicshow.com.br\/site\/#\/schema\/logo\/image\/"}},{"@type":"WebSite","@id":"https:\/\/www.classicshow.com.br\/site\/#website","url":"https:\/\/www.classicshow.com.br\/site\/","name":"Revista Classic Show, a sua revista de carros antigos","description":"Fa\u00e7a sua assinatura! Aqui voc\u00ea encontra tudo sobre o universo dos carros antigos: mat\u00e9rias completas, encontros de carros antigos, livros especializados e muito mais!","publisher":{"@id":"https:\/\/www.classicshow.com.br\/site\/#organization"},"potentialAction":[{"@type":"SearchAction","target":{"@type":"EntryPoint","urlTemplate":"https:\/\/www.classicshow.com.br\/site\/?s={search_term_string}"},"query-input":"required name=search_term_string"}],"inLanguage":"pt-BR"},{"@type":"WebPage","@id":"https:\/\/www.classicshow.com.br\/site\/contato\/","url":"https:\/\/www.classicshow.com.br\/site\/contato\/","name":"Contato - Revista Classic Show, a sua revista de carros antigos","isPartOf":{"@id":"https:\/\/www.classicshow.com.br\/site\/#website"},"datePublished":"2015-09-23T20:20:16+00:00","dateModified":"2021-03-25T13:54:25+00:00","breadcrumb":{"@id":"https:\/\/www.classicshow.com.br\/site\/contato\/#breadcrumb"},"inLanguage":"pt-BR","potentialAction":[{"@type":"ReadAction","target":["https:\/\/www.classicshow.com.br\/site\/contato\/"]}]},{"@type":"BreadcrumbList","@id":"https:\/\/www.classicshow.com.br\/site\/contato\/#breadcrumb","itemListElement":[{"@type":"ListItem","position":1,"name":"In\u00edcio","item":"https:\/\/www.classicshow.com.br\/site\/"},{"@type":"ListItem","position":2,"name":"Contato"}]}]}},"_links":{"self":[{"href":"https:\/\/www.classicshow.com.br\/site\/wp-json\/wp\/v2\/pages\/34"}],"collection":[{"href":"https:\/\/www.classicshow.com.br\/site\/wp-json\/wp\/v2\/pages"}],"about":[{"href":"https:\/\/www.classicshow.com.br\/site\/wp-json\/wp\/v2\/types\/page"}],"author":[{"embeddable":true,"href":"https:\/\/www.classicshow.com.br\/site\/wp-json\/wp\/v2\/users\/1"}],"replies":[{"embeddable":true,"href":"https:\/\/www.classicshow.com.br\/site\/wp-json\/wp\/v2\/comments?post=34"}],"version-history":[{"count":20,"href":"https:\/\/www.classicshow.com.br\/site\/wp-json\/wp\/v2\/pages\/34\/revisions"}],"predecessor-version":[{"id":8334,"href":"https:\/\/www.classicshow.com.br\/site\/wp-json\/wp\/v2\/pages\/34\/revisions\/8334"}],"wp:attachment":[{"href":"https:\/\/www.classicshow.com.br\/site\/wp-json\/wp\/v2\/media?parent=34"}],"curies":[{"name":"wp","href":"https:\/\/api.w.org\/{rel}","templated":true}]}}