{"id":32,"date":"2015-09-23T20:19:40","date_gmt":"2015-09-23T20:19:40","guid":{"rendered":"http:\/\/www.classicshow.com.br\/site\/?page_id=32"},"modified":"2022-09-28T14:38:00","modified_gmt":"2022-09-28T17:38:00","slug":"anuncie-revista-carros-antigos","status":"publish","type":"page","link":"https:\/\/www.classicshow.com.br\/site\/anuncie-revista-carros-antigos\/","title":{"rendered":"An\u00fancios"},"content":{"rendered":"<p><img loading=\"lazy\" class=\"aligncenter size-full wp-image-9019\" src=\"http:\/\/www.classicshow.com.br\/site\/wp-content\/uploads\/2015\/09\/anuncios-novo.jpg\" alt=\"\" width=\"800\" height=\"445\" srcset=\"https:\/\/www.classicshow.com.br\/site\/wp-content\/uploads\/2015\/09\/anuncios-novo.jpg 800w, https:\/\/www.classicshow.com.br\/site\/wp-content\/uploads\/2015\/09\/anuncios-novo-300x167.jpg 300w, https:\/\/www.classicshow.com.br\/site\/wp-content\/uploads\/2015\/09\/anuncios-novo-768x427.jpg 768w\" sizes=\"(max-width: 800px) 100vw, 800px\" \/><\/p>\n<h4 style=\"text-align: center;\">Divulgue seu neg\u00f3cio atrav\u00e9s de <strong>AN\u00daNCIOS COMERCIAIS<\/strong> na Revista Classic Show, a maior e melhor revista de carros antigos do Brasil!<\/h4>\n<p style=\"text-align: center;\"><span style=\"color: #ff0000;\"><strong>RESERVE J\u00c1 O SEU ESPA\u00c7O DE AN\u00daNCIO! <\/strong><em><br \/>\nSolicite or\u00e7amento sem compromisso!!!<\/em><\/span><\/p>\n<p style=\"text-align: justify;\"><span style=\"font-size: 14pt;\"><strong>Mais de 700<\/strong> <strong>empresas<\/strong><\/span>, no ramo dos <strong>carros antigos<\/strong>\u00a0e outros, j\u00e1 anunciaram na <strong>Revista Classic Show<\/strong>, para divulgarem suas marcas, produtos ou servi\u00e7os, nesses <strong>22 anos<\/strong> de nossa exist\u00eancia. Somos hoje, considerados por nossos assinantes, leitores e parceiros, a maior e melhor revista de carros antigos do Brasil!<\/p>\n<p style=\"text-align: center;\"><span style=\"font-size: 16pt;\"><span style=\"color: #993300;\"><strong><br \/>\n. Periodicidade:<\/strong><\/span> bimestral (uma edi\u00e7\u00e3o a cada dois meses)<br \/>\n<\/span><\/p>\n<p style=\"text-align: center;\"><span style=\"font-size: 16pt;\"><span style=\"color: #993300;\"><strong>. Tiragem:<\/strong><\/span> 10.000 exemplares<\/span><\/p>\n<p style=\"text-align: center;\"><span style=\"font-size: 16pt;\"><span style=\"color: #993300;\"><strong>. Impress\u00e3o:<\/strong><\/span> Gr\u00e1fica Kunde<br \/>\n<\/span><\/p>\n<p style=\"text-align: center;\"><span style=\"font-size: 16pt;\"><span style=\"color: #993300;\"><strong>. Distribui\u00e7\u00e3o Nacional:<\/strong><\/span> Rac M\u00eddia<\/span><\/p>\n<p><img loading=\"lazy\" class=\"wp-image-11206 size-full aligncenter\" src=\"http:\/\/www.classicshow.com.br\/site\/wp-content\/uploads\/2018\/01\/perfil-formato.jpg\" alt=\"\" width=\"400\" height=\"363\" srcset=\"https:\/\/www.classicshow.com.br\/site\/wp-content\/uploads\/2018\/01\/perfil-formato.jpg 400w, https:\/\/www.classicshow.com.br\/site\/wp-content\/uploads\/2018\/01\/perfil-formato-300x272.jpg 300w\" sizes=\"(max-width: 400px) 100vw, 400px\" \/><\/p>\n<p><strong>D\u00favidas ou precisa de mais informa\u00e7\u00f5es?<\/strong> Entre em contato com nosso Departamento Comercial e solicite nosso <strong>Media-Kit<\/strong>. Responderemos em breve!<\/p>\n<p>Whats-app (55) 99148-9339<\/p>\n<h3 style=\"text-align: justify;\">Formul\u00e1rio de Contato<\/h3>\n<p style=\"text-align: justify;\"><div role=\"form\" class=\"wpcf7\" id=\"wpcf7-f402-o1\" lang=\"pt-BR\" dir=\"ltr\">\n<div class=\"screen-reader-response\"><p role=\"status\" aria-live=\"polite\" aria-atomic=\"true\"><\/p> <ul><\/ul><\/div>\n<form action=\"\/site\/wp-json\/wp\/v2\/pages\/32#wpcf7-f402-o1\" method=\"post\" class=\"wpcf7-form init\" novalidate=\"novalidate\" data-status=\"init\">\n<div style=\"display: none;\">\n<input type=\"hidden\" name=\"_wpcf7\" value=\"402\" \/>\n<input type=\"hidden\" name=\"_wpcf7_version\" value=\"5.6\" \/>\n<input type=\"hidden\" name=\"_wpcf7_locale\" value=\"pt_BR\" \/>\n<input type=\"hidden\" name=\"_wpcf7_unit_tag\" value=\"wpcf7-f402-o1\" \/>\n<input type=\"hidden\" name=\"_wpcf7_container_post\" value=\"0\" \/>\n<input type=\"hidden\" name=\"_wpcf7_posted_data_hash\" value=\"\" \/>\n<input type=\"hidden\" name=\"_wpcf7_recaptcha_response\" value=\"\" \/>\n<\/div>\n<p>Seu nome (obrigat\u00f3rio)<br \/>\n    <span class=\"wpcf7-form-control-wrap\" data-name=\"your-name\"><input type=\"text\" name=\"your-name\" value=\"\" size=\"40\" class=\"wpcf7-form-control wpcf7-text wpcf7-validates-as-required\" aria-required=\"true\" aria-invalid=\"false\" \/><\/span> <\/p>\n<p>Seu e-mail (obrigat\u00f3rio)<br \/>\n    <span class=\"wpcf7-form-control-wrap\" data-name=\"your-email\"><input type=\"email\" name=\"your-email\" value=\"\" size=\"40\" class=\"wpcf7-form-control wpcf7-text wpcf7-email wpcf7-validates-as-required wpcf7-validates-as-email\" aria-required=\"true\" aria-invalid=\"false\" \/><\/span> <\/p>\n<p>Telefone (obrigat\u00f3rio)<br \/>\n    <span class=\"wpcf7-form-control-wrap\" data-name=\"your-subject\"><input type=\"text\" name=\"your-subject\" value=\"\" size=\"40\" class=\"wpcf7-form-control wpcf7-text wpcf7-validates-as-required\" aria-required=\"true\" aria-invalid=\"false\" \/><\/span> <\/p>\n<p>D\u00favidas?<br \/>\n    <span class=\"wpcf7-form-control-wrap\" data-name=\"your-message\"><textarea name=\"your-message\" cols=\"40\" rows=\"4\" class=\"wpcf7-form-control wpcf7-textarea\" aria-invalid=\"false\"><\/textarea><\/span> <\/p>\n\n<p><\/p>\n<p><input type=\"submit\" value=\"Enviar\" class=\"wpcf7-form-control has-spinner wpcf7-submit\" \/><\/p>\n<div class=\"wpcf7-response-output\" aria-hidden=\"true\"><\/div><\/form><\/div><\/p>\n","protected":false},"excerpt":{"rendered":"<p>Divulgue seu neg\u00f3cio atrav\u00e9s de AN\u00daNCIOS COMERCIAIS na Revista Classic Show, a maior e melhor revista de carros antigos do Brasil! RESERVE J\u00c1 O SEU ESPA\u00c7O DE AN\u00daNCIO! Solicite or\u00e7amento sem compromisso!!! Mais de 700 empresas, no ramo dos carros antigos\u00a0e outros, j\u00e1 anunciaram na Revista Classic Show, para divulgarem suas marcas, produtos ou servi\u00e7os, [&hellip;]<\/p>\n","protected":false},"author":1,"featured_media":0,"parent":0,"menu_order":0,"comment_status":"closed","ping_status":"closed","template":"","meta":{"_links_to":"","_links_to_target":""},"yoast_head":"<!-- This site is optimized with the Yoast SEO plugin v19.3 - https:\/\/yoast.com\/wordpress\/plugins\/seo\/ -->\n<title>Anuncie na Classic Show, a sua revista de Carros Antigos<\/title>\n<meta name=\"description\" content=\"Anuncie na Revista Classic Show, a maior revista de carros antigos do Brasil! Divulgue sua marca, empresa ou servi\u00e7o.\" \/>\n<meta name=\"robots\" content=\"index, follow, max-snippet:-1, max-image-preview:large, max-video-preview:-1\" \/>\n<link rel=\"canonical\" href=\"https:\/\/www.classicshow.com.br\/site\/anuncie-revista-carros-antigos\/\" \/>\n<meta property=\"og:locale\" content=\"pt_BR\" \/>\n<meta property=\"og:type\" content=\"article\" \/>\n<meta property=\"og:title\" content=\"Anuncie na Classic Show, a sua revista de Carros Antigos\" \/>\n<meta property=\"og:description\" content=\"Anuncie na Revista Classic Show, a maior revista de carros antigos do Brasil! Divulgue sua marca, empresa ou servi\u00e7o.\" \/>\n<meta property=\"og:url\" content=\"https:\/\/www.classicshow.com.br\/site\/anuncie-revista-carros-antigos\/\" \/>\n<meta property=\"og:site_name\" content=\"Revista Classic Show, a sua revista de carros antigos\" \/>\n<meta property=\"article:publisher\" content=\"https:\/\/www.facebook.com\/classic.show.7\" \/>\n<meta property=\"article:modified_time\" content=\"2022-09-28T17:38:00+00:00\" \/>\n<meta property=\"og:image\" content=\"http:\/\/www.classicshow.com.br\/site\/wp-content\/uploads\/2015\/09\/anuncios-novo.jpg\" \/>\n<meta name=\"twitter:card\" content=\"summary_large_image\" \/>\n<meta name=\"twitter:site\" content=\"@revista_cshow\" \/>\n<meta name=\"twitter:label1\" content=\"Est. tempo de leitura\" \/>\n\t<meta name=\"twitter:data1\" content=\"2 minutos\" \/>\n<script type=\"application\/ld+json\" class=\"yoast-schema-graph\">{\"@context\":\"https:\/\/schema.org\",\"@graph\":[{\"@type\":\"Organization\",\"@id\":\"https:\/\/www.classicshow.com.br\/site\/#organization\",\"name\":\"Revista Classic Show, a sua revista de carros antigos\",\"url\":\"https:\/\/www.classicshow.com.br\/site\/\",\"sameAs\":[\"https:\/\/www.youtube.com\/user\/ClassicShowM\",\"https:\/\/www.facebook.com\/classic.show.7\",\"https:\/\/twitter.com\/revista_cshow\"],\"logo\":{\"@type\":\"ImageObject\",\"inLanguage\":\"pt-BR\",\"@id\":\"https:\/\/www.classicshow.com.br\/site\/#\/schema\/logo\/image\/\",\"url\":\"https:\/\/www.classicshow.com.br\/site\/wp-content\/uploads\/2015\/09\/logo_cs.jpg\",\"contentUrl\":\"https:\/\/www.classicshow.com.br\/site\/wp-content\/uploads\/2015\/09\/logo_cs.jpg\",\"width\":339,\"height\":150,\"caption\":\"Revista Classic Show, a sua revista de carros antigos\"},\"image\":{\"@id\":\"https:\/\/www.classicshow.com.br\/site\/#\/schema\/logo\/image\/\"}},{\"@type\":\"WebSite\",\"@id\":\"https:\/\/www.classicshow.com.br\/site\/#website\",\"url\":\"https:\/\/www.classicshow.com.br\/site\/\",\"name\":\"Revista Classic Show, a sua revista de carros antigos\",\"description\":\"Fa\u00e7a sua assinatura! Aqui voc\u00ea encontra tudo sobre o universo dos carros antigos: mat\u00e9rias completas, encontros de carros antigos, livros especializados e muito mais!\",\"publisher\":{\"@id\":\"https:\/\/www.classicshow.com.br\/site\/#organization\"},\"potentialAction\":[{\"@type\":\"SearchAction\",\"target\":{\"@type\":\"EntryPoint\",\"urlTemplate\":\"https:\/\/www.classicshow.com.br\/site\/?s={search_term_string}\"},\"query-input\":\"required name=search_term_string\"}],\"inLanguage\":\"pt-BR\"},{\"@type\":\"ImageObject\",\"inLanguage\":\"pt-BR\",\"@id\":\"https:\/\/www.classicshow.com.br\/site\/anuncie-revista-carros-antigos\/#primaryimage\",\"url\":\"http:\/\/www.classicshow.com.br\/site\/wp-content\/uploads\/2015\/09\/anuncios-novo.jpg\",\"contentUrl\":\"http:\/\/www.classicshow.com.br\/site\/wp-content\/uploads\/2015\/09\/anuncios-novo.jpg\"},{\"@type\":\"WebPage\",\"@id\":\"https:\/\/www.classicshow.com.br\/site\/anuncie-revista-carros-antigos\/\",\"url\":\"https:\/\/www.classicshow.com.br\/site\/anuncie-revista-carros-antigos\/\",\"name\":\"Anuncie na Classic Show, a sua revista de Carros Antigos\",\"isPartOf\":{\"@id\":\"https:\/\/www.classicshow.com.br\/site\/#website\"},\"primaryImageOfPage\":{\"@id\":\"https:\/\/www.classicshow.com.br\/site\/anuncie-revista-carros-antigos\/#primaryimage\"},\"datePublished\":\"2015-09-23T20:19:40+00:00\",\"dateModified\":\"2022-09-28T17:38:00+00:00\",\"description\":\"Anuncie na Revista Classic Show, a maior revista de carros antigos do Brasil! Divulgue sua marca, empresa ou servi\u00e7o.\",\"breadcrumb\":{\"@id\":\"https:\/\/www.classicshow.com.br\/site\/anuncie-revista-carros-antigos\/#breadcrumb\"},\"inLanguage\":\"pt-BR\",\"potentialAction\":[{\"@type\":\"ReadAction\",\"target\":[\"https:\/\/www.classicshow.com.br\/site\/anuncie-revista-carros-antigos\/\"]}]},{\"@type\":\"BreadcrumbList\",\"@id\":\"https:\/\/www.classicshow.com.br\/site\/anuncie-revista-carros-antigos\/#breadcrumb\",\"itemListElement\":[{\"@type\":\"ListItem\",\"position\":1,\"name\":\"In\u00edcio\",\"item\":\"https:\/\/www.classicshow.com.br\/site\/\"},{\"@type\":\"ListItem\",\"position\":2,\"name\":\"An\u00fancios\"}]}]}<\/script>\n<!-- \/ Yoast SEO plugin. -->","yoast_head_json":{"title":"Anuncie na Classic Show, a sua revista de Carros Antigos","description":"Anuncie na Revista Classic Show, a maior revista de carros antigos do Brasil! Divulgue sua marca, empresa ou servi\u00e7o.","robots":{"index":"index","follow":"follow","max-snippet":"max-snippet:-1","max-image-preview":"max-image-preview:large","max-video-preview":"max-video-preview:-1"},"canonical":"https:\/\/www.classicshow.com.br\/site\/anuncie-revista-carros-antigos\/","og_locale":"pt_BR","og_type":"article","og_title":"Anuncie na Classic Show, a sua revista de Carros Antigos","og_description":"Anuncie na Revista Classic Show, a maior revista de carros antigos do Brasil! Divulgue sua marca, empresa ou servi\u00e7o.","og_url":"https:\/\/www.classicshow.com.br\/site\/anuncie-revista-carros-antigos\/","og_site_name":"Revista Classic Show, a sua revista de carros antigos","article_publisher":"https:\/\/www.facebook.com\/classic.show.7","article_modified_time":"2022-09-28T17:38:00+00:00","og_image":[{"url":"http:\/\/www.classicshow.com.br\/site\/wp-content\/uploads\/2015\/09\/anuncios-novo.jpg"}],"twitter_card":"summary_large_image","twitter_site":"@revista_cshow","twitter_misc":{"Est. tempo de leitura":"2 minutos"},"schema":{"@context":"https:\/\/schema.org","@graph":[{"@type":"Organization","@id":"https:\/\/www.classicshow.com.br\/site\/#organization","name":"Revista Classic Show, a sua revista de carros antigos","url":"https:\/\/www.classicshow.com.br\/site\/","sameAs":["https:\/\/www.youtube.com\/user\/ClassicShowM","https:\/\/www.facebook.com\/classic.show.7","https:\/\/twitter.com\/revista_cshow"],"logo":{"@type":"ImageObject","inLanguage":"pt-BR","@id":"https:\/\/www.classicshow.com.br\/site\/#\/schema\/logo\/image\/","url":"https:\/\/www.classicshow.com.br\/site\/wp-content\/uploads\/2015\/09\/logo_cs.jpg","contentUrl":"https:\/\/www.classicshow.com.br\/site\/wp-content\/uploads\/2015\/09\/logo_cs.jpg","width":339,"height":150,"caption":"Revista Classic Show, a sua revista de carros antigos"},"image":{"@id":"https:\/\/www.classicshow.com.br\/site\/#\/schema\/logo\/image\/"}},{"@type":"WebSite","@id":"https:\/\/www.classicshow.com.br\/site\/#website","url":"https:\/\/www.classicshow.com.br\/site\/","name":"Revista Classic Show, a sua revista de carros antigos","description":"Fa\u00e7a sua assinatura! Aqui voc\u00ea encontra tudo sobre o universo dos carros antigos: mat\u00e9rias completas, encontros de carros antigos, livros especializados e muito mais!","publisher":{"@id":"https:\/\/www.classicshow.com.br\/site\/#organization"},"potentialAction":[{"@type":"SearchAction","target":{"@type":"EntryPoint","urlTemplate":"https:\/\/www.classicshow.com.br\/site\/?s={search_term_string}"},"query-input":"required name=search_term_string"}],"inLanguage":"pt-BR"},{"@type":"ImageObject","inLanguage":"pt-BR","@id":"https:\/\/www.classicshow.com.br\/site\/anuncie-revista-carros-antigos\/#primaryimage","url":"http:\/\/www.classicshow.com.br\/site\/wp-content\/uploads\/2015\/09\/anuncios-novo.jpg","contentUrl":"http:\/\/www.classicshow.com.br\/site\/wp-content\/uploads\/2015\/09\/anuncios-novo.jpg"},{"@type":"WebPage","@id":"https:\/\/www.classicshow.com.br\/site\/anuncie-revista-carros-antigos\/","url":"https:\/\/www.classicshow.com.br\/site\/anuncie-revista-carros-antigos\/","name":"Anuncie na Classic Show, a sua revista de Carros Antigos","isPartOf":{"@id":"https:\/\/www.classicshow.com.br\/site\/#website"},"primaryImageOfPage":{"@id":"https:\/\/www.classicshow.com.br\/site\/anuncie-revista-carros-antigos\/#primaryimage"},"datePublished":"2015-09-23T20:19:40+00:00","dateModified":"2022-09-28T17:38:00+00:00","description":"Anuncie na Revista Classic Show, a maior revista de carros antigos do Brasil! Divulgue sua marca, empresa ou servi\u00e7o.","breadcrumb":{"@id":"https:\/\/www.classicshow.com.br\/site\/anuncie-revista-carros-antigos\/#breadcrumb"},"inLanguage":"pt-BR","potentialAction":[{"@type":"ReadAction","target":["https:\/\/www.classicshow.com.br\/site\/anuncie-revista-carros-antigos\/"]}]},{"@type":"BreadcrumbList","@id":"https:\/\/www.classicshow.com.br\/site\/anuncie-revista-carros-antigos\/#breadcrumb","itemListElement":[{"@type":"ListItem","position":1,"name":"In\u00edcio","item":"https:\/\/www.classicshow.com.br\/site\/"},{"@type":"ListItem","position":2,"name":"An\u00fancios"}]}]}},"_links":{"self":[{"href":"https:\/\/www.classicshow.com.br\/site\/wp-json\/wp\/v2\/pages\/32"}],"collection":[{"href":"https:\/\/www.classicshow.com.br\/site\/wp-json\/wp\/v2\/pages"}],"about":[{"href":"https:\/\/www.classicshow.com.br\/site\/wp-json\/wp\/v2\/types\/page"}],"author":[{"embeddable":true,"href":"https:\/\/www.classicshow.com.br\/site\/wp-json\/wp\/v2\/users\/1"}],"replies":[{"embeddable":true,"href":"https:\/\/www.classicshow.com.br\/site\/wp-json\/wp\/v2\/comments?post=32"}],"version-history":[{"count":103,"href":"https:\/\/www.classicshow.com.br\/site\/wp-json\/wp\/v2\/pages\/32\/revisions"}],"predecessor-version":[{"id":20808,"href":"https:\/\/www.classicshow.com.br\/site\/wp-json\/wp\/v2\/pages\/32\/revisions\/20808"}],"wp:attachment":[{"href":"https:\/\/www.classicshow.com.br\/site\/wp-json\/wp\/v2\/media?parent=32"}],"curies":[{"name":"wp","href":"https:\/\/api.w.org\/{rel}","templated":true}]}}