{"id":30,"date":"2015-09-23T20:18:24","date_gmt":"2015-09-23T20:18:24","guid":{"rendered":"http:\/\/www.classicshow.com.br\/site\/?page_id=30"},"modified":"2022-05-25T09:39:16","modified_gmt":"2022-05-25T12:39:16","slug":"classificados-carros-antigos","status":"publish","type":"page","link":"https:\/\/www.classicshow.com.br\/site\/classificados-carros-antigos\/","title":{"rendered":"Classificados"},"content":{"rendered":"<p><img loading=\"lazy\" class=\"aligncenter size-full wp-image-8999\" src=\"http:\/\/www.classicshow.com.br\/site\/wp-content\/uploads\/2015\/09\/classificados_classicshow.jpg\" alt=\"\" width=\"800\" height=\"445\" srcset=\"https:\/\/www.classicshow.com.br\/site\/wp-content\/uploads\/2015\/09\/classificados_classicshow.jpg 800w, https:\/\/www.classicshow.com.br\/site\/wp-content\/uploads\/2015\/09\/classificados_classicshow-300x167.jpg 300w, https:\/\/www.classicshow.com.br\/site\/wp-content\/uploads\/2015\/09\/classificados_classicshow-768x427.jpg 768w\" sizes=\"(max-width: 800px) 100vw, 800px\" \/><\/p>\n<p style=\"text-align: justify;\">Quem j\u00e1 anunciou nos <strong>Classificados<\/strong> da <strong>Revista Classic Show\u00a0<\/strong>conhece a grande efici\u00eancia dos an\u00fancios! Venda ou compre o <strong>carro antigo<\/strong> de seus sonhos na maior revista de carros antigos do Brasil! Aproveite tamb\u00e9m a oportunidade de duplicar as chances de venda e anuncie tanto na revista como em nosso site! Anuncie j\u00e1! Confira abaixo os dados e pr\u00e9-requisitos para que seu classificado saia na revista.<\/p>\n<table class=\"aligncenter\" style=\"height: 267px; border-color: #ffffff; border-style: dashed;\" border=\"0\" width=\"863\">\n<tbody>\n<tr>\n<td style=\"background-color: #cfcfcf; text-align: center; vertical-align: middle;\" colspan=\"3\"><span style=\"color: #000000;\"><strong>Ve\u00edculos com ano de fabrica\u00e7\u00e3o at\u00e9 1992<\/strong><\/span><\/td>\n<\/tr>\n<tr>\n<td style=\"background-color: #ffffff; text-align: center;\" colspan=\"3\"><span style=\"color: #b6302e;\"><strong>VALORES PARA OS CLASSIFICADOS <\/strong><\/span><span style=\"color: #b6302e;\"><strong>NA REVISTA<\/strong><\/span><\/td>\n<\/tr>\n<tr>\n<td style=\"background-color: #e0e0e0; text-align: center; vertical-align: middle;\"><span style=\"color: #000000;\">Tipo do an\u00fancio<\/span><\/td>\n<td style=\"background-color: #e0e0e0; text-align: center; vertical-align: middle;\"><span style=\"color: #000000;\">Assinante<\/span><\/td>\n<td style=\"background-color: #e0e0e0; text-align: center; vertical-align: middle;\"><span style=\"color: #000000;\">N\u00e3o-assinante<\/span><\/td>\n<\/tr>\n<tr>\n<td style=\"text-align: center; vertical-align: middle;\">AN\u00daNCIO COM FOTO<\/td>\n<td style=\"text-align: center; vertical-align: middle;\">R$ 55,00<\/td>\n<td style=\"text-align: center; vertical-align: middle;\">R$ 65,00<\/td>\n<\/tr>\n<tr>\n<td style=\"text-align: center; vertical-align: middle;\">AN\u00daNCIO DE TEXTO<\/td>\n<td style=\"text-align: center; vertical-align: middle;\">R$ 45,00<\/td>\n<td style=\"text-align: center; vertical-align: middle;\">R$ 55,00<\/td>\n<\/tr>\n<tr>\n<td style=\"background-color: #e0e0e0; text-align: center; vertical-align: middle;\"><span style=\"color: #b6302e;\">ESPECIAIS*<\/span><\/td>\n<td style=\"background-color: #e0e0e0; text-align: center; vertical-align: middle;\" colspan=\"2\"><span style=\"color: #b6302e;\">R$ 80,00<\/span><\/td>\n<\/tr>\n<tr>\n<td style=\"background-color: #ffffff; text-align: center; vertical-align: middle;\" colspan=\"3\"><strong><span style=\"color: #b6302e;\">*ESPECIAIS: Carros NACIONAIS: de 1993 a 2000; <\/span><\/strong><strong><span style=\"color: #b6302e;\">Carros IMPORTADOS: de 1993 a 2000.<\/span><\/strong><\/td>\n<\/tr>\n<\/tbody>\n<\/table>\n<p>&nbsp;<\/p>\n<p style=\"text-align: center;\"><strong><br \/>\n<span style=\"font-size: 14pt; color: #b6302e;\">NOVIDADE:<\/span><\/strong><span style=\"font-size: 14pt;\"> Agora voc\u00ea pode anunciar seu carro antigo<\/span><br \/>\n<span style=\"font-size: 14pt;\">nos classificados da revista e tamb\u00e9m no site da Classic Show.<\/span><\/p>\n<table class=\" aligncenter\" style=\"height: 280px;\" width=\"697\">\n<tbody>\n<tr>\n<td style=\"background-color: #e0e0e0; text-align: center; vertical-align: middle;\" colspan=\"3\">\u2022 An\u00fancios destinados a <strong>PESSOAS F\u00cdSICAS<\/strong>;<br \/>\n\u2022 Ve\u00edculos com ano de fabrica\u00e7\u00e3o at\u00e9 1992;<br \/>\n\u2022 N\u00e3o temos op\u00e7\u00f5es de an\u00fancios somente online;<br \/>\n\u2022 Os an\u00fancios online ser\u00e3o publicados na data de lan\u00e7amento da revista;<br \/>\n\u2022 Prazo de validade dos classificados online: 60 dias.<\/td>\n<\/tr>\n<tr>\n<td style=\"background-color: #b6302e; text-align: center; vertical-align: middle;\" colspan=\"3\"><span style=\"color: #ffffff;\"><strong>VALORES PARA OS CLASSIFICADOS NA REVISTA + ONLINE<\/strong><\/span><\/td>\n<\/tr>\n<tr>\n<td style=\"background-color: #e0e0e0; text-align: center; vertical-align: middle;\">Tipo do an\u00fancio<\/td>\n<td style=\"background-color: #e0e0e0; text-align: center; vertical-align: middle;\">Assinante<\/td>\n<td style=\"background-color: #e0e0e0; text-align: center; vertical-align: middle;\">N\u00e3o-assinante<\/td>\n<\/tr>\n<tr>\n<td style=\"text-align: center; vertical-align: middle;\">AN\u00daNCIO COM FOTO<\/td>\n<td style=\"text-align: center; vertical-align: middle;\">R$ 75,00<\/td>\n<td style=\"text-align: center; vertical-align: middle;\">R$ 85,00<\/td>\n<\/tr>\n<tr>\n<td style=\"background-color: #b6302e; text-align: center; vertical-align: middle;\"><span style=\"color: #ffffff;\">ESPECIAIS*<\/span><\/td>\n<td style=\"background-color: #b6302e; text-align: center; vertical-align: middle;\" colspan=\"2\"><span style=\"color: #ffffff;\">R$ 120,00<\/span><\/td>\n<\/tr>\n<tr>\n<td style=\"background-color: #b6302e; text-align: center; vertical-align: middle;\" colspan=\"3\"><span style=\"color: #ffffff;\">*ESPECIAIS: Carros NACIONAIS: de <strong>1993 a 2000<\/strong>; <\/span><span style=\"color: #ffffff;\">Carros IMPORTADOS: de <strong>1993 a 2000<\/strong><br \/>\n<\/span><\/td>\n<\/tr>\n<\/tbody>\n<\/table>\n<h2 style=\"text-align: justify;\"><\/h2>\n<h2 style=\"text-align: justify;\"><\/h2>\n<p>Aten\u00e7\u00e3o!\u00a0Nos reservamos o direito de n\u00e3o publicar\u00a0nomes, vers\u00f5es, modelos e marcas de \u00a0autom\u00f3veis <span class=\"style87\">INCORRETOS<\/span>.<\/p>\n<h2 style=\"text-align: justify;\">Formas de Pagamento<\/h2>\n<ul>\n<li style=\"text-align: justify;\"><strong>Dep\u00f3sito em conta-corrente <\/strong>(enviar comprovante via e-mail, Whats-App ou pelo formul\u00e1rio abaixo);<\/li>\n<li><strong>Cart\u00e3o de cr\u00e9dito ou boleto\u00a0<\/strong> (pela nossa loja virtual ou telefone).<\/li>\n<li><strong>PIX : 02290374000114 <\/strong>(enviar comprovante via e-mail, Whats-App ou pelo formul\u00e1rio abaixo);<\/li>\n<\/ul>\n<p><a href=\"http:\/\/www.classicshow.com.br\/site\/wp-content\/uploads\/2015\/09\/classicshow-bancos-clas.jpg\" data-rel=\"lightbox-image-0\" data-rl_title=\"\" data-rl_caption=\"\" title=\"\"><img loading=\"lazy\" class=\"size-full wp-image-4682 aligncenter\" src=\"http:\/\/www.classicshow.com.br\/site\/wp-content\/uploads\/2015\/09\/classicshow-bancos-clas.jpg\" alt=\"classicshow-bancos-clas\" width=\"800\" height=\"157\" srcset=\"https:\/\/www.classicshow.com.br\/site\/wp-content\/uploads\/2015\/09\/classicshow-bancos-clas.jpg 800w, https:\/\/www.classicshow.com.br\/site\/wp-content\/uploads\/2015\/09\/classicshow-bancos-clas-300x59.jpg 300w\" sizes=\"(max-width: 800px) 100vw, 800px\" \/><\/a><\/p>\n<span class=\"mom_button_wrap\" style=\"display:block; text-align:center;\"><a class=\"button mom_button red_bt bigger_bt \" href=\"https:\/\/www.lojaclassicshow.com.br\/prod,idloja,14163,idcategoria,313130,classificados\" target=\"_blank\"  style=\"font-family:;margin-right:0;\" data-bg=\"\" data-hoverbg=\"\" data-text=\"\" data-texthover=\"\">PAGAR COM CART\u00c3O DE CR\u00c9DITO<\/a><\/span>\n<div class=\"mom_hr mom_hr_ mom_hr_medium\" style=\"\"><span class=\"mom_inner_hr\"><\/span><\/div>\n<p style=\"text-align: justify;\">Por favor, preencha todos os campos. Quanto mais informa\u00e7\u00f5es, maiores as chances de venda. Em <strong>&#8220;Descri\u00e7\u00e3o&#8221; (m\u00e1ximo de 150 caracteres)<\/strong>, digite somente as informa\u00e7\u00f5es mais importantes, como: marca, modelo, ano, estado de conserva\u00e7\u00e3o, mec\u00e2nica e alguns acess\u00f3rios. Mais detalhes podem ser dados diretamente aos interessados.<\/p>\n<ul>\n<li style=\"text-align: justify;\"><strong>Aten\u00e7\u00e3o!<\/strong> Nos reservamos o direito de <strong>n\u00e3o<\/strong> publicar nomes, vers\u00f5es, modelos e marcas de autom\u00f3veis <strong>INCORRETOS<\/strong>.<\/li>\n<\/ul>\n<h2 style=\"text-align: justify;\">Formul\u00e1rio de Envio<\/h2>\n<div role=\"form\" class=\"wpcf7\" id=\"wpcf7-f92-o1\" lang=\"pt-BR\" dir=\"ltr\">\n<div class=\"screen-reader-response\"><p role=\"status\" aria-live=\"polite\" aria-atomic=\"true\"><\/p> <ul><\/ul><\/div>\n<form action=\"\/site\/wp-json\/wp\/v2\/pages\/30#wpcf7-f92-o1\" method=\"post\" class=\"wpcf7-form init\" enctype=\"multipart\/form-data\" novalidate=\"novalidate\" data-status=\"init\">\n<div style=\"display: none;\">\n<input type=\"hidden\" name=\"_wpcf7\" value=\"92\" \/>\n<input type=\"hidden\" name=\"_wpcf7_version\" value=\"5.6\" \/>\n<input type=\"hidden\" name=\"_wpcf7_locale\" value=\"pt_BR\" \/>\n<input type=\"hidden\" name=\"_wpcf7_unit_tag\" value=\"wpcf7-f92-o1\" \/>\n<input type=\"hidden\" name=\"_wpcf7_container_post\" value=\"0\" \/>\n<input type=\"hidden\" name=\"_wpcf7_posted_data_hash\" value=\"\" \/>\n<input type=\"hidden\" name=\"_wpcf7_recaptcha_response\" value=\"\" \/>\n<\/div>\n<p>Venda ou Compra? (obrigat\u00f3rio)<br \/>\n    <span class=\"wpcf7-form-control-wrap\" data-name=\"menu-847\"><select name=\"menu-847\" class=\"wpcf7-form-control wpcf7-select wpcf7-validates-as-required\" aria-required=\"true\" aria-invalid=\"false\"><option value=\"Venda\">Venda<\/option><option value=\"Compra\">Compra<\/option><\/select><\/span> <\/p>\n<p>Descri\u00e7\u00e3o (obrigat\u00f3rio)<br \/>\n    <span class=\"wpcf7-form-control-wrap\" data-name=\"descricao\"><textarea name=\"descricao\" cols=\"40\" rows=\"4\" maxlength=\"150\" class=\"wpcf7-form-control wpcf7-textarea wpcf7-validates-as-required\" aria-required=\"true\" aria-invalid=\"false\"><\/textarea><\/span> <\/p>\n<p>Nome\/Contato (obrigat\u00f3rio)<br \/>\n    <span class=\"wpcf7-form-control-wrap\" data-name=\"nome-classificado\"><input type=\"text\" name=\"nome-classificado\" value=\"\" size=\"40\" class=\"wpcf7-form-control wpcf7-text wpcf7-validates-as-required\" aria-required=\"true\" aria-invalid=\"false\" \/><\/span> <\/p>\n<p>Telefone (obrigat\u00f3rio)<br \/>\n    <span class=\"wpcf7-form-control-wrap\" data-name=\"telefone-classificado\"><input type=\"text\" name=\"telefone-classificado\" value=\"\" size=\"40\" class=\"wpcf7-form-control wpcf7-text wpcf7-validates-as-required\" aria-required=\"true\" aria-invalid=\"false\" \/><\/span> <\/p>\n<p>Celular<br \/>\n    <span class=\"wpcf7-form-control-wrap\" data-name=\"celular-classificado\"><input type=\"text\" name=\"celular-classificado\" value=\"\" size=\"40\" class=\"wpcf7-form-control wpcf7-text\" aria-invalid=\"false\" \/><\/span> <\/p>\n<p>Seu E-mail<br \/>\n    <span class=\"wpcf7-form-control-wrap\" data-name=\"email-classificado\"><input type=\"email\" name=\"email-classificado\" value=\"\" size=\"40\" class=\"wpcf7-form-control wpcf7-text wpcf7-email wpcf7-validates-as-email\" aria-invalid=\"false\" \/><\/span> <\/p>\n<p>Seu Site<br \/>\n    <span class=\"wpcf7-form-control-wrap\" data-name=\"site-classificado\"><input type=\"text\" name=\"site-classificado\" value=\"\" size=\"40\" class=\"wpcf7-form-control wpcf7-text\" aria-invalid=\"false\" \/><\/span> <\/p>\n<p>Dados do Pagamento<br \/>\n    <span class=\"wpcf7-form-control-wrap\" data-name=\"dados-classificado\"><input type=\"text\" name=\"dados-classificado\" value=\"\" size=\"40\" class=\"wpcf7-form-control wpcf7-text\" aria-invalid=\"false\" \/><\/span> <\/p>\n<p>Assinante da Revista Classic Show?<br \/>\n    <span class=\"wpcf7-form-control-wrap\" data-name=\"radio-41\"><span class=\"wpcf7-form-control wpcf7-radio\"><span class=\"wpcf7-list-item first\"><span class=\"wpcf7-list-item-label\">Sim<\/span><input type=\"radio\" name=\"radio-41\" value=\"Sim\" \/><\/span><span class=\"wpcf7-list-item last\"><span class=\"wpcf7-list-item-label\">N\u00e3o<\/span><input type=\"radio\" name=\"radio-41\" value=\"N\u00e3o\" \/><\/span><\/span><\/span> <\/p>\n<p>Enviar Foto<br \/>\n<span class=\"wpcf7-form-control-wrap\" data-name=\"file-843\"><input type=\"file\" name=\"file-843\" size=\"40\" class=\"wpcf7-form-control wpcf7-file\" accept=\".jpg,.jpeg,.gif,.bmp,.png,.doc,.docx,.pdf\" aria-invalid=\"false\" \/><\/span> <\/p>\n<p>Enviar Comprovante<br \/>\n<span class=\"wpcf7-form-control-wrap\" data-name=\"file-842\"><input type=\"file\" name=\"file-842\" size=\"40\" class=\"wpcf7-form-control wpcf7-file\" accept=\".jpg,.jpeg,.gif,.bmp,.png,.doc,.docx,.pdf\" aria-invalid=\"false\" \/><\/span> <\/p>\n\n<p><\/p>\n<p><input type=\"submit\" value=\"Enviar\" class=\"wpcf7-form-control has-spinner wpcf7-submit\" \/><\/p>\n<div class=\"wpcf7-response-output\" aria-hidden=\"true\"><\/div><\/form><\/div>\n","protected":false},"excerpt":{"rendered":"<p>Quem j\u00e1 anunciou nos Classificados da Revista Classic Show\u00a0conhece a grande efici\u00eancia dos an\u00fancios! Venda ou compre o carro antigo de seus sonhos na maior revista de carros antigos do Brasil! Aproveite tamb\u00e9m a oportunidade de duplicar as chances de venda e anuncie tanto na revista como em nosso site! Anuncie j\u00e1! Confira abaixo os [&hellip;]<\/p>\n","protected":false},"author":1,"featured_media":0,"parent":0,"menu_order":0,"comment_status":"closed","ping_status":"closed","template":"","meta":{"_links_to":"","_links_to_target":""},"yoast_head":"<!-- This site is optimized with the Yoast SEO plugin v19.3 - https:\/\/yoast.com\/wordpress\/plugins\/seo\/ -->\n<title>Classificados Carros Antigos<\/title>\n<meta name=\"description\" content=\"Anuncie nos classificados carros antigos da Classic Show, a maior revista de carros antigos do Brasil! Anuncie tanto na revista como no site! Aproveite!\" \/>\n<meta name=\"robots\" content=\"index, follow, max-snippet:-1, max-image-preview:large, max-video-preview:-1\" \/>\n<link rel=\"canonical\" href=\"https:\/\/www.classicshow.com.br\/site\/classificados-carros-antigos\/\" \/>\n<meta property=\"og:locale\" content=\"pt_BR\" \/>\n<meta property=\"og:type\" content=\"article\" \/>\n<meta property=\"og:title\" content=\"Classificados Carros Antigos\" \/>\n<meta property=\"og:description\" content=\"Anuncie nos classificados carros antigos da Classic Show, a maior revista de carros antigos do Brasil! Anuncie tanto na revista como no site! Aproveite!\" \/>\n<meta property=\"og:url\" content=\"https:\/\/www.classicshow.com.br\/site\/classificados-carros-antigos\/\" \/>\n<meta property=\"og:site_name\" content=\"Revista Classic Show, a sua revista de carros antigos\" \/>\n<meta property=\"article:publisher\" content=\"https:\/\/www.facebook.com\/classic.show.7\" \/>\n<meta property=\"article:modified_time\" content=\"2022-05-25T12:39:16+00:00\" \/>\n<meta property=\"og:image\" content=\"http:\/\/www.classicshow.com.br\/site\/wp-content\/uploads\/2015\/09\/classificados_classicshow.jpg\" \/>\n<meta name=\"twitter:card\" content=\"summary_large_image\" \/>\n<meta name=\"twitter:site\" content=\"@revista_cshow\" \/>\n<meta name=\"twitter:label1\" content=\"Est. tempo de leitura\" \/>\n\t<meta name=\"twitter:data1\" content=\"2 minutos\" \/>\n<script type=\"application\/ld+json\" class=\"yoast-schema-graph\">{\"@context\":\"https:\/\/schema.org\",\"@graph\":[{\"@type\":\"Organization\",\"@id\":\"https:\/\/www.classicshow.com.br\/site\/#organization\",\"name\":\"Revista Classic Show, a sua revista de carros antigos\",\"url\":\"https:\/\/www.classicshow.com.br\/site\/\",\"sameAs\":[\"https:\/\/www.youtube.com\/user\/ClassicShowM\",\"https:\/\/www.facebook.com\/classic.show.7\",\"https:\/\/twitter.com\/revista_cshow\"],\"logo\":{\"@type\":\"ImageObject\",\"inLanguage\":\"pt-BR\",\"@id\":\"https:\/\/www.classicshow.com.br\/site\/#\/schema\/logo\/image\/\",\"url\":\"https:\/\/www.classicshow.com.br\/site\/wp-content\/uploads\/2015\/09\/logo_cs.jpg\",\"contentUrl\":\"https:\/\/www.classicshow.com.br\/site\/wp-content\/uploads\/2015\/09\/logo_cs.jpg\",\"width\":339,\"height\":150,\"caption\":\"Revista Classic Show, a sua revista de carros antigos\"},\"image\":{\"@id\":\"https:\/\/www.classicshow.com.br\/site\/#\/schema\/logo\/image\/\"}},{\"@type\":\"WebSite\",\"@id\":\"https:\/\/www.classicshow.com.br\/site\/#website\",\"url\":\"https:\/\/www.classicshow.com.br\/site\/\",\"name\":\"Revista Classic Show, a sua revista de carros antigos\",\"description\":\"Fa\u00e7a sua assinatura! Aqui voc\u00ea encontra tudo sobre o universo dos carros antigos: mat\u00e9rias completas, encontros de carros antigos, livros especializados e muito mais!\",\"publisher\":{\"@id\":\"https:\/\/www.classicshow.com.br\/site\/#organization\"},\"potentialAction\":[{\"@type\":\"SearchAction\",\"target\":{\"@type\":\"EntryPoint\",\"urlTemplate\":\"https:\/\/www.classicshow.com.br\/site\/?s={search_term_string}\"},\"query-input\":\"required name=search_term_string\"}],\"inLanguage\":\"pt-BR\"},{\"@type\":\"ImageObject\",\"inLanguage\":\"pt-BR\",\"@id\":\"https:\/\/www.classicshow.com.br\/site\/classificados-carros-antigos\/#primaryimage\",\"url\":\"http:\/\/www.classicshow.com.br\/site\/wp-content\/uploads\/2015\/09\/classificados_classicshow.jpg\",\"contentUrl\":\"http:\/\/www.classicshow.com.br\/site\/wp-content\/uploads\/2015\/09\/classificados_classicshow.jpg\"},{\"@type\":\"WebPage\",\"@id\":\"https:\/\/www.classicshow.com.br\/site\/classificados-carros-antigos\/\",\"url\":\"https:\/\/www.classicshow.com.br\/site\/classificados-carros-antigos\/\",\"name\":\"Classificados Carros Antigos\",\"isPartOf\":{\"@id\":\"https:\/\/www.classicshow.com.br\/site\/#website\"},\"primaryImageOfPage\":{\"@id\":\"https:\/\/www.classicshow.com.br\/site\/classificados-carros-antigos\/#primaryimage\"},\"datePublished\":\"2015-09-23T20:18:24+00:00\",\"dateModified\":\"2022-05-25T12:39:16+00:00\",\"description\":\"Anuncie nos classificados carros antigos da Classic Show, a maior revista de carros antigos do Brasil! Anuncie tanto na revista como no site! Aproveite!\",\"breadcrumb\":{\"@id\":\"https:\/\/www.classicshow.com.br\/site\/classificados-carros-antigos\/#breadcrumb\"},\"inLanguage\":\"pt-BR\",\"potentialAction\":[{\"@type\":\"ReadAction\",\"target\":[\"https:\/\/www.classicshow.com.br\/site\/classificados-carros-antigos\/\"]}]},{\"@type\":\"BreadcrumbList\",\"@id\":\"https:\/\/www.classicshow.com.br\/site\/classificados-carros-antigos\/#breadcrumb\",\"itemListElement\":[{\"@type\":\"ListItem\",\"position\":1,\"name\":\"In\u00edcio\",\"item\":\"https:\/\/www.classicshow.com.br\/site\/\"},{\"@type\":\"ListItem\",\"position\":2,\"name\":\"Classificados\"}]}]}<\/script>\n<!-- \/ Yoast SEO plugin. -->","yoast_head_json":{"title":"Classificados Carros Antigos","description":"Anuncie nos classificados carros antigos da Classic Show, a maior revista de carros antigos do Brasil! Anuncie tanto na revista como no site! Aproveite!","robots":{"index":"index","follow":"follow","max-snippet":"max-snippet:-1","max-image-preview":"max-image-preview:large","max-video-preview":"max-video-preview:-1"},"canonical":"https:\/\/www.classicshow.com.br\/site\/classificados-carros-antigos\/","og_locale":"pt_BR","og_type":"article","og_title":"Classificados Carros Antigos","og_description":"Anuncie nos classificados carros antigos da Classic Show, a maior revista de carros antigos do Brasil! Anuncie tanto na revista como no site! Aproveite!","og_url":"https:\/\/www.classicshow.com.br\/site\/classificados-carros-antigos\/","og_site_name":"Revista Classic Show, a sua revista de carros antigos","article_publisher":"https:\/\/www.facebook.com\/classic.show.7","article_modified_time":"2022-05-25T12:39:16+00:00","og_image":[{"url":"http:\/\/www.classicshow.com.br\/site\/wp-content\/uploads\/2015\/09\/classificados_classicshow.jpg"}],"twitter_card":"summary_large_image","twitter_site":"@revista_cshow","twitter_misc":{"Est. tempo de leitura":"2 minutos"},"schema":{"@context":"https:\/\/schema.org","@graph":[{"@type":"Organization","@id":"https:\/\/www.classicshow.com.br\/site\/#organization","name":"Revista Classic Show, a sua revista de carros antigos","url":"https:\/\/www.classicshow.com.br\/site\/","sameAs":["https:\/\/www.youtube.com\/user\/ClassicShowM","https:\/\/www.facebook.com\/classic.show.7","https:\/\/twitter.com\/revista_cshow"],"logo":{"@type":"ImageObject","inLanguage":"pt-BR","@id":"https:\/\/www.classicshow.com.br\/site\/#\/schema\/logo\/image\/","url":"https:\/\/www.classicshow.com.br\/site\/wp-content\/uploads\/2015\/09\/logo_cs.jpg","contentUrl":"https:\/\/www.classicshow.com.br\/site\/wp-content\/uploads\/2015\/09\/logo_cs.jpg","width":339,"height":150,"caption":"Revista Classic Show, a sua revista de carros antigos"},"image":{"@id":"https:\/\/www.classicshow.com.br\/site\/#\/schema\/logo\/image\/"}},{"@type":"WebSite","@id":"https:\/\/www.classicshow.com.br\/site\/#website","url":"https:\/\/www.classicshow.com.br\/site\/","name":"Revista Classic Show, a sua revista de carros antigos","description":"Fa\u00e7a sua assinatura! Aqui voc\u00ea encontra tudo sobre o universo dos carros antigos: mat\u00e9rias completas, encontros de carros antigos, livros especializados e muito mais!","publisher":{"@id":"https:\/\/www.classicshow.com.br\/site\/#organization"},"potentialAction":[{"@type":"SearchAction","target":{"@type":"EntryPoint","urlTemplate":"https:\/\/www.classicshow.com.br\/site\/?s={search_term_string}"},"query-input":"required name=search_term_string"}],"inLanguage":"pt-BR"},{"@type":"ImageObject","inLanguage":"pt-BR","@id":"https:\/\/www.classicshow.com.br\/site\/classificados-carros-antigos\/#primaryimage","url":"http:\/\/www.classicshow.com.br\/site\/wp-content\/uploads\/2015\/09\/classificados_classicshow.jpg","contentUrl":"http:\/\/www.classicshow.com.br\/site\/wp-content\/uploads\/2015\/09\/classificados_classicshow.jpg"},{"@type":"WebPage","@id":"https:\/\/www.classicshow.com.br\/site\/classificados-carros-antigos\/","url":"https:\/\/www.classicshow.com.br\/site\/classificados-carros-antigos\/","name":"Classificados Carros Antigos","isPartOf":{"@id":"https:\/\/www.classicshow.com.br\/site\/#website"},"primaryImageOfPage":{"@id":"https:\/\/www.classicshow.com.br\/site\/classificados-carros-antigos\/#primaryimage"},"datePublished":"2015-09-23T20:18:24+00:00","dateModified":"2022-05-25T12:39:16+00:00","description":"Anuncie nos classificados carros antigos da Classic Show, a maior revista de carros antigos do Brasil! Anuncie tanto na revista como no site! Aproveite!","breadcrumb":{"@id":"https:\/\/www.classicshow.com.br\/site\/classificados-carros-antigos\/#breadcrumb"},"inLanguage":"pt-BR","potentialAction":[{"@type":"ReadAction","target":["https:\/\/www.classicshow.com.br\/site\/classificados-carros-antigos\/"]}]},{"@type":"BreadcrumbList","@id":"https:\/\/www.classicshow.com.br\/site\/classificados-carros-antigos\/#breadcrumb","itemListElement":[{"@type":"ListItem","position":1,"name":"In\u00edcio","item":"https:\/\/www.classicshow.com.br\/site\/"},{"@type":"ListItem","position":2,"name":"Classificados"}]}]}},"_links":{"self":[{"href":"https:\/\/www.classicshow.com.br\/site\/wp-json\/wp\/v2\/pages\/30"}],"collection":[{"href":"https:\/\/www.classicshow.com.br\/site\/wp-json\/wp\/v2\/pages"}],"about":[{"href":"https:\/\/www.classicshow.com.br\/site\/wp-json\/wp\/v2\/types\/page"}],"author":[{"embeddable":true,"href":"https:\/\/www.classicshow.com.br\/site\/wp-json\/wp\/v2\/users\/1"}],"replies":[{"embeddable":true,"href":"https:\/\/www.classicshow.com.br\/site\/wp-json\/wp\/v2\/comments?post=30"}],"version-history":[{"count":50,"href":"https:\/\/www.classicshow.com.br\/site\/wp-json\/wp\/v2\/pages\/30\/revisions"}],"predecessor-version":[{"id":20231,"href":"https:\/\/www.classicshow.com.br\/site\/wp-json\/wp\/v2\/pages\/30\/revisions\/20231"}],"wp:attachment":[{"href":"https:\/\/www.classicshow.com.br\/site\/wp-json\/wp\/v2\/media?parent=30"}],"curies":[{"name":"wp","href":"https:\/\/api.w.org\/{rel}","templated":true}]}}