{"id":185,"date":"2015-09-29T08:46:45","date_gmt":"2015-09-29T11:46:45","guid":{"rendered":"http:\/\/www.classicshow.com.br\/site\/?page_id=185"},"modified":"2023-11-16T20:54:11","modified_gmt":"2023-11-16T23:54:11","slug":"revista-de-carro-antigo","status":"publish","type":"page","link":"https:\/\/www.classicshow.com.br\/site\/revista-de-carro-antigo\/","title":{"rendered":"A Revista"},"content":{"rendered":"<h5 class=\"style20\" style=\"text-align: center;\" align=\"justify\"><\/h5>\n<h5 class=\"style20\" style=\"text-align: center;\" align=\"justify\"><a href=\"http:\/\/classicshow.lojavirtualfc.com.br\/ListaProdutos.asp?IDLoja=14163&amp;IDCategoria=109231&amp;q=assinaturas\" target=\"_blank\" rel=\"noopener noreferrer\"><img loading=\"lazy\" class=\"alignnone size-full wp-image-674\" src=\"http:\/\/www.classicshow.com.br\/site\/wp-content\/uploads\/2015\/09\/classicshow-arevista-ed011.jpg\" alt=\"Revista Classic Show, a sua revista de carros antigos\" width=\"800\" height=\"445\" srcset=\"https:\/\/www.classicshow.com.br\/site\/wp-content\/uploads\/2015\/09\/classicshow-arevista-ed011.jpg 800w, https:\/\/www.classicshow.com.br\/site\/wp-content\/uploads\/2015\/09\/classicshow-arevista-ed011-300x167.jpg 300w\" sizes=\"(max-width: 800px) 100vw, 800px\" \/><\/a><\/h5>\n<h5 class=\"style20\" style=\"text-align: center;\" align=\"justify\">Clique na imagem acima e aproveite para fazer a assinatura<br \/>\nda maior revista de carros antigos do Brasil!<\/h5>\n<p>&nbsp;<\/p>\n<p>&nbsp;<\/p>\n<p class=\"style20\" style=\"text-align: justify;\" align=\"justify\">Revista de Garagem<\/p>\n<p class=\"style18\" style=\"text-align: justify;\" align=\"justify\">Qual jovem que n\u00e3o pensou pelo menos uma vez na vida em montar uma banda de garagem? Mesmo o mais desafinado dos cantores de chuveiro j\u00e1 deve ter se imaginado reunindo a galera, desde o que mal sabe dedilhar um viol\u00e3o ou guitarra ao \u201cbarulhento da bateria\u201d, e mandando ver&#8230; Isso sempre come\u00e7a na garagem do pai, que muitas vezes d\u00e1 adeus ao espa\u00e7o do cortador de grama, da churrasqueira port\u00e1til, das ferramentas, e \u00e0s vezes at\u00e9 ao abrigo do carro. A maioria dessas bandinhas serve apenas para enlouquecer a vizinhan\u00e7a por alguns meses; depois de guitarra pra c\u00e1, bateria pra l\u00e1&#8230; e cada um na sua. J\u00e1 outras mais persistentes e crentes de seu potencial, mesmo com sacrif\u00edcio insistem em melhorar e aprimorar seu som at\u00e9 que certo dia l\u00e1 vem um gritando: \u201cTocaram nossa m\u00fasica na r\u00e1dio!\u201d. Da\u00ed para frente o \u00e2nimo melhora, surgem sonhos e expectativas de uma vida melhor, fazendo o que mais gosta, al\u00e9m de fazer a alegria do p\u00fablico, que \u00e9 o que mais importa!<\/p>\n<p style=\"text-align: justify;\">O sonho de montar uma banda tamb\u00e9m passou pela nossa cabe\u00e7a, mas quis nosso apetite insaci\u00e1vel pelo <strong>mundo do autom\u00f3vel<\/strong> que, ao inv\u00e9s desta, surgisse uma \u201cRevista de Garagem\u201d. Foi exatamente assim que h\u00e1 mais de 16 anos tudo come\u00e7ou, em uma pequena garagem com tr\u00eas computadores e um funcion\u00e1rio, uma m\u00e1quina fotogr\u00e1fica dom\u00e9stica e um carro emprestado por nossos pais. Com o pouco que t\u00ednhamos na m\u00e3o tentamos fazer muito, e muito antes da data oficial de lan\u00e7amento da revista j\u00e1 trabalh\u00e1vamos nesse projeto h\u00e1 cerca de dois anos. Nesse per\u00edodo as ideias foram tomando forma, e logo um caderno escolar de 40 p\u00e1ginas rabiscadas \u00e0 m\u00e3o se transformou no \u201cprot\u00f3tipo\u201d do que hoje \u00e9 a <strong>Revista Classic Show<\/strong>. Esse caderno est\u00e1 aqui, no arquivo hist\u00f3rico da editora, todo rabiscado e, olhando para ele, parece que foi ontem que fizemos os \u00faltimos rabiscos. At\u00e9 as fotos tinham lugar certo antes mesmo de existirem. Tudo executado com a \u201ctecnologia\u201d de uma caneta Bic.<\/p>\n<p style=\"text-align: justify;\">O desejo de dar vida a uma revista j\u00e1 vinha de longe, l\u00e1 dos idos de 1994, quando nos embrenh\u00e1vamos atr\u00e1s de <strong>autom\u00f3veis antigos<\/strong> e em <strong>ferros-velhos<\/strong> \u00e0 procura de artefatos interessantes para compor uma cole\u00e7\u00e3o e at\u00e9 vender para quem precisasse. Foi exatamente nessa \u00e9poca que fizemos um an\u00fancio de um punhado de pe\u00e7as na Revista Auto e T\u00e9cnica, que nos brindava a cada edi\u00e7\u00e3o com um encarte exclusivo sobre autom\u00f3veis antigos. Eram as seis p\u00e1ginas mais esperadas do m\u00eas para um bocado de gente. Ali, nos tornamos amigos da reda\u00e7\u00e3o e, em especial, de um redator, que tomou por surpresa o curioso an\u00fancio de pe\u00e7as para Studebaker, t\u00e3o dif\u00edceis de serem encontradas, ainda mais assim: aos lotes. Recebemos um telefonema desse jovem, muito interessado na origem dessas pe\u00e7as, o qual nos pediu para que lhe envi\u00e1ssemos fotos e texto sobre o ferro-velho que hav\u00edamos visitado. Quanta honra foi ver alguns meses depois uma mat\u00e9ria publicada e nosso nome naquela revista. Se f\u00f4ssemos de uma banda seria como sair na \u201cRolling Stone\u201d! Foi o in\u00edcio de uma paix\u00e3o, uma satisfa\u00e7\u00e3o insuper\u00e1vel de poder dividir nosso sentimento com pessoas que tinham o mesmo apego aos autom\u00f3veis antigos, e a\u00ed veio a ideia de fazer uma revista exclusiva sobre o assunto. Mas era apenas um sonho moment\u00e2neo, pois, como poder\u00edamos n\u00f3s, de uma cidade de pouco mais\u00a0de 80 mil habitantes, do interior do Rio Grande do Sul, fazer uma revista de abrang\u00eancia nacional? Imposs\u00edvel!<\/p>\n<p style=\"text-align: justify;\">Nessa mesma \u00e9poca, nosso programa de TV favorito era \u201cJ\u00f4 Soares Onze e Meia\u201d que, apesar do nome, come\u00e7ava l\u00e1 pela uma da madrugada. Era o programa para quem sofria de ins\u00f4nia, mas na maioria dos epis\u00f3dios fazia sentido ficar acordado at\u00e9 \u00e0s 2 ou 3 da manh\u00e3, e n\u00e3o foi em v\u00e3o. Em uma noite fria de inverno realmente valeu a pena em todos os sentidos. Na ocasi\u00e3o, J\u00f4 entrevistava um famoso e falastr\u00e3o escritor, que lan\u00e7ava justamente uma revista de humor no programa. A entrevista foi inspiradora e divertida, e teve at\u00e9 o tradicional \u201caaaaaaah\u201d da plateia na despedida. Mas antes de \u201cdespachar\u201d o convidado, J\u00f4 Soares fez uma \u00faltima pergunta, e a resposta dada pelo escritor mexeu com a gente e agu\u00e7ou a nossa curiosidade de tal forma que n\u00e3o pregamos o olho naquela noite&#8230; \u201cOnde \u00e9 editada essa revista?\u201d. A reposta: \u201cAh, J\u00f4! Onde mais? Em S\u00e3o Paulo, \u00e9 claro!\u201d. A atitude, de certa forma arrogante, nos fez pensar que realmente 90% das publica\u00e7\u00f5es de renome do Brasil eram mesmo publicadas naquela cidade&#8230; Mas por que? Ser\u00e1 que n\u00e3o era mesmo poss\u00edvel fazer uma publica\u00e7\u00e3o de qualidade no interior de qualquer outro estado?<\/p>\n<p style=\"text-align: justify;\">Decidimos que sim, era poss\u00edvel, e com mais vontade do que conhecimento, mais coragem do que possibilidades, colocamos a \u201cm\u00e3o na massa\u201d e fizemos sair daquela pequena garagem a primeira revista nacional exclusiva sobre <strong>autom\u00f3veis antigos<\/strong> do s\u00e9culo 21 e, a maior ironia de todas, foi que imprimimos a edi\u00e7\u00e3o n\u00famero 01 em uma gr\u00e1fica de uma pequena cidade, com menos de 18 mil habitantes. E na falta de uma editora, criamos uma, leia-se Fagundes Gr\u00e1fica e Editora Ltda.\u00a0Cheia de novidades, com algumas p\u00e1ginas em preto e branco, a \u201c<strong>Classic Show Magazine<\/strong>\u201d n\u00famero 01 estreou oficialmente no evento chamado de II Merco Veteran Car, na cidade de Chapec\u00f3\/SC, no dia 28 de abril do ano de 2000, nascendo junto com um novo s\u00e9culo, onde nosso pa\u00eds fazia 500 anos, sem o fim do mundo, bug do mil\u00eanio, ou carros voadores como se era especulado.<\/p>\n<p style=\"text-align: justify;\">Sempre fomos leitores \u00e1vidos por artigos que enfatizavam autom\u00f3veis de outrora, por\u00e9m, muitas vezes n\u00e3o encontr\u00e1vamos uma linguagem que realmente conversasse conosco, por isso, desde o primeiro momento, nossa ideia sempre foi fazer uma revista de leitor para leitor, sendo assim, agora comemorando nossos 16 anos em 2016, creio que tenhamos acertado a receita. Mas isso n\u00e3o foi apenas por nossos m\u00e9ritos. Para chegar at\u00e9 aqui, ou melhor, s\u00f3 para que tiv\u00e9ssemos o \u00eaxito de lan\u00e7ar a primeira edi\u00e7\u00e3o, contamos com a boa vontade de muitos que apostaram e acreditaram em n\u00f3s, e a esses temos s\u00f3 a agradecer. Se f\u00f4ssemos citar todos os nomes envolvidos nessa caminhada, faltariam p\u00e1ginas nesta edi\u00e7\u00e3o, mas mesmo correndo o risco de sermos injustos ao esquecer de algu\u00e9m, gostar\u00edamos de fazer um agradecimento especial a algumas personalidades, que mesmo antes desta revista existir j\u00e1 nos apoiavam e davam o incentivo que precis\u00e1vamos: a Deus, em primeiro lugar, e \u00e0 nossas fam\u00edlias; ao Sr. Rafael Tambasco, que nos apresentou o Uruguay em 1995, cujas fotos est\u00e3o na primeira edi\u00e7\u00e3o; a Rog\u00e9rio Ferraresi e aos irm\u00e3os Ricardo e Rubens Caruso, da Revista Auto e T\u00e9cnica, que nos deram a oportunidade de conhecer de perto o mundo editorial; a Cleomar Slavieiro, Salvio Souza e Avelino Correa, que nos deram conselhos preciosos; ao Sr. Paulo Bagesteiro e ao Sr. Marinho, que dividiram conosco sua experi\u00eancia e conhecimento, que muito nos ensinaram sobre esse mundo t\u00e3o vasto; ao Sr. M\u00e1rio Ferretti, nosso grande \u201cmarqueteiro\u201d, que tivemos o prazer de conhecer ao negociarmos algumas pe\u00e7as de Studebaker; aos anunciantes \u201cdesbravadores\u201d que apostaram em n\u00f3s naquela primeira edi\u00e7\u00e3o e, em especial ao primeiro deles, o saudoso Romeu Siciliano. Agradecemos tamb\u00e9m ao Veteran Car Club de Chapec\u00f3\/SC, que nos recebeu de bra\u00e7os abertos; a Astrid Friedrich, nossa assinante n\u00famero 01, e a todos os outros amigos, leitores, anunciantes, parceiros, colaboradores e a todo quadro de funcion\u00e1rios que estiveram ao nosso lado por mais de uma d\u00e9cada. A todos mesmo!!! Tamb\u00e9m n\u00e3o podemos esquecer daqueles que diziam que jamais iria dar certo&#8230; A esses, um agradecimento ainda mais especial, pois cada palavra negativa proferida nos deu mais for\u00e7as e garra para provar que estavam&#8230; errados!<\/p>\n<p style=\"text-align: justify;\">N\u00e3o h\u00e1 mais nada a dizer se n\u00e3o&#8230; muito obrigado!<\/p>\n<p class=\"style18\" style=\"text-align: right;\" align=\"justify\"><strong>Os Editores<\/strong><br \/>\n<strong> Revista Classic Show<\/strong><\/p>\n<p class=\"style18\" style=\"text-align: justify;\" align=\"justify\">\n","protected":false},"excerpt":{"rendered":"<p>Clique na imagem acima e aproveite para fazer a assinatura da maior revista de carros antigos do Brasil! &nbsp; &nbsp; Revista de Garagem Qual jovem que n\u00e3o pensou pelo menos uma vez na vida em montar uma banda de garagem? Mesmo o mais desafinado dos cantores de chuveiro j\u00e1 deve ter se imaginado reunindo a [&hellip;]<\/p>\n","protected":false},"author":1,"featured_media":0,"parent":0,"menu_order":0,"comment_status":"closed","ping_status":"closed","template":"","meta":{"_links_to":"","_links_to_target":""},"yoast_head":"<!-- This site is optimized with the Yoast SEO plugin v19.3 - https:\/\/yoast.com\/wordpress\/plugins\/seo\/ -->\n<title>Revista Classic Show - A sua revista de carros antigos<\/title>\n<meta name=\"description\" content=\"Conhe\u00e7a a hist\u00f3ria da Revista Classic Show, a sua revista de carros antigos! Aproveite para fazer a assinatura da maior revista de carros antigos do Brasil!\" \/>\n<meta name=\"robots\" content=\"index, follow, max-snippet:-1, max-image-preview:large, max-video-preview:-1\" \/>\n<link rel=\"canonical\" href=\"https:\/\/www.classicshow.com.br\/site\/revista-de-carro-antigo\/\" \/>\n<meta property=\"og:locale\" content=\"pt_BR\" \/>\n<meta property=\"og:type\" content=\"article\" \/>\n<meta property=\"og:title\" content=\"Revista Classic Show - A sua revista de carros antigos\" \/>\n<meta property=\"og:description\" content=\"Conhe\u00e7a a hist\u00f3ria da Revista Classic Show, a sua revista de carros antigos! Aproveite para fazer a assinatura da maior revista de carros antigos do Brasil!\" \/>\n<meta property=\"og:url\" content=\"https:\/\/www.classicshow.com.br\/site\/revista-de-carro-antigo\/\" \/>\n<meta property=\"og:site_name\" content=\"Revista Classic Show, a sua revista de carros antigos\" \/>\n<meta property=\"article:publisher\" content=\"https:\/\/www.facebook.com\/classic.show.7\" \/>\n<meta property=\"article:modified_time\" content=\"2023-11-16T23:54:11+00:00\" \/>\n<meta property=\"og:image\" content=\"http:\/\/www.classicshow.com.br\/site\/wp-content\/uploads\/2015\/09\/classicshow-arevista-ed011.jpg\" \/>\n<meta name=\"twitter:card\" content=\"summary_large_image\" \/>\n<meta name=\"twitter:site\" content=\"@revista_cshow\" \/>\n<meta name=\"twitter:label1\" content=\"Est. tempo de leitura\" \/>\n\t<meta name=\"twitter:data1\" content=\"8 minutos\" \/>\n<script type=\"application\/ld+json\" class=\"yoast-schema-graph\">{\"@context\":\"https:\/\/schema.org\",\"@graph\":[{\"@type\":\"Organization\",\"@id\":\"https:\/\/www.classicshow.com.br\/site\/#organization\",\"name\":\"Revista Classic Show, a sua revista de carros antigos\",\"url\":\"https:\/\/www.classicshow.com.br\/site\/\",\"sameAs\":[\"https:\/\/www.youtube.com\/user\/ClassicShowM\",\"https:\/\/www.facebook.com\/classic.show.7\",\"https:\/\/twitter.com\/revista_cshow\"],\"logo\":{\"@type\":\"ImageObject\",\"inLanguage\":\"pt-BR\",\"@id\":\"https:\/\/www.classicshow.com.br\/site\/#\/schema\/logo\/image\/\",\"url\":\"https:\/\/www.classicshow.com.br\/site\/wp-content\/uploads\/2015\/09\/logo_cs.jpg\",\"contentUrl\":\"https:\/\/www.classicshow.com.br\/site\/wp-content\/uploads\/2015\/09\/logo_cs.jpg\",\"width\":339,\"height\":150,\"caption\":\"Revista Classic Show, a sua revista de carros antigos\"},\"image\":{\"@id\":\"https:\/\/www.classicshow.com.br\/site\/#\/schema\/logo\/image\/\"}},{\"@type\":\"WebSite\",\"@id\":\"https:\/\/www.classicshow.com.br\/site\/#website\",\"url\":\"https:\/\/www.classicshow.com.br\/site\/\",\"name\":\"Revista Classic Show, a sua revista de carros antigos\",\"description\":\"Fa\u00e7a sua assinatura! Aqui voc\u00ea encontra tudo sobre o universo dos carros antigos: mat\u00e9rias completas, encontros de carros antigos, livros especializados e muito mais!\",\"publisher\":{\"@id\":\"https:\/\/www.classicshow.com.br\/site\/#organization\"},\"potentialAction\":[{\"@type\":\"SearchAction\",\"target\":{\"@type\":\"EntryPoint\",\"urlTemplate\":\"https:\/\/www.classicshow.com.br\/site\/?s={search_term_string}\"},\"query-input\":\"required name=search_term_string\"}],\"inLanguage\":\"pt-BR\"},{\"@type\":\"ImageObject\",\"inLanguage\":\"pt-BR\",\"@id\":\"https:\/\/www.classicshow.com.br\/site\/revista-de-carro-antigo\/#primaryimage\",\"url\":\"http:\/\/www.classicshow.com.br\/site\/wp-content\/uploads\/2015\/09\/classicshow-arevista-ed011.jpg\",\"contentUrl\":\"http:\/\/www.classicshow.com.br\/site\/wp-content\/uploads\/2015\/09\/classicshow-arevista-ed011.jpg\"},{\"@type\":\"WebPage\",\"@id\":\"https:\/\/www.classicshow.com.br\/site\/revista-de-carro-antigo\/\",\"url\":\"https:\/\/www.classicshow.com.br\/site\/revista-de-carro-antigo\/\",\"name\":\"Revista Classic Show - A sua revista de carros antigos\",\"isPartOf\":{\"@id\":\"https:\/\/www.classicshow.com.br\/site\/#website\"},\"primaryImageOfPage\":{\"@id\":\"https:\/\/www.classicshow.com.br\/site\/revista-de-carro-antigo\/#primaryimage\"},\"datePublished\":\"2015-09-29T11:46:45+00:00\",\"dateModified\":\"2023-11-16T23:54:11+00:00\",\"description\":\"Conhe\u00e7a a hist\u00f3ria da Revista Classic Show, a sua revista de carros antigos! Aproveite para fazer a assinatura da maior revista de carros antigos do Brasil!\",\"breadcrumb\":{\"@id\":\"https:\/\/www.classicshow.com.br\/site\/revista-de-carro-antigo\/#breadcrumb\"},\"inLanguage\":\"pt-BR\",\"potentialAction\":[{\"@type\":\"ReadAction\",\"target\":[\"https:\/\/www.classicshow.com.br\/site\/revista-de-carro-antigo\/\"]}]},{\"@type\":\"BreadcrumbList\",\"@id\":\"https:\/\/www.classicshow.com.br\/site\/revista-de-carro-antigo\/#breadcrumb\",\"itemListElement\":[{\"@type\":\"ListItem\",\"position\":1,\"name\":\"In\u00edcio\",\"item\":\"https:\/\/www.classicshow.com.br\/site\/\"},{\"@type\":\"ListItem\",\"position\":2,\"name\":\"A Revista\"}]}]}<\/script>\n<!-- \/ Yoast SEO plugin. -->","yoast_head_json":{"title":"Revista Classic Show - A sua revista de carros antigos","description":"Conhe\u00e7a a hist\u00f3ria da Revista Classic Show, a sua revista de carros antigos! Aproveite para fazer a assinatura da maior revista de carros antigos do Brasil!","robots":{"index":"index","follow":"follow","max-snippet":"max-snippet:-1","max-image-preview":"max-image-preview:large","max-video-preview":"max-video-preview:-1"},"canonical":"https:\/\/www.classicshow.com.br\/site\/revista-de-carro-antigo\/","og_locale":"pt_BR","og_type":"article","og_title":"Revista Classic Show - A sua revista de carros antigos","og_description":"Conhe\u00e7a a hist\u00f3ria da Revista Classic Show, a sua revista de carros antigos! Aproveite para fazer a assinatura da maior revista de carros antigos do Brasil!","og_url":"https:\/\/www.classicshow.com.br\/site\/revista-de-carro-antigo\/","og_site_name":"Revista Classic Show, a sua revista de carros antigos","article_publisher":"https:\/\/www.facebook.com\/classic.show.7","article_modified_time":"2023-11-16T23:54:11+00:00","og_image":[{"url":"http:\/\/www.classicshow.com.br\/site\/wp-content\/uploads\/2015\/09\/classicshow-arevista-ed011.jpg"}],"twitter_card":"summary_large_image","twitter_site":"@revista_cshow","twitter_misc":{"Est. tempo de leitura":"8 minutos"},"schema":{"@context":"https:\/\/schema.org","@graph":[{"@type":"Organization","@id":"https:\/\/www.classicshow.com.br\/site\/#organization","name":"Revista Classic Show, a sua revista de carros antigos","url":"https:\/\/www.classicshow.com.br\/site\/","sameAs":["https:\/\/www.youtube.com\/user\/ClassicShowM","https:\/\/www.facebook.com\/classic.show.7","https:\/\/twitter.com\/revista_cshow"],"logo":{"@type":"ImageObject","inLanguage":"pt-BR","@id":"https:\/\/www.classicshow.com.br\/site\/#\/schema\/logo\/image\/","url":"https:\/\/www.classicshow.com.br\/site\/wp-content\/uploads\/2015\/09\/logo_cs.jpg","contentUrl":"https:\/\/www.classicshow.com.br\/site\/wp-content\/uploads\/2015\/09\/logo_cs.jpg","width":339,"height":150,"caption":"Revista Classic Show, a sua revista de carros antigos"},"image":{"@id":"https:\/\/www.classicshow.com.br\/site\/#\/schema\/logo\/image\/"}},{"@type":"WebSite","@id":"https:\/\/www.classicshow.com.br\/site\/#website","url":"https:\/\/www.classicshow.com.br\/site\/","name":"Revista Classic Show, a sua revista de carros antigos","description":"Fa\u00e7a sua assinatura! Aqui voc\u00ea encontra tudo sobre o universo dos carros antigos: mat\u00e9rias completas, encontros de carros antigos, livros especializados e muito mais!","publisher":{"@id":"https:\/\/www.classicshow.com.br\/site\/#organization"},"potentialAction":[{"@type":"SearchAction","target":{"@type":"EntryPoint","urlTemplate":"https:\/\/www.classicshow.com.br\/site\/?s={search_term_string}"},"query-input":"required name=search_term_string"}],"inLanguage":"pt-BR"},{"@type":"ImageObject","inLanguage":"pt-BR","@id":"https:\/\/www.classicshow.com.br\/site\/revista-de-carro-antigo\/#primaryimage","url":"http:\/\/www.classicshow.com.br\/site\/wp-content\/uploads\/2015\/09\/classicshow-arevista-ed011.jpg","contentUrl":"http:\/\/www.classicshow.com.br\/site\/wp-content\/uploads\/2015\/09\/classicshow-arevista-ed011.jpg"},{"@type":"WebPage","@id":"https:\/\/www.classicshow.com.br\/site\/revista-de-carro-antigo\/","url":"https:\/\/www.classicshow.com.br\/site\/revista-de-carro-antigo\/","name":"Revista Classic Show - A sua revista de carros antigos","isPartOf":{"@id":"https:\/\/www.classicshow.com.br\/site\/#website"},"primaryImageOfPage":{"@id":"https:\/\/www.classicshow.com.br\/site\/revista-de-carro-antigo\/#primaryimage"},"datePublished":"2015-09-29T11:46:45+00:00","dateModified":"2023-11-16T23:54:11+00:00","description":"Conhe\u00e7a a hist\u00f3ria da Revista Classic Show, a sua revista de carros antigos! Aproveite para fazer a assinatura da maior revista de carros antigos do Brasil!","breadcrumb":{"@id":"https:\/\/www.classicshow.com.br\/site\/revista-de-carro-antigo\/#breadcrumb"},"inLanguage":"pt-BR","potentialAction":[{"@type":"ReadAction","target":["https:\/\/www.classicshow.com.br\/site\/revista-de-carro-antigo\/"]}]},{"@type":"BreadcrumbList","@id":"https:\/\/www.classicshow.com.br\/site\/revista-de-carro-antigo\/#breadcrumb","itemListElement":[{"@type":"ListItem","position":1,"name":"In\u00edcio","item":"https:\/\/www.classicshow.com.br\/site\/"},{"@type":"ListItem","position":2,"name":"A Revista"}]}]}},"_links":{"self":[{"href":"https:\/\/www.classicshow.com.br\/site\/wp-json\/wp\/v2\/pages\/185"}],"collection":[{"href":"https:\/\/www.classicshow.com.br\/site\/wp-json\/wp\/v2\/pages"}],"about":[{"href":"https:\/\/www.classicshow.com.br\/site\/wp-json\/wp\/v2\/types\/page"}],"author":[{"embeddable":true,"href":"https:\/\/www.classicshow.com.br\/site\/wp-json\/wp\/v2\/users\/1"}],"replies":[{"embeddable":true,"href":"https:\/\/www.classicshow.com.br\/site\/wp-json\/wp\/v2\/comments?post=185"}],"version-history":[{"count":19,"href":"https:\/\/www.classicshow.com.br\/site\/wp-json\/wp\/v2\/pages\/185\/revisions"}],"predecessor-version":[{"id":22372,"href":"https:\/\/www.classicshow.com.br\/site\/wp-json\/wp\/v2\/pages\/185\/revisions\/22372"}],"wp:attachment":[{"href":"https:\/\/www.classicshow.com.br\/site\/wp-json\/wp\/v2\/media?parent=185"}],"curies":[{"name":"wp","href":"https:\/\/api.w.org\/{rel}","templated":true}]}}