{"id":13403,"date":"2018-09-14T16:46:30","date_gmt":"2018-09-14T19:46:30","guid":{"rendered":"http:\/\/www.classicshow.com.br\/site\/?page_id=13403"},"modified":"2021-09-08T11:44:30","modified_gmt":"2021-09-08T14:44:30","slug":"onde-comprar","status":"publish","type":"page","link":"https:\/\/www.classicshow.com.br\/site\/onde-comprar\/","title":{"rendered":"Onde comprar"},"content":{"rendered":"<p><img loading=\"lazy\" class=\"alignnone size-full wp-image-14422\" src=\"http:\/\/www.classicshow.com.br\/site\/wp-content\/uploads\/2018\/12\/bancas.jpg\" alt=\"\" width=\"800\" height=\"132\" srcset=\"https:\/\/www.classicshow.com.br\/site\/wp-content\/uploads\/2018\/12\/bancas.jpg 800w, https:\/\/www.classicshow.com.br\/site\/wp-content\/uploads\/2018\/12\/bancas-300x50.jpg 300w, https:\/\/www.classicshow.com.br\/site\/wp-content\/uploads\/2018\/12\/bancas-768x127.jpg 768w\" sizes=\"(max-width: 800px) 100vw, 800px\" \/><\/p>\n<p>Onde comprar a Revista Classic Show? Escolha o estado:<\/p>\n<table style=\"height: 104px;\" width=\"781\">\n<tbody>\n<tr>\n<td style=\"text-align: center;\"><a href=\"#AC\">AC<\/a><\/td>\n<td style=\"text-align: center;\"><a href=\"#AL\">AL<\/a><\/td>\n<td style=\"text-align: center;\"><a href=\"#AP\">AP<\/a><\/td>\n<td style=\"text-align: center;\"><a href=\"#AM\">AM<\/a><\/td>\n<td style=\"text-align: center;\"><a href=\"#BA\">BA<\/a><\/td>\n<td style=\"text-align: center;\"><a href=\"#CE\">CE<\/a><\/td>\n<td style=\"text-align: center;\"><a href=\"#DF\">DF<\/a><\/td>\n<\/tr>\n<tr>\n<td style=\"text-align: center;\"><a href=\"#ES\">ES<\/a><\/td>\n<td style=\"text-align: center;\"><a href=\"#GO\">GO<\/a><\/td>\n<td style=\"text-align: center;\"><a href=\"#MA\">MA<\/a><\/td>\n<td style=\"text-align: center;\"><a href=\"#MT\">MT<\/a><\/td>\n<td style=\"text-align: center;\"><a href=\"#MS\">MS<\/a><\/td>\n<td style=\"text-align: center;\"><a href=\"#MG\">MG<\/a><\/td>\n<td style=\"text-align: center;\"><a href=\"#PA\">PA<\/a><\/td>\n<\/tr>\n<tr>\n<td style=\"text-align: center;\"><a href=\"#PB\">PB<\/a><\/td>\n<td style=\"text-align: center;\"><a href=\"#PR\">PR<\/a><\/td>\n<td style=\"text-align: center;\"><a href=\"#PE\">PE<\/a><\/td>\n<td style=\"text-align: center;\"><a href=\"#PI\">PI<\/a><\/td>\n<td style=\"text-align: center;\"><a href=\"#RJ\">RJ<\/a><\/td>\n<td style=\"text-align: center;\"><a href=\"#RN\">RN<\/a><\/td>\n<td style=\"text-align: center;\"><a href=\"#RS\">RS<\/a><\/td>\n<\/tr>\n<tr>\n<td style=\"text-align: center;\"><a href=\"#RO\">RO<\/a><\/td>\n<td style=\"text-align: center;\"><a href=\"#RR\">RR<\/a><\/td>\n<td style=\"text-align: center;\"><a href=\"#SC\">SC<\/a><\/td>\n<td style=\"text-align: center;\"><a href=\"#SP\">SP<\/a><\/td>\n<td style=\"text-align: center;\"><a href=\"#SE\">SE<\/a><\/td>\n<td style=\"text-align: center;\"><a href=\"#TO\">TO<\/a><\/td>\n<td style=\"text-align: center;\"><\/td>\n<\/tr>\n<\/tbody>\n<\/table>\n<p>&nbsp;<\/p>\n<p><a name=\"AC\"><\/a>ACRE<\/p>\n<p><em>Em todas as bancas abastecidas pela RAC M\u00eddia.<\/em><\/p>\n<div class=\"mom_hr mom_hr_ mom_hr_medium\" style=\"\"><span class=\"mom_inner_hr\"><\/span><\/div>\n<p><a name=\"AL\"><\/a>ALAGOAS<\/p>\n<p><em>Em todas as bancas abastecidas pela RAC M\u00eddia.<\/em><\/p>\n<div class=\"mom_hr mom_hr_ mom_hr_medium\" style=\"\"><span class=\"mom_inner_hr\"><\/span><\/div>\n<p><a name=\"AP\"><\/a>AMAP\u00c1<\/p>\n<p><em>Em todas as bancas abastecidas pela RAC M\u00eddia.<\/em><\/p>\n<div class=\"mom_hr mom_hr_ mom_hr_medium\" style=\"\"><span class=\"mom_inner_hr\"><\/span><\/div>\n<p><a name=\"AM\"><\/a>AMAZONAS<\/p>\n<p><em>Em todas as bancas abastecidas pela RAC M\u00eddia.<\/em><\/p>\n<div class=\"mom_hr mom_hr_ mom_hr_medium\" style=\"\"><span class=\"mom_inner_hr\"><\/span><\/div>\n<p><a name=\"BA\"><\/a>BAHIA<\/p>\n<p><em>Em todas as bancas abastecidas pela RAC M\u00eddia.<\/em><\/p>\n<div class=\"mom_hr mom_hr_ mom_hr_medium\" style=\"\"><span class=\"mom_inner_hr\"><\/span><\/div>\n<p><a name=\"CE\"><\/a>CEAR\u00c1<\/p>\n<p><em>Em todas as bancas abastecidas pela RAC M\u00eddia.<\/em><\/p>\n<div class=\"mom_hr mom_hr_ mom_hr_medium\" style=\"\"><span class=\"mom_inner_hr\"><\/span><\/div>\n<p><a name=\"DF\"><\/a>DISTRITO FEDERAL<\/p>\n<p><em>Em todas as bancas abastecidas pela RAC M\u00eddia.<\/em><\/p>\n<div class=\"mom_hr mom_hr_ mom_hr_medium\" style=\"\"><span class=\"mom_inner_hr\"><\/span><\/div>\n<p><a name=\"ES\"><\/a>ESP\u00cdRITO SANTO<\/p>\n<p><em>Em todas as bancas abastecidas pela RAC M\u00eddia.<\/em><\/p>\n<div class=\"mom_hr mom_hr_ mom_hr_medium\" style=\"\"><span class=\"mom_inner_hr\"><\/span><\/div>\n<p><a name=\"GO\"><\/a>GOI\u00c1S<\/p>\n<p><em>Em todas as bancas abastecidas pela RAC M\u00eddia.<\/em><\/p>\n<div class=\"mom_hr mom_hr_ mom_hr_medium\" style=\"\"><span class=\"mom_inner_hr\"><\/span><\/div>\n<p><a name=\"MA\"><\/a>MARANH\u00c3O<\/p>\n<p><em>Em todas as bancas abastecidas pela RAC M\u00eddia.<\/em><\/p>\n<div class=\"mom_hr mom_hr_ mom_hr_medium\" style=\"\"><span class=\"mom_inner_hr\"><\/span><\/div>\n<p><a name=\"MT\"><\/a>MATO GROSSO<\/p>\n<p><em>Em todas as bancas abastecidas pela RAC M\u00eddia.<\/em><\/p>\n<div class=\"mom_hr mom_hr_ mom_hr_medium\" style=\"\"><span class=\"mom_inner_hr\"><\/span><\/div>\n<p><a name=\"MS\"><\/a>MATO GROSSO DO SUL<\/p>\n<p><em>Em todas as bancas abastecidas pela RAC M\u00eddia.<\/em><\/p>\n<div class=\"mom_hr mom_hr_ mom_hr_medium\" style=\"\"><span class=\"mom_inner_hr\"><\/span><\/div>\n<p><a name=\"MG\"><\/a>MINAS GERAIS<\/p>\n<p><em>Em todas as bancas abastecidas pela RAC M\u00eddia.<\/em><\/p>\n<div class=\"mom_hr mom_hr_ mom_hr_medium\" style=\"\"><span class=\"mom_inner_hr\"><\/span><\/div>\n<p><a name=\"PA\"><\/a>PAR\u00c1<\/p>\n<p><em>Em todas as bancas abastecidas pela RAC M\u00eddia.<\/em><\/p>\n<div class=\"mom_hr mom_hr_ mom_hr_medium\" style=\"\"><span class=\"mom_inner_hr\"><\/span><\/div>\n<p><a name=\"PB\"><\/a>PARA\u00cdBA<\/p>\n<p><em>Em todas as bancas abastecidas pela RAC M\u00eddia.<\/em><\/p>\n<div class=\"mom_hr mom_hr_ mom_hr_medium\" style=\"\"><span class=\"mom_inner_hr\"><\/span><\/div>\n<p><a name=\"PR\"><\/a>PARAN\u00c1<\/p>\n<p><em>Em todas as bancas abastecidas pela RAC M\u00eddia.<\/em><\/p>\n<p><span style=\"color: #dd3333;\"><strong>Revistaria Bom Jesus<\/strong><\/span><br \/>\nRua Jaime Bal\u00e3o, 201 &#8211; Cabral<br \/>\nCuritiba\/PR<br \/>\n(41) 3264-7662<br \/>\nrev.bomjesus@gmail.com<\/p>\n<p><span style=\"color: #dd3333;\"><strong>Museu do Autom\u00f3vel de Curitiba<\/strong><\/span><br \/>\nRua Visconde de Guarapuava, 665 &#8211; Alto da XV<br \/>\nCuritiba\/PR<br \/>\n(41) 3332-2224<\/p>\n<p><span style=\"color: #dd3333;\"><strong>Banca Rodeio<\/strong><\/span><br \/>\nRua Professor Jo\u00e3o Candido, 333<br \/>\nLondrina\/PR<br \/>\n(43) 3324-7603<br \/>\nbancarodeio@gmail.com<\/p>\n<p><span style=\"color: #dd3333;\"><strong>Revistaria e Papelaria Avenida<\/strong><\/span><br \/>\nAv. Arapongas, 1400 &#8211; Centro<br \/>\nArapongas\/PR<br \/>\n(43) 3252-1205<br \/>\nsilviayuyama@hotmail.com<\/p>\n<div class=\"mom_hr mom_hr_ mom_hr_medium\" style=\"\"><span class=\"mom_inner_hr\"><\/span><\/div>\n<p><a name=\"PE\"><\/a>PERNAMBUCO<\/p>\n<p><em>Em todas as bancas abastecidas pela RAC M\u00eddia.<\/em><\/p>\n<div class=\"mom_hr mom_hr_ mom_hr_medium\" style=\"\"><span class=\"mom_inner_hr\"><\/span><\/div>\n<p><a name=\"PI\"><\/a>PIAU\u00cd<\/p>\n<p><em>Em todas as bancas abastecidas pela RAC M\u00eddia.<\/em><\/p>\n<div class=\"mom_hr mom_hr_ mom_hr_medium\" style=\"\"><span class=\"mom_inner_hr\"><\/span><\/div>\n<p><a name=\"RJ\"><\/a>RIO DE JANEIRO<\/p>\n<p><em>Em todas as bancas abastecidas pela RAC M\u00eddia.<\/em><\/p>\n<div class=\"mom_hr mom_hr_ mom_hr_medium\" style=\"\"><span class=\"mom_inner_hr\"><\/span><\/div>\n<p><a name=\"RN\"><\/a>RIO GRANDE DO NORTE<\/p>\n<p><em>Em todas as bancas abastecidas pela RAC M\u00eddia.<\/em><\/p>\n<div class=\"mom_hr mom_hr_ mom_hr_medium\" style=\"\"><span class=\"mom_inner_hr\"><\/span><\/div>\n<p><a name=\"RS\"><\/a>RIO GRANDE DO SUL<\/p>\n<p><em>Em todas as bancas abastecidas pela RAC M\u00eddia.<\/em><\/p>\n<p><span style=\"color: #dd3333;\"><strong>Revistera Du Marche<\/strong><\/span><br \/>\nAv. Brasil Leste, 200 &#8211; Loja 14 &#8211; Bourbon &#8211; Petr\u00f3polis<br \/>\nPasso Fundo\/RS<br \/>\n(54) 3312-6799<br \/>\nrevisteiradumarche@hotmail.com<\/p>\n<p><span style=\"color: #dd3333;\"><strong>Paparazzi Livraria<\/strong><\/span><br \/>\nRua 13 de Maio. 877 &#8211; Loja 113 &#8211; L&#8217;Am\u00e9rica Shopping<br \/>\nBento Gon\u00e7alves\/RS<br \/>\n(54) 3454-5158<br \/>\npaparazzi@italnet.com.br<\/p>\n<p><span style=\"color: #dd3333;\"><strong>Museu do Autom\u00f3vel de Canela<\/strong><\/span><br \/>\nPra\u00e7a das Na\u00e7\u00f5es, 281 &#8211; Centro<br \/>\nCanela\/RS<br \/>\n(54) 3278-1304<\/p>\n<p><span style=\"color: #dd3333;\"><strong>Livraria Progresso<\/strong><\/span><br \/>\nRua Benjamin Constant, 367 &#8211; Centro<br \/>\nIju\u00ed\/RS<br \/>\n(55) 3332-1339<br \/>\nlivrariaprogresso@hotmail.com<\/p>\n<p><span style=\"color: #dd3333;\"><strong>Banca da Pra\u00e7a<\/strong><\/span><br \/>\nAv. General Os\u00f3rio, 600 &#8211; Centro<br \/>\nCruz Alta\/RS<br \/>\n(55) 3324-2126<br \/>\nluizpaulaoliveira@gmail.com<\/p>\n<p><span style=\"color: #ff0000;\"><strong>Banca Esteio<\/strong><\/span><br \/>\nRua Santo Amaro, 02 &#8211; Centro<br \/>\nEsteio\/RS<br \/>\n(51) 3033-1648<br \/>\nstand_esteio@hotmail.com<\/p>\n<div class=\"mom_hr mom_hr_ mom_hr_medium\" style=\"\"><span class=\"mom_inner_hr\"><\/span><\/div>\n<p><a name=\"RO\"><\/a>ROND\u00d4NIA<\/p>\n<p><em>Em todas as bancas abastecidas pela RAC M\u00eddia.<\/em><\/p>\n<div class=\"mom_hr mom_hr_ mom_hr_medium\" style=\"\"><span class=\"mom_inner_hr\"><\/span><\/div>\n<p><a name=\"RR\"><\/a>RORAIMA<\/p>\n<p><em>Em todas as bancas abastecidas pela RAC M\u00eddia.<\/em><\/p>\n<div class=\"mom_hr mom_hr_ mom_hr_medium\" style=\"\"><span class=\"mom_inner_hr\"><\/span><\/div>\n<p><a name=\"SC\"><\/a>SANTA CATARINA<\/p>\n<p><em>Em todas as bancas abastecidas pela RAC M\u00eddia.<\/em><\/p>\n<p><span style=\"color: #dd3333;\"><strong>Angel&#8217;s Banca de Jornais e Revistas<\/strong><\/span><br \/>\nRua Benjamin Constant, 132 &#8211; Centro<br \/>\nCa\u00e7ador\/SC<br \/>\n(49) 3567-1515<br \/>\nleohschneider@hotmail.com<\/p>\n<p><span style=\"color: #dd3333;\"><strong>Banca Gibi<\/strong><\/span><br \/>\nRua Jorge Lacerda, 178 &#8211; Centro<br \/>\nS\u00e3o Bento do Sul\/SC<br \/>\n(47) 3633-5987<br \/>\nbancagibi@gmail.com<\/p>\n<p><span style=\"color: #dd3333;\"><strong>Museu do Autom\u00f3vel de Pomerode<\/strong><\/span><br \/>\nRua Hermann Weege, 544 &#8211; Centro<br \/>\nPomerode\/SC<br \/>\n<a href=\"http:\/\/www.museupomerode.com.br\">www.museupomerode.com.br<\/a><\/p>\n<p><span style=\"color: #dd3333;\"><strong>Rodrigues Chapea\u00e7\u00e3o<\/strong><\/span><br \/>\nRua Bitor Felipe Rauen, 300 &#8211; Cruzeiro do Sul<br \/>\nJoa\u00e7aba\/SC<br \/>\n(49) 3522-3329<br \/>\nrodrigues@rodriguesforda.com.br<\/p>\n<p><span style=\"color: #dd3333;\"><strong>Sasse Servi\u00e7os <span style=\"color: #dd3333;\">Automotivos<\/span><\/strong><\/span><br \/>\nRua Bahia, 1866<br \/>\nBlumenau\/SC<br \/>\n(47) 3323-1224<br \/>\nsasseaut@terra.com.br<\/p>\n<div class=\"mom_hr mom_hr_ mom_hr_medium\" style=\"\"><span class=\"mom_inner_hr\"><\/span><\/div>\n<p><a name=\"SP\"><\/a>S\u00c3O PAULO<\/p>\n<p><em>Em todas as bancas abastecidas pela RAC M\u00eddia.<\/em><\/p>\n<p><strong><span style=\"color: #dd3333;\">Revistaria Book Castelo<\/span><\/strong><br \/>\nRodovia P. Castelo Branco, km 29,9 &#8211; Jardim Belval<br \/>\nBarueri\/SP<br \/>\n(11) 4789-5551<br \/>\nbookcastelo@hotmail.com<\/p>\n<div class=\"mom_hr mom_hr_ mom_hr_medium\" style=\"\"><span class=\"mom_inner_hr\"><\/span><\/div>\n<p><a name=\"SE\"><\/a>SERGIPE<\/p>\n<p><em>Em todas as bancas abastecidas pela RAC M\u00eddia.<\/em><\/p>\n<div class=\"mom_hr mom_hr_ mom_hr_medium\" style=\"\"><span class=\"mom_inner_hr\"><\/span><\/div>\n<p><a name=\"TO\"><\/a>TOCANTINS<\/p>\n<p><em>Em todas as bancas abastecidas pela RAC M\u00eddia.<\/em><\/p>\n<div class=\"mom_hr mom_hr_ mom_hr_medium\" style=\"\"><span class=\"mom_inner_hr\"><\/span><\/div>\n<p><a href=\"http:\/\/classicshow.lojavirtualfc.com.br\/prod,idloja,14163,idproduto,2199063,assinaturas-assinatura-da-revista-classic-show\" target=\"_blank\" rel=\"noopener noreferrer\"><img loading=\"lazy\" class=\"size-full wp-image-5088 aligncenter\" src=\"http:\/\/www.classicshow.com.br\/site\/wp-content\/uploads\/2015\/12\/banner_assinatura.jpg\" alt=\"banner_assinatura\" width=\"728\" height=\"90\" srcset=\"https:\/\/www.classicshow.com.br\/site\/wp-content\/uploads\/2015\/12\/banner_assinatura.jpg 728w, https:\/\/www.classicshow.com.br\/site\/wp-content\/uploads\/2015\/12\/banner_assinatura-300x37.jpg 300w\" sizes=\"(max-width: 728px) 100vw, 728px\" \/><\/a><\/p>\n","protected":false},"excerpt":{"rendered":"<p>Onde comprar a Revista Classic Show? Escolha o estado: AC AL AP AM BA CE DF ES GO MA MT MS MG PA PB PR PE PI RJ RN RS RO RR SC SP SE TO &nbsp; ACRE Em todas as bancas abastecidas pela RAC M\u00eddia. ALAGOAS Em todas as bancas abastecidas pela RAC M\u00eddia. [&hellip;]<\/p>\n","protected":false},"author":1,"featured_media":0,"parent":0,"menu_order":0,"comment_status":"closed","ping_status":"closed","template":"","meta":{"_links_to":"","_links_to_target":""},"yoast_head":"<!-- This site is optimized with the Yoast SEO plugin v19.3 - https:\/\/yoast.com\/wordpress\/plugins\/seo\/ -->\n<title>Onde comprar - Revista Classic Show, a sua revista de carros antigos<\/title>\n<meta name=\"robots\" content=\"index, follow, max-snippet:-1, max-image-preview:large, max-video-preview:-1\" \/>\n<link rel=\"canonical\" href=\"https:\/\/www.classicshow.com.br\/site\/onde-comprar\/\" \/>\n<meta property=\"og:locale\" content=\"pt_BR\" \/>\n<meta property=\"og:type\" content=\"article\" \/>\n<meta property=\"og:title\" content=\"Onde comprar - Revista Classic Show, a sua revista de carros antigos\" \/>\n<meta property=\"og:description\" content=\"Onde comprar a Revista Classic Show? Escolha o estado: AC AL AP AM BA CE DF ES GO MA MT MS MG PA PB PR PE PI RJ RN RS RO RR SC SP SE TO &nbsp; ACRE Em todas as bancas abastecidas pela RAC M\u00eddia. ALAGOAS Em todas as bancas abastecidas pela RAC M\u00eddia. [&hellip;]\" \/>\n<meta property=\"og:url\" content=\"https:\/\/www.classicshow.com.br\/site\/onde-comprar\/\" \/>\n<meta property=\"og:site_name\" content=\"Revista Classic Show, a sua revista de carros antigos\" \/>\n<meta property=\"article:publisher\" content=\"https:\/\/www.facebook.com\/classic.show.7\" \/>\n<meta property=\"article:modified_time\" content=\"2021-09-08T14:44:30+00:00\" \/>\n<meta property=\"og:image\" content=\"http:\/\/www.classicshow.com.br\/site\/wp-content\/uploads\/2018\/12\/bancas.jpg\" \/>\n<meta name=\"twitter:card\" content=\"summary_large_image\" \/>\n<meta name=\"twitter:site\" content=\"@revista_cshow\" \/>\n<meta name=\"twitter:label1\" content=\"Est. tempo de leitura\" \/>\n\t<meta name=\"twitter:data1\" content=\"3 minutos\" \/>\n<script type=\"application\/ld+json\" class=\"yoast-schema-graph\">{\"@context\":\"https:\/\/schema.org\",\"@graph\":[{\"@type\":\"Organization\",\"@id\":\"https:\/\/www.classicshow.com.br\/site\/#organization\",\"name\":\"Revista Classic Show, a sua revista de carros antigos\",\"url\":\"https:\/\/www.classicshow.com.br\/site\/\",\"sameAs\":[\"https:\/\/www.youtube.com\/user\/ClassicShowM\",\"https:\/\/www.facebook.com\/classic.show.7\",\"https:\/\/twitter.com\/revista_cshow\"],\"logo\":{\"@type\":\"ImageObject\",\"inLanguage\":\"pt-BR\",\"@id\":\"https:\/\/www.classicshow.com.br\/site\/#\/schema\/logo\/image\/\",\"url\":\"https:\/\/www.classicshow.com.br\/site\/wp-content\/uploads\/2015\/09\/logo_cs.jpg\",\"contentUrl\":\"https:\/\/www.classicshow.com.br\/site\/wp-content\/uploads\/2015\/09\/logo_cs.jpg\",\"width\":339,\"height\":150,\"caption\":\"Revista Classic Show, a sua revista de carros antigos\"},\"image\":{\"@id\":\"https:\/\/www.classicshow.com.br\/site\/#\/schema\/logo\/image\/\"}},{\"@type\":\"WebSite\",\"@id\":\"https:\/\/www.classicshow.com.br\/site\/#website\",\"url\":\"https:\/\/www.classicshow.com.br\/site\/\",\"name\":\"Revista Classic Show, a sua revista de carros antigos\",\"description\":\"Fa\u00e7a sua assinatura! Aqui voc\u00ea encontra tudo sobre o universo dos carros antigos: mat\u00e9rias completas, encontros de carros antigos, livros especializados e muito mais!\",\"publisher\":{\"@id\":\"https:\/\/www.classicshow.com.br\/site\/#organization\"},\"potentialAction\":[{\"@type\":\"SearchAction\",\"target\":{\"@type\":\"EntryPoint\",\"urlTemplate\":\"https:\/\/www.classicshow.com.br\/site\/?s={search_term_string}\"},\"query-input\":\"required name=search_term_string\"}],\"inLanguage\":\"pt-BR\"},{\"@type\":\"ImageObject\",\"inLanguage\":\"pt-BR\",\"@id\":\"https:\/\/www.classicshow.com.br\/site\/onde-comprar\/#primaryimage\",\"url\":\"http:\/\/www.classicshow.com.br\/site\/wp-content\/uploads\/2018\/12\/bancas.jpg\",\"contentUrl\":\"http:\/\/www.classicshow.com.br\/site\/wp-content\/uploads\/2018\/12\/bancas.jpg\"},{\"@type\":\"WebPage\",\"@id\":\"https:\/\/www.classicshow.com.br\/site\/onde-comprar\/\",\"url\":\"https:\/\/www.classicshow.com.br\/site\/onde-comprar\/\",\"name\":\"Onde comprar - Revista Classic Show, a sua revista de carros antigos\",\"isPartOf\":{\"@id\":\"https:\/\/www.classicshow.com.br\/site\/#website\"},\"primaryImageOfPage\":{\"@id\":\"https:\/\/www.classicshow.com.br\/site\/onde-comprar\/#primaryimage\"},\"datePublished\":\"2018-09-14T19:46:30+00:00\",\"dateModified\":\"2021-09-08T14:44:30+00:00\",\"breadcrumb\":{\"@id\":\"https:\/\/www.classicshow.com.br\/site\/onde-comprar\/#breadcrumb\"},\"inLanguage\":\"pt-BR\",\"potentialAction\":[{\"@type\":\"ReadAction\",\"target\":[\"https:\/\/www.classicshow.com.br\/site\/onde-comprar\/\"]}]},{\"@type\":\"BreadcrumbList\",\"@id\":\"https:\/\/www.classicshow.com.br\/site\/onde-comprar\/#breadcrumb\",\"itemListElement\":[{\"@type\":\"ListItem\",\"position\":1,\"name\":\"In\u00edcio\",\"item\":\"https:\/\/www.classicshow.com.br\/site\/\"},{\"@type\":\"ListItem\",\"position\":2,\"name\":\"Onde comprar\"}]}]}<\/script>\n<!-- \/ Yoast SEO plugin. -->","yoast_head_json":{"title":"Onde comprar - Revista Classic Show, a sua revista de carros antigos","robots":{"index":"index","follow":"follow","max-snippet":"max-snippet:-1","max-image-preview":"max-image-preview:large","max-video-preview":"max-video-preview:-1"},"canonical":"https:\/\/www.classicshow.com.br\/site\/onde-comprar\/","og_locale":"pt_BR","og_type":"article","og_title":"Onde comprar - Revista Classic Show, a sua revista de carros antigos","og_description":"Onde comprar a Revista Classic Show? Escolha o estado: AC AL AP AM BA CE DF ES GO MA MT MS MG PA PB PR PE PI RJ RN RS RO RR SC SP SE TO &nbsp; ACRE Em todas as bancas abastecidas pela RAC M\u00eddia. ALAGOAS Em todas as bancas abastecidas pela RAC M\u00eddia. [&hellip;]","og_url":"https:\/\/www.classicshow.com.br\/site\/onde-comprar\/","og_site_name":"Revista Classic Show, a sua revista de carros antigos","article_publisher":"https:\/\/www.facebook.com\/classic.show.7","article_modified_time":"2021-09-08T14:44:30+00:00","og_image":[{"url":"http:\/\/www.classicshow.com.br\/site\/wp-content\/uploads\/2018\/12\/bancas.jpg"}],"twitter_card":"summary_large_image","twitter_site":"@revista_cshow","twitter_misc":{"Est. tempo de leitura":"3 minutos"},"schema":{"@context":"https:\/\/schema.org","@graph":[{"@type":"Organization","@id":"https:\/\/www.classicshow.com.br\/site\/#organization","name":"Revista Classic Show, a sua revista de carros antigos","url":"https:\/\/www.classicshow.com.br\/site\/","sameAs":["https:\/\/www.youtube.com\/user\/ClassicShowM","https:\/\/www.facebook.com\/classic.show.7","https:\/\/twitter.com\/revista_cshow"],"logo":{"@type":"ImageObject","inLanguage":"pt-BR","@id":"https:\/\/www.classicshow.com.br\/site\/#\/schema\/logo\/image\/","url":"https:\/\/www.classicshow.com.br\/site\/wp-content\/uploads\/2015\/09\/logo_cs.jpg","contentUrl":"https:\/\/www.classicshow.com.br\/site\/wp-content\/uploads\/2015\/09\/logo_cs.jpg","width":339,"height":150,"caption":"Revista Classic Show, a sua revista de carros antigos"},"image":{"@id":"https:\/\/www.classicshow.com.br\/site\/#\/schema\/logo\/image\/"}},{"@type":"WebSite","@id":"https:\/\/www.classicshow.com.br\/site\/#website","url":"https:\/\/www.classicshow.com.br\/site\/","name":"Revista Classic Show, a sua revista de carros antigos","description":"Fa\u00e7a sua assinatura! Aqui voc\u00ea encontra tudo sobre o universo dos carros antigos: mat\u00e9rias completas, encontros de carros antigos, livros especializados e muito mais!","publisher":{"@id":"https:\/\/www.classicshow.com.br\/site\/#organization"},"potentialAction":[{"@type":"SearchAction","target":{"@type":"EntryPoint","urlTemplate":"https:\/\/www.classicshow.com.br\/site\/?s={search_term_string}"},"query-input":"required name=search_term_string"}],"inLanguage":"pt-BR"},{"@type":"ImageObject","inLanguage":"pt-BR","@id":"https:\/\/www.classicshow.com.br\/site\/onde-comprar\/#primaryimage","url":"http:\/\/www.classicshow.com.br\/site\/wp-content\/uploads\/2018\/12\/bancas.jpg","contentUrl":"http:\/\/www.classicshow.com.br\/site\/wp-content\/uploads\/2018\/12\/bancas.jpg"},{"@type":"WebPage","@id":"https:\/\/www.classicshow.com.br\/site\/onde-comprar\/","url":"https:\/\/www.classicshow.com.br\/site\/onde-comprar\/","name":"Onde comprar - Revista Classic Show, a sua revista de carros antigos","isPartOf":{"@id":"https:\/\/www.classicshow.com.br\/site\/#website"},"primaryImageOfPage":{"@id":"https:\/\/www.classicshow.com.br\/site\/onde-comprar\/#primaryimage"},"datePublished":"2018-09-14T19:46:30+00:00","dateModified":"2021-09-08T14:44:30+00:00","breadcrumb":{"@id":"https:\/\/www.classicshow.com.br\/site\/onde-comprar\/#breadcrumb"},"inLanguage":"pt-BR","potentialAction":[{"@type":"ReadAction","target":["https:\/\/www.classicshow.com.br\/site\/onde-comprar\/"]}]},{"@type":"BreadcrumbList","@id":"https:\/\/www.classicshow.com.br\/site\/onde-comprar\/#breadcrumb","itemListElement":[{"@type":"ListItem","position":1,"name":"In\u00edcio","item":"https:\/\/www.classicshow.com.br\/site\/"},{"@type":"ListItem","position":2,"name":"Onde comprar"}]}]}},"_links":{"self":[{"href":"https:\/\/www.classicshow.com.br\/site\/wp-json\/wp\/v2\/pages\/13403"}],"collection":[{"href":"https:\/\/www.classicshow.com.br\/site\/wp-json\/wp\/v2\/pages"}],"about":[{"href":"https:\/\/www.classicshow.com.br\/site\/wp-json\/wp\/v2\/types\/page"}],"author":[{"embeddable":true,"href":"https:\/\/www.classicshow.com.br\/site\/wp-json\/wp\/v2\/users\/1"}],"replies":[{"embeddable":true,"href":"https:\/\/www.classicshow.com.br\/site\/wp-json\/wp\/v2\/comments?post=13403"}],"version-history":[{"count":18,"href":"https:\/\/www.classicshow.com.br\/site\/wp-json\/wp\/v2\/pages\/13403\/revisions"}],"predecessor-version":[{"id":19352,"href":"https:\/\/www.classicshow.com.br\/site\/wp-json\/wp\/v2\/pages\/13403\/revisions\/19352"}],"wp:attachment":[{"href":"https:\/\/www.classicshow.com.br\/site\/wp-json\/wp\/v2\/media?parent=13403"}],"curies":[{"name":"wp","href":"https:\/\/api.w.org\/{rel}","templated":true}]}}