{"id":13040,"date":"2018-08-27T16:59:13","date_gmt":"2018-08-27T19:59:13","guid":{"rendered":"http:\/\/www.classicshow.com.br\/site\/?page_id=13040"},"modified":"2023-03-24T15:48:51","modified_gmt":"2023-03-24T18:48:51","slug":"assinatura-revista-de-carros-antigos","status":"publish","type":"page","link":"https:\/\/www.classicshow.com.br\/site\/assinatura-revista-de-carros-antigos\/","title":{"rendered":"Assinatura"},"content":{"rendered":"<p><img loading=\"lazy\" class=\"aligncenter size-full wp-image-13041\" src=\"http:\/\/www.classicshow.com.br\/site\/wp-content\/uploads\/2018\/08\/assinatura-2018.jpg\" alt=\"\" width=\"800\" height=\"340\" srcset=\"https:\/\/www.classicshow.com.br\/site\/wp-content\/uploads\/2018\/08\/assinatura-2018.jpg 800w, https:\/\/www.classicshow.com.br\/site\/wp-content\/uploads\/2018\/08\/assinatura-2018-300x128.jpg 300w, https:\/\/www.classicshow.com.br\/site\/wp-content\/uploads\/2018\/08\/assinatura-2018-768x326.jpg 768w\" sizes=\"(max-width: 800px) 100vw, 800px\" \/><\/p>\n<p style=\"text-align: center;\"><span style=\"font-size: 16pt;\"><span style=\"color: #b6302e;\"><strong>. Validade da assinatura:<\/strong> <\/span>03 ou 06 exemplares <\/span><\/p>\n<p style=\"text-align: center;\"><span style=\"font-size: 16pt;\"><span style=\"color: #b6302e;\"><strong>. Periodicidade:<\/strong><\/span> aproximadamente 2 meses<\/span><\/p>\n<p style=\"text-align: center;\"><span style=\"font-size: 16pt;\"><strong><span style=\"color: #b6302e;\">. Tipo:<\/span><\/strong> revista F\u00cdSICA e\/ou DIGITAL<br \/>\n<\/span><\/p>\n<p style=\"text-align: center;\"><span style=\"font-size: 16pt;\"><span style=\"color: #b6302e;\"><strong>. Valor ASSINATURA IMPRESSA<br \/>\n<\/strong><\/span>R$ 220,00 (6 edi\u00e7\u00f5es)<br \/>\nou<br \/>\nR$ 140,00 (3 edi\u00e7\u00f5es)<br \/>\n+ Frete Gr\u00e1tis<br \/>\n+ Acesso Digital Gr\u00e1tis<\/span><\/p>\n<p style=\"text-align: center;\"><span style=\"font-size: 16pt;\"><span style=\"color: #3366ff;\"><strong>. Valor para assinatura APENAS DIGITAL:<br \/>\n<\/strong><\/span>R$ 60,00 (anuais)<\/span><\/p>\n<p style=\"text-align: center;\"><span style=\"color: #b6302e;\"><strong><span style=\"font-size: 16pt;\">. Formas de pagamento:<br \/>\n<img loading=\"lazy\" class=\"alignnone size-full wp-image-13075\" src=\"http:\/\/www.classicshow.com.br\/site\/wp-content\/uploads\/2018\/08\/assinatura-pagamento.png\" alt=\"\" width=\"242\" height=\"27\" \/> e PIX<\/span> <\/strong><\/span><\/p>\n<span class=\"mom_button_wrap\" style=\"display:block; text-align:center;\"><a class=\"button mom_button red_bt bigger_bt \" href=\"https:\/\/www.lojaclassicshow.com.br\/prod,idloja,14163,idcategoria,109231,assinaturas\" target=\"_blank\"  style=\"font-family:;font-weight:bold;margin-right:0;\" data-bg=\"\" data-hoverbg=\"\" data-text=\"\" data-texthover=\"\">ASSINAR<\/a><\/span>\n<p style=\"text-align: center;\"><span style=\"color: #b6302e;\"><em><span style=\"font-size: 14pt;\">S\u00e3o mais de 90 p\u00e1ginas com as melhores mat\u00e9rias, curiosidades, fotos e<br \/>\ninforma\u00e7\u00f5es sobre os\u00a0autom\u00f3veis antigos.<\/span><\/em><\/span><\/p>\n<div id='gallery-1' class='gallery galleryid-13040 gallery-columns-3 gallery-size-medium'><dl class='gallery-item'>\n\t\t\t<dt class='gallery-icon landscape'>\n\t\t\t\t<img width=\"300\" height=\"217\" src=\"https:\/\/www.classicshow.com.br\/site\/wp-content\/uploads\/2018\/08\/eua-300x217.jpg\" class=\"attachment-medium size-medium\" alt=\"\" loading=\"lazy\" srcset=\"https:\/\/www.classicshow.com.br\/site\/wp-content\/uploads\/2018\/08\/eua-300x217.jpg 300w, https:\/\/www.classicshow.com.br\/site\/wp-content\/uploads\/2018\/08\/eua-768x556.jpg 768w, https:\/\/www.classicshow.com.br\/site\/wp-content\/uploads\/2018\/08\/eua-278x202.jpg 278w, https:\/\/www.classicshow.com.br\/site\/wp-content\/uploads\/2018\/08\/eua-373x270.jpg 373w, https:\/\/www.classicshow.com.br\/site\/wp-content\/uploads\/2018\/08\/eua-567x410.jpg 567w, https:\/\/www.classicshow.com.br\/site\/wp-content\/uploads\/2018\/08\/eua-475x342.jpg 475w, https:\/\/www.classicshow.com.br\/site\/wp-content\/uploads\/2018\/08\/eua.jpg 800w\" sizes=\"(max-width: 300px) 100vw, 300px\" \/>\n\t\t\t<\/dt><\/dl><dl class='gallery-item'>\n\t\t\t<dt class='gallery-icon landscape'>\n\t\t\t\t<img width=\"300\" height=\"217\" src=\"https:\/\/www.classicshow.com.br\/site\/wp-content\/uploads\/2018\/08\/chargerls-300x217.jpg\" class=\"attachment-medium size-medium\" alt=\"\" loading=\"lazy\" srcset=\"https:\/\/www.classicshow.com.br\/site\/wp-content\/uploads\/2018\/08\/chargerls-300x217.jpg 300w, https:\/\/www.classicshow.com.br\/site\/wp-content\/uploads\/2018\/08\/chargerls-768x556.jpg 768w, https:\/\/www.classicshow.com.br\/site\/wp-content\/uploads\/2018\/08\/chargerls-278x202.jpg 278w, https:\/\/www.classicshow.com.br\/site\/wp-content\/uploads\/2018\/08\/chargerls-373x270.jpg 373w, https:\/\/www.classicshow.com.br\/site\/wp-content\/uploads\/2018\/08\/chargerls-567x410.jpg 567w, https:\/\/www.classicshow.com.br\/site\/wp-content\/uploads\/2018\/08\/chargerls-475x342.jpg 475w, https:\/\/www.classicshow.com.br\/site\/wp-content\/uploads\/2018\/08\/chargerls.jpg 800w\" sizes=\"(max-width: 300px) 100vw, 300px\" \/>\n\t\t\t<\/dt><\/dl><dl class='gallery-item'>\n\t\t\t<dt class='gallery-icon landscape'>\n\t\t\t\t<img width=\"300\" height=\"217\" src=\"https:\/\/www.classicshow.com.br\/site\/wp-content\/uploads\/2018\/08\/onibus-300x217.jpg\" class=\"attachment-medium size-medium\" alt=\"\" loading=\"lazy\" srcset=\"https:\/\/www.classicshow.com.br\/site\/wp-content\/uploads\/2018\/08\/onibus-300x217.jpg 300w, https:\/\/www.classicshow.com.br\/site\/wp-content\/uploads\/2018\/08\/onibus-768x556.jpg 768w, https:\/\/www.classicshow.com.br\/site\/wp-content\/uploads\/2018\/08\/onibus-278x202.jpg 278w, https:\/\/www.classicshow.com.br\/site\/wp-content\/uploads\/2018\/08\/onibus-373x270.jpg 373w, https:\/\/www.classicshow.com.br\/site\/wp-content\/uploads\/2018\/08\/onibus-567x410.jpg 567w, https:\/\/www.classicshow.com.br\/site\/wp-content\/uploads\/2018\/08\/onibus-475x342.jpg 475w, https:\/\/www.classicshow.com.br\/site\/wp-content\/uploads\/2018\/08\/onibus.jpg 800w\" sizes=\"(max-width: 300px) 100vw, 300px\" \/>\n\t\t\t<\/dt><\/dl><br style=\"clear: both\" \/>\n\t\t<\/div>\n\n<div class=\"mom_hr mom_hr_ mom_hr_medium\" style=\"\"><span class=\"mom_inner_hr\"><\/span><\/div>\n<p style=\"text-align: justify;\">A nossa revista preza por mat\u00e9rias voltadas aos <strong>carros antigos ORIGINAIS<\/strong>, para que o leitor, al\u00e9m de conferir a hist\u00f3ria completa de determinado modelo, possa seguir nossas informa\u00e7\u00f5es (muito bem ilustradas) como um guia para uma poss\u00edvel restaura\u00e7\u00e3o de seu ve\u00edculo antigo.<\/p>\n<p style=\"text-align: justify;\">Al\u00e9m das mat\u00e9rias, fazemos coberturas dos v\u00e1rios <strong>encontros de carros antigos<\/strong> que ocorrem pelo Brasil e pelo mundo; tamb\u00e9m temos o nosso <strong>classificado<\/strong>, o melhor espa\u00e7o de compra e venda de carros antigos do Brasil.<\/p>\n<div class=\"mom_hr mom_hr_ mom_hr_medium\" style=\"\"><span class=\"mom_inner_hr\"><\/span><\/div>\n<h3 style=\"text-align: justify;\">Vers\u00e3o DIGITAL<\/h3>\n<p style=\"text-align: justify;\">&#8211; Voc\u00ea receber\u00e1 um LOGIN e uma SENHA de acesso \u00fanico;<br \/>\n&#8211; A libera\u00e7\u00e3o do acesso ser\u00e1 dada no primeiro dia \u00fatil ap\u00f3s o pagamento aprovado;<br \/>\n&#8211; Acesso por smartphone, tablet ou computador\/notebook pela nossa plataforma digital via streaming;<br \/>\n&#8211; O acesso ser\u00e1 feito pelo nosso site, no menu ASSINANTES;<br \/>\n&#8211; Todas as revistas recebidas no formato IMPRESSO, referente \u00e0 sua assinatura vigente, voc\u00ea poder\u00e1 acessar DIGITALMENTE;<br \/>\n&#8211; Voc\u00ea poder\u00e1 acessar a nova edi\u00e7\u00e3o no dia oficial do lan\u00e7amento;<br \/>\n&#8211; Voc\u00ea ter\u00e1 acesso aos seis exemplares correspondentes \u00e0 sua assinatura durante o per\u00edodo em que a mesma estiver ativa;<\/p>\n<p style=\"text-align: center;\"><span style=\"font-size: 18pt;\"><a href=\"http:\/\/www.classicshow.com.br\/site\/revista-classic-show-digital\/\"><strong>Clique AQUI<\/strong><\/a> para mais informa\u00e7\u00f5es!<\/span><\/p>\n","protected":false},"excerpt":{"rendered":"<p>. Validade da assinatura: 03 ou 06 exemplares . Periodicidade: aproximadamente 2 meses . Tipo: revista F\u00cdSICA e\/ou DIGITAL . Valor ASSINATURA IMPRESSA R$ 220,00 (6 edi\u00e7\u00f5es) ou R$ 140,00 (3 edi\u00e7\u00f5es) + Frete Gr\u00e1tis + Acesso Digital Gr\u00e1tis . Valor para assinatura APENAS DIGITAL: R$ 60,00 (anuais) . Formas de pagamento: e PIX S\u00e3o [&hellip;]<\/p>\n","protected":false},"author":1,"featured_media":0,"parent":0,"menu_order":0,"comment_status":"closed","ping_status":"closed","template":"","meta":{"_links_to":"","_links_to_target":""},"yoast_head":"<!-- This site is optimized with the Yoast SEO plugin v19.3 - https:\/\/yoast.com\/wordpress\/plugins\/seo\/ -->\n<title>Assinatura - Revista Classic Show, a sua revista de carros antigos<\/title>\n<meta name=\"robots\" content=\"index, follow, max-snippet:-1, max-image-preview:large, max-video-preview:-1\" \/>\n<link rel=\"canonical\" href=\"https:\/\/www.classicshow.com.br\/site\/assinatura-revista-de-carros-antigos\/\" \/>\n<meta property=\"og:locale\" content=\"pt_BR\" \/>\n<meta property=\"og:type\" content=\"article\" \/>\n<meta property=\"og:title\" content=\"Assinatura - Revista Classic Show, a sua revista de carros antigos\" \/>\n<meta property=\"og:description\" content=\". Validade da assinatura: 03 ou 06 exemplares . Periodicidade: aproximadamente 2 meses . Tipo: revista F\u00cdSICA e\/ou DIGITAL . Valor ASSINATURA IMPRESSA R$ 220,00 (6 edi\u00e7\u00f5es) ou R$ 140,00 (3 edi\u00e7\u00f5es) + Frete Gr\u00e1tis + Acesso Digital Gr\u00e1tis . Valor para assinatura APENAS DIGITAL: R$ 60,00 (anuais) . Formas de pagamento: e PIX S\u00e3o [&hellip;]\" \/>\n<meta property=\"og:url\" content=\"https:\/\/www.classicshow.com.br\/site\/assinatura-revista-de-carros-antigos\/\" \/>\n<meta property=\"og:site_name\" content=\"Revista Classic Show, a sua revista de carros antigos\" \/>\n<meta property=\"article:publisher\" content=\"https:\/\/www.facebook.com\/classic.show.7\" \/>\n<meta property=\"article:modified_time\" content=\"2023-03-24T18:48:51+00:00\" \/>\n<meta property=\"og:image\" content=\"https:\/\/www.classicshow.com.br\/site\/wp-content\/uploads\/2018\/08\/chargerls-300x217.jpg\" \/>\n<meta name=\"twitter:card\" content=\"summary_large_image\" \/>\n<meta name=\"twitter:site\" content=\"@revista_cshow\" \/>\n<meta name=\"twitter:label1\" content=\"Est. tempo de leitura\" \/>\n\t<meta name=\"twitter:data1\" content=\"2 minutos\" \/>\n<script type=\"application\/ld+json\" class=\"yoast-schema-graph\">{\"@context\":\"https:\/\/schema.org\",\"@graph\":[{\"@type\":\"Organization\",\"@id\":\"https:\/\/www.classicshow.com.br\/site\/#organization\",\"name\":\"Revista Classic Show, a sua revista de carros antigos\",\"url\":\"https:\/\/www.classicshow.com.br\/site\/\",\"sameAs\":[\"https:\/\/www.youtube.com\/user\/ClassicShowM\",\"https:\/\/www.facebook.com\/classic.show.7\",\"https:\/\/twitter.com\/revista_cshow\"],\"logo\":{\"@type\":\"ImageObject\",\"inLanguage\":\"pt-BR\",\"@id\":\"https:\/\/www.classicshow.com.br\/site\/#\/schema\/logo\/image\/\",\"url\":\"https:\/\/www.classicshow.com.br\/site\/wp-content\/uploads\/2015\/09\/logo_cs.jpg\",\"contentUrl\":\"https:\/\/www.classicshow.com.br\/site\/wp-content\/uploads\/2015\/09\/logo_cs.jpg\",\"width\":339,\"height\":150,\"caption\":\"Revista Classic Show, a sua revista de carros antigos\"},\"image\":{\"@id\":\"https:\/\/www.classicshow.com.br\/site\/#\/schema\/logo\/image\/\"}},{\"@type\":\"WebSite\",\"@id\":\"https:\/\/www.classicshow.com.br\/site\/#website\",\"url\":\"https:\/\/www.classicshow.com.br\/site\/\",\"name\":\"Revista Classic Show, a sua revista de carros antigos\",\"description\":\"Fa\u00e7a sua assinatura! Aqui voc\u00ea encontra tudo sobre o universo dos carros antigos: mat\u00e9rias completas, encontros de carros antigos, livros especializados e muito mais!\",\"publisher\":{\"@id\":\"https:\/\/www.classicshow.com.br\/site\/#organization\"},\"potentialAction\":[{\"@type\":\"SearchAction\",\"target\":{\"@type\":\"EntryPoint\",\"urlTemplate\":\"https:\/\/www.classicshow.com.br\/site\/?s={search_term_string}\"},\"query-input\":\"required name=search_term_string\"}],\"inLanguage\":\"pt-BR\"},{\"@type\":\"ImageObject\",\"inLanguage\":\"pt-BR\",\"@id\":\"https:\/\/www.classicshow.com.br\/site\/assinatura-revista-de-carros-antigos\/#primaryimage\",\"url\":\"http:\/\/www.classicshow.com.br\/site\/wp-content\/uploads\/2018\/08\/assinatura-2018.jpg\",\"contentUrl\":\"http:\/\/www.classicshow.com.br\/site\/wp-content\/uploads\/2018\/08\/assinatura-2018.jpg\"},{\"@type\":\"WebPage\",\"@id\":\"https:\/\/www.classicshow.com.br\/site\/assinatura-revista-de-carros-antigos\/\",\"url\":\"https:\/\/www.classicshow.com.br\/site\/assinatura-revista-de-carros-antigos\/\",\"name\":\"Assinatura - Revista Classic Show, a sua revista de carros antigos\",\"isPartOf\":{\"@id\":\"https:\/\/www.classicshow.com.br\/site\/#website\"},\"primaryImageOfPage\":{\"@id\":\"https:\/\/www.classicshow.com.br\/site\/assinatura-revista-de-carros-antigos\/#primaryimage\"},\"datePublished\":\"2018-08-27T19:59:13+00:00\",\"dateModified\":\"2023-03-24T18:48:51+00:00\",\"breadcrumb\":{\"@id\":\"https:\/\/www.classicshow.com.br\/site\/assinatura-revista-de-carros-antigos\/#breadcrumb\"},\"inLanguage\":\"pt-BR\",\"potentialAction\":[{\"@type\":\"ReadAction\",\"target\":[\"https:\/\/www.classicshow.com.br\/site\/assinatura-revista-de-carros-antigos\/\"]}]},{\"@type\":\"BreadcrumbList\",\"@id\":\"https:\/\/www.classicshow.com.br\/site\/assinatura-revista-de-carros-antigos\/#breadcrumb\",\"itemListElement\":[{\"@type\":\"ListItem\",\"position\":1,\"name\":\"In\u00edcio\",\"item\":\"https:\/\/www.classicshow.com.br\/site\/\"},{\"@type\":\"ListItem\",\"position\":2,\"name\":\"Assinatura\"}]}]}<\/script>\n<!-- \/ Yoast SEO plugin. -->","yoast_head_json":{"title":"Assinatura - Revista Classic Show, a sua revista de carros antigos","robots":{"index":"index","follow":"follow","max-snippet":"max-snippet:-1","max-image-preview":"max-image-preview:large","max-video-preview":"max-video-preview:-1"},"canonical":"https:\/\/www.classicshow.com.br\/site\/assinatura-revista-de-carros-antigos\/","og_locale":"pt_BR","og_type":"article","og_title":"Assinatura - Revista Classic Show, a sua revista de carros antigos","og_description":". Validade da assinatura: 03 ou 06 exemplares . Periodicidade: aproximadamente 2 meses . Tipo: revista F\u00cdSICA e\/ou DIGITAL . Valor ASSINATURA IMPRESSA R$ 220,00 (6 edi\u00e7\u00f5es) ou R$ 140,00 (3 edi\u00e7\u00f5es) + Frete Gr\u00e1tis + Acesso Digital Gr\u00e1tis . Valor para assinatura APENAS DIGITAL: R$ 60,00 (anuais) . Formas de pagamento: e PIX S\u00e3o [&hellip;]","og_url":"https:\/\/www.classicshow.com.br\/site\/assinatura-revista-de-carros-antigos\/","og_site_name":"Revista Classic Show, a sua revista de carros antigos","article_publisher":"https:\/\/www.facebook.com\/classic.show.7","article_modified_time":"2023-03-24T18:48:51+00:00","og_image":[{"url":"https:\/\/www.classicshow.com.br\/site\/wp-content\/uploads\/2018\/08\/chargerls-300x217.jpg"}],"twitter_card":"summary_large_image","twitter_site":"@revista_cshow","twitter_misc":{"Est. tempo de leitura":"2 minutos"},"schema":{"@context":"https:\/\/schema.org","@graph":[{"@type":"Organization","@id":"https:\/\/www.classicshow.com.br\/site\/#organization","name":"Revista Classic Show, a sua revista de carros antigos","url":"https:\/\/www.classicshow.com.br\/site\/","sameAs":["https:\/\/www.youtube.com\/user\/ClassicShowM","https:\/\/www.facebook.com\/classic.show.7","https:\/\/twitter.com\/revista_cshow"],"logo":{"@type":"ImageObject","inLanguage":"pt-BR","@id":"https:\/\/www.classicshow.com.br\/site\/#\/schema\/logo\/image\/","url":"https:\/\/www.classicshow.com.br\/site\/wp-content\/uploads\/2015\/09\/logo_cs.jpg","contentUrl":"https:\/\/www.classicshow.com.br\/site\/wp-content\/uploads\/2015\/09\/logo_cs.jpg","width":339,"height":150,"caption":"Revista Classic Show, a sua revista de carros antigos"},"image":{"@id":"https:\/\/www.classicshow.com.br\/site\/#\/schema\/logo\/image\/"}},{"@type":"WebSite","@id":"https:\/\/www.classicshow.com.br\/site\/#website","url":"https:\/\/www.classicshow.com.br\/site\/","name":"Revista Classic Show, a sua revista de carros antigos","description":"Fa\u00e7a sua assinatura! Aqui voc\u00ea encontra tudo sobre o universo dos carros antigos: mat\u00e9rias completas, encontros de carros antigos, livros especializados e muito mais!","publisher":{"@id":"https:\/\/www.classicshow.com.br\/site\/#organization"},"potentialAction":[{"@type":"SearchAction","target":{"@type":"EntryPoint","urlTemplate":"https:\/\/www.classicshow.com.br\/site\/?s={search_term_string}"},"query-input":"required name=search_term_string"}],"inLanguage":"pt-BR"},{"@type":"ImageObject","inLanguage":"pt-BR","@id":"https:\/\/www.classicshow.com.br\/site\/assinatura-revista-de-carros-antigos\/#primaryimage","url":"http:\/\/www.classicshow.com.br\/site\/wp-content\/uploads\/2018\/08\/assinatura-2018.jpg","contentUrl":"http:\/\/www.classicshow.com.br\/site\/wp-content\/uploads\/2018\/08\/assinatura-2018.jpg"},{"@type":"WebPage","@id":"https:\/\/www.classicshow.com.br\/site\/assinatura-revista-de-carros-antigos\/","url":"https:\/\/www.classicshow.com.br\/site\/assinatura-revista-de-carros-antigos\/","name":"Assinatura - Revista Classic Show, a sua revista de carros antigos","isPartOf":{"@id":"https:\/\/www.classicshow.com.br\/site\/#website"},"primaryImageOfPage":{"@id":"https:\/\/www.classicshow.com.br\/site\/assinatura-revista-de-carros-antigos\/#primaryimage"},"datePublished":"2018-08-27T19:59:13+00:00","dateModified":"2023-03-24T18:48:51+00:00","breadcrumb":{"@id":"https:\/\/www.classicshow.com.br\/site\/assinatura-revista-de-carros-antigos\/#breadcrumb"},"inLanguage":"pt-BR","potentialAction":[{"@type":"ReadAction","target":["https:\/\/www.classicshow.com.br\/site\/assinatura-revista-de-carros-antigos\/"]}]},{"@type":"BreadcrumbList","@id":"https:\/\/www.classicshow.com.br\/site\/assinatura-revista-de-carros-antigos\/#breadcrumb","itemListElement":[{"@type":"ListItem","position":1,"name":"In\u00edcio","item":"https:\/\/www.classicshow.com.br\/site\/"},{"@type":"ListItem","position":2,"name":"Assinatura"}]}]}},"_links":{"self":[{"href":"https:\/\/www.classicshow.com.br\/site\/wp-json\/wp\/v2\/pages\/13040"}],"collection":[{"href":"https:\/\/www.classicshow.com.br\/site\/wp-json\/wp\/v2\/pages"}],"about":[{"href":"https:\/\/www.classicshow.com.br\/site\/wp-json\/wp\/v2\/types\/page"}],"author":[{"embeddable":true,"href":"https:\/\/www.classicshow.com.br\/site\/wp-json\/wp\/v2\/users\/1"}],"replies":[{"embeddable":true,"href":"https:\/\/www.classicshow.com.br\/site\/wp-json\/wp\/v2\/comments?post=13040"}],"version-history":[{"count":38,"href":"https:\/\/www.classicshow.com.br\/site\/wp-json\/wp\/v2\/pages\/13040\/revisions"}],"predecessor-version":[{"id":21468,"href":"https:\/\/www.classicshow.com.br\/site\/wp-json\/wp\/v2\/pages\/13040\/revisions\/21468"}],"wp:attachment":[{"href":"https:\/\/www.classicshow.com.br\/site\/wp-json\/wp\/v2\/media?parent=13040"}],"curies":[{"name":"wp","href":"https:\/\/api.w.org\/{rel}","templated":true}]}}