{"id":12538,"date":"2018-07-17T14:35:17","date_gmt":"2018-07-17T17:35:17","guid":{"rendered":"http:\/\/www.classicshow.com.br\/site\/iump-default-redirect-page\/"},"modified":"2019-01-08T14:02:14","modified_gmt":"2019-01-08T17:02:14","slug":"redirecionar","status":"publish","type":"page","link":"https:\/\/www.classicshow.com.br\/site\/area-do-assinante\/redirecionar\/","title":{"rendered":"Ops! Ocorreu um erro"},"content":{"rendered":"<p style=\"text-align: justify;\">Sua assinatura n\u00e3o comporta a edi\u00e7\u00e3o clicada. Confira no seu <a href=\"http:\/\/www.classicshow.com.br\/site\/area-do-assinante\/perfil\/\"><strong>PERFIL<\/strong><\/a> a validade da mesma (in\u00edcio e t\u00e9rmino).<\/p>\n<span class=\"mom_button_wrap\" ><a class=\"button mom_button red_bt bigger_bt \" href=\"http:\/\/www.classicshow.com.br\/site\/area-do-assinante\/perfil\/\"  style=\"font-family:;\" data-bg=\"\" data-hoverbg=\"\" data-text=\"\" data-texthover=\"\">ACESSAR PERFIL<\/a><\/span>\n<div class=\"mom_hr mom_hr_ mom_hr_medium\" style=\"\"><span class=\"mom_inner_hr\"><\/span><\/div>\n<p style=\"text-align: justify;\">Precisa <strong>RENOVAR<\/strong> a sua assinatura?<\/p>\n<span class=\"mom_button_wrap\" ><a class=\"button mom_button green_bt bigger_bt \" href=\"https:\/\/www.lojaclassicshow.com.br\/prod,idloja,14163,idproduto,6266186,assinaturas-assinatura-renovacao-revista-classic-show-impressa---digital\" target=\"_blank\"  style=\"font-family:;\" data-bg=\"\" data-hoverbg=\"\" data-text=\"\" data-texthover=\"\">RENOVAR<\/a><\/span>\n<p style=\"text-align: justify;\">Caso queira, entre em contato conosco pelo formul\u00e1rio abaixo:<\/p>\n<p style=\"text-align: justify;\"><div role=\"form\" class=\"wpcf7\" id=\"wpcf7-f48-o1\" lang=\"pt-BR\" dir=\"ltr\">\n<div class=\"screen-reader-response\"><p role=\"status\" aria-live=\"polite\" aria-atomic=\"true\"><\/p> <ul><\/ul><\/div>\n<form action=\"\/site\/wp-json\/wp\/v2\/pages\/12538#wpcf7-f48-o1\" method=\"post\" class=\"wpcf7-form init\" novalidate=\"novalidate\" data-status=\"init\">\n<div style=\"display: none;\">\n<input type=\"hidden\" name=\"_wpcf7\" value=\"48\" \/>\n<input type=\"hidden\" name=\"_wpcf7_version\" value=\"5.6\" \/>\n<input type=\"hidden\" name=\"_wpcf7_locale\" value=\"pt_BR\" \/>\n<input type=\"hidden\" name=\"_wpcf7_unit_tag\" value=\"wpcf7-f48-o1\" \/>\n<input type=\"hidden\" name=\"_wpcf7_container_post\" value=\"0\" \/>\n<input type=\"hidden\" name=\"_wpcf7_posted_data_hash\" value=\"\" \/>\n<input type=\"hidden\" name=\"_wpcf7_recaptcha_response\" value=\"\" \/>\n<\/div>\n<p>Seu nome (obrigat\u00f3rio)<br \/>\n    <span class=\"wpcf7-form-control-wrap\" data-name=\"your-name\"><input type=\"text\" name=\"your-name\" value=\"\" size=\"40\" class=\"wpcf7-form-control wpcf7-text wpcf7-validates-as-required\" aria-required=\"true\" aria-invalid=\"false\" \/><\/span> <\/p>\n<p>Seu e-mail (obrigat\u00f3rio)<br \/>\n    <span class=\"wpcf7-form-control-wrap\" data-name=\"your-email\"><input type=\"email\" name=\"your-email\" value=\"\" size=\"40\" class=\"wpcf7-form-control wpcf7-text wpcf7-email wpcf7-validates-as-required wpcf7-validates-as-email\" aria-required=\"true\" aria-invalid=\"false\" \/><\/span> <\/p>\n<p>Telefone (obrigat\u00f3rio)<br \/>\n    <span class=\"wpcf7-form-control-wrap\" data-name=\"your-phone\"><input type=\"text\" name=\"your-phone\" value=\"\" size=\"40\" class=\"wpcf7-form-control wpcf7-text wpcf7-validates-as-required\" aria-required=\"true\" aria-invalid=\"false\" \/><\/span> <\/p>\n<p>Assunto<br \/>\n    <span class=\"wpcf7-form-control-wrap\" data-name=\"your-subject\"><input type=\"text\" name=\"your-subject\" value=\"\" size=\"40\" class=\"wpcf7-form-control wpcf7-text\" aria-invalid=\"false\" \/><\/span> <\/p>\n<p>Sua mensagem<br \/>\n    <span class=\"wpcf7-form-control-wrap\" data-name=\"your-message\"><textarea name=\"your-message\" cols=\"40\" rows=\"10\" class=\"wpcf7-form-control wpcf7-textarea\" aria-invalid=\"false\"><\/textarea><\/span> <\/p>\n\n<p><\/p>\n<p><input type=\"submit\" value=\"Enviar\" class=\"wpcf7-form-control has-spinner wpcf7-submit\" \/><\/p>\n<div class=\"wpcf7-response-output\" aria-hidden=\"true\"><\/div><\/form><\/div><\/p>\n","protected":false},"excerpt":{"rendered":"<p>Sua assinatura n\u00e3o comporta a edi\u00e7\u00e3o clicada. Confira no seu PERFIL a validade da mesma (in\u00edcio e t\u00e9rmino). Precisa RENOVAR a sua assinatura? Caso queira, entre em contato conosco pelo formul\u00e1rio abaixo:<\/p>\n","protected":false},"author":1,"featured_media":0,"parent":12587,"menu_order":0,"comment_status":"closed","ping_status":"closed","template":"","meta":{"_links_to":"","_links_to_target":""},"yoast_head":"<!-- This site is optimized with the Yoast SEO plugin v19.3 - https:\/\/yoast.com\/wordpress\/plugins\/seo\/ -->\n<title>Ops! Ocorreu um erro - Revista Classic Show, a sua revista de carros antigos<\/title>\n<meta name=\"robots\" content=\"index, follow, max-snippet:-1, max-image-preview:large, max-video-preview:-1\" \/>\n<link rel=\"canonical\" href=\"https:\/\/www.classicshow.com.br\/site\/area-do-assinante\/redirecionar\/\" \/>\n<meta property=\"og:locale\" content=\"pt_BR\" \/>\n<meta property=\"og:type\" content=\"article\" \/>\n<meta property=\"og:title\" content=\"Ops! Ocorreu um erro - Revista Classic Show, a sua revista de carros antigos\" \/>\n<meta property=\"og:description\" content=\"Sua assinatura n\u00e3o comporta a edi\u00e7\u00e3o clicada. Confira no seu PERFIL a validade da mesma (in\u00edcio e t\u00e9rmino). Precisa RENOVAR a sua assinatura? Caso queira, entre em contato conosco pelo formul\u00e1rio abaixo:\" \/>\n<meta property=\"og:url\" content=\"https:\/\/www.classicshow.com.br\/site\/area-do-assinante\/redirecionar\/\" \/>\n<meta property=\"og:site_name\" content=\"Revista Classic Show, a sua revista de carros antigos\" \/>\n<meta property=\"article:publisher\" content=\"https:\/\/www.facebook.com\/classic.show.7\" \/>\n<meta property=\"article:modified_time\" content=\"2019-01-08T17:02:14+00:00\" \/>\n<meta name=\"twitter:card\" content=\"summary_large_image\" \/>\n<meta name=\"twitter:site\" content=\"@revista_cshow\" \/>\n<script type=\"application\/ld+json\" class=\"yoast-schema-graph\">{\"@context\":\"https:\/\/schema.org\",\"@graph\":[{\"@type\":\"Organization\",\"@id\":\"https:\/\/www.classicshow.com.br\/site\/#organization\",\"name\":\"Revista Classic Show, a sua revista de carros antigos\",\"url\":\"https:\/\/www.classicshow.com.br\/site\/\",\"sameAs\":[\"https:\/\/www.youtube.com\/user\/ClassicShowM\",\"https:\/\/www.facebook.com\/classic.show.7\",\"https:\/\/twitter.com\/revista_cshow\"],\"logo\":{\"@type\":\"ImageObject\",\"inLanguage\":\"pt-BR\",\"@id\":\"https:\/\/www.classicshow.com.br\/site\/#\/schema\/logo\/image\/\",\"url\":\"https:\/\/www.classicshow.com.br\/site\/wp-content\/uploads\/2015\/09\/logo_cs.jpg\",\"contentUrl\":\"https:\/\/www.classicshow.com.br\/site\/wp-content\/uploads\/2015\/09\/logo_cs.jpg\",\"width\":339,\"height\":150,\"caption\":\"Revista Classic Show, a sua revista de carros antigos\"},\"image\":{\"@id\":\"https:\/\/www.classicshow.com.br\/site\/#\/schema\/logo\/image\/\"}},{\"@type\":\"WebSite\",\"@id\":\"https:\/\/www.classicshow.com.br\/site\/#website\",\"url\":\"https:\/\/www.classicshow.com.br\/site\/\",\"name\":\"Revista Classic Show, a sua revista de carros antigos\",\"description\":\"Fa\u00e7a sua assinatura! Aqui voc\u00ea encontra tudo sobre o universo dos carros antigos: mat\u00e9rias completas, encontros de carros antigos, livros especializados e muito mais!\",\"publisher\":{\"@id\":\"https:\/\/www.classicshow.com.br\/site\/#organization\"},\"potentialAction\":[{\"@type\":\"SearchAction\",\"target\":{\"@type\":\"EntryPoint\",\"urlTemplate\":\"https:\/\/www.classicshow.com.br\/site\/?s={search_term_string}\"},\"query-input\":\"required name=search_term_string\"}],\"inLanguage\":\"pt-BR\"},{\"@type\":\"WebPage\",\"@id\":\"https:\/\/www.classicshow.com.br\/site\/area-do-assinante\/redirecionar\/\",\"url\":\"https:\/\/www.classicshow.com.br\/site\/area-do-assinante\/redirecionar\/\",\"name\":\"Ops! Ocorreu um erro - Revista Classic Show, a sua revista de carros antigos\",\"isPartOf\":{\"@id\":\"https:\/\/www.classicshow.com.br\/site\/#website\"},\"datePublished\":\"2018-07-17T17:35:17+00:00\",\"dateModified\":\"2019-01-08T17:02:14+00:00\",\"breadcrumb\":{\"@id\":\"https:\/\/www.classicshow.com.br\/site\/area-do-assinante\/redirecionar\/#breadcrumb\"},\"inLanguage\":\"pt-BR\",\"potentialAction\":[{\"@type\":\"ReadAction\",\"target\":[\"https:\/\/www.classicshow.com.br\/site\/area-do-assinante\/redirecionar\/\"]}]},{\"@type\":\"BreadcrumbList\",\"@id\":\"https:\/\/www.classicshow.com.br\/site\/area-do-assinante\/redirecionar\/#breadcrumb\",\"itemListElement\":[{\"@type\":\"ListItem\",\"position\":1,\"name\":\"In\u00edcio\",\"item\":\"https:\/\/www.classicshow.com.br\/site\/\"},{\"@type\":\"ListItem\",\"position\":2,\"name\":\"\u00c1rea do Assinante\",\"item\":\"http:\/\/www.classicshow.com.br\/site\/area-do-assinante\/perfil\/\"},{\"@type\":\"ListItem\",\"position\":3,\"name\":\"Ops! Ocorreu um erro\"}]}]}<\/script>\n<!-- \/ Yoast SEO plugin. -->","yoast_head_json":{"title":"Ops! Ocorreu um erro - Revista Classic Show, a sua revista de carros antigos","robots":{"index":"index","follow":"follow","max-snippet":"max-snippet:-1","max-image-preview":"max-image-preview:large","max-video-preview":"max-video-preview:-1"},"canonical":"https:\/\/www.classicshow.com.br\/site\/area-do-assinante\/redirecionar\/","og_locale":"pt_BR","og_type":"article","og_title":"Ops! Ocorreu um erro - Revista Classic Show, a sua revista de carros antigos","og_description":"Sua assinatura n\u00e3o comporta a edi\u00e7\u00e3o clicada. Confira no seu PERFIL a validade da mesma (in\u00edcio e t\u00e9rmino). Precisa RENOVAR a sua assinatura? Caso queira, entre em contato conosco pelo formul\u00e1rio abaixo:","og_url":"https:\/\/www.classicshow.com.br\/site\/area-do-assinante\/redirecionar\/","og_site_name":"Revista Classic Show, a sua revista de carros antigos","article_publisher":"https:\/\/www.facebook.com\/classic.show.7","article_modified_time":"2019-01-08T17:02:14+00:00","twitter_card":"summary_large_image","twitter_site":"@revista_cshow","schema":{"@context":"https:\/\/schema.org","@graph":[{"@type":"Organization","@id":"https:\/\/www.classicshow.com.br\/site\/#organization","name":"Revista Classic Show, a sua revista de carros antigos","url":"https:\/\/www.classicshow.com.br\/site\/","sameAs":["https:\/\/www.youtube.com\/user\/ClassicShowM","https:\/\/www.facebook.com\/classic.show.7","https:\/\/twitter.com\/revista_cshow"],"logo":{"@type":"ImageObject","inLanguage":"pt-BR","@id":"https:\/\/www.classicshow.com.br\/site\/#\/schema\/logo\/image\/","url":"https:\/\/www.classicshow.com.br\/site\/wp-content\/uploads\/2015\/09\/logo_cs.jpg","contentUrl":"https:\/\/www.classicshow.com.br\/site\/wp-content\/uploads\/2015\/09\/logo_cs.jpg","width":339,"height":150,"caption":"Revista Classic Show, a sua revista de carros antigos"},"image":{"@id":"https:\/\/www.classicshow.com.br\/site\/#\/schema\/logo\/image\/"}},{"@type":"WebSite","@id":"https:\/\/www.classicshow.com.br\/site\/#website","url":"https:\/\/www.classicshow.com.br\/site\/","name":"Revista Classic Show, a sua revista de carros antigos","description":"Fa\u00e7a sua assinatura! Aqui voc\u00ea encontra tudo sobre o universo dos carros antigos: mat\u00e9rias completas, encontros de carros antigos, livros especializados e muito mais!","publisher":{"@id":"https:\/\/www.classicshow.com.br\/site\/#organization"},"potentialAction":[{"@type":"SearchAction","target":{"@type":"EntryPoint","urlTemplate":"https:\/\/www.classicshow.com.br\/site\/?s={search_term_string}"},"query-input":"required name=search_term_string"}],"inLanguage":"pt-BR"},{"@type":"WebPage","@id":"https:\/\/www.classicshow.com.br\/site\/area-do-assinante\/redirecionar\/","url":"https:\/\/www.classicshow.com.br\/site\/area-do-assinante\/redirecionar\/","name":"Ops! Ocorreu um erro - Revista Classic Show, a sua revista de carros antigos","isPartOf":{"@id":"https:\/\/www.classicshow.com.br\/site\/#website"},"datePublished":"2018-07-17T17:35:17+00:00","dateModified":"2019-01-08T17:02:14+00:00","breadcrumb":{"@id":"https:\/\/www.classicshow.com.br\/site\/area-do-assinante\/redirecionar\/#breadcrumb"},"inLanguage":"pt-BR","potentialAction":[{"@type":"ReadAction","target":["https:\/\/www.classicshow.com.br\/site\/area-do-assinante\/redirecionar\/"]}]},{"@type":"BreadcrumbList","@id":"https:\/\/www.classicshow.com.br\/site\/area-do-assinante\/redirecionar\/#breadcrumb","itemListElement":[{"@type":"ListItem","position":1,"name":"In\u00edcio","item":"https:\/\/www.classicshow.com.br\/site\/"},{"@type":"ListItem","position":2,"name":"\u00c1rea do Assinante","item":"http:\/\/www.classicshow.com.br\/site\/area-do-assinante\/perfil\/"},{"@type":"ListItem","position":3,"name":"Ops! Ocorreu um erro"}]}]}},"_links":{"self":[{"href":"https:\/\/www.classicshow.com.br\/site\/wp-json\/wp\/v2\/pages\/12538"}],"collection":[{"href":"https:\/\/www.classicshow.com.br\/site\/wp-json\/wp\/v2\/pages"}],"about":[{"href":"https:\/\/www.classicshow.com.br\/site\/wp-json\/wp\/v2\/types\/page"}],"author":[{"embeddable":true,"href":"https:\/\/www.classicshow.com.br\/site\/wp-json\/wp\/v2\/users\/1"}],"replies":[{"embeddable":true,"href":"https:\/\/www.classicshow.com.br\/site\/wp-json\/wp\/v2\/comments?post=12538"}],"version-history":[{"count":9,"href":"https:\/\/www.classicshow.com.br\/site\/wp-json\/wp\/v2\/pages\/12538\/revisions"}],"predecessor-version":[{"id":14714,"href":"https:\/\/www.classicshow.com.br\/site\/wp-json\/wp\/v2\/pages\/12538\/revisions\/14714"}],"up":[{"embeddable":true,"href":"https:\/\/www.classicshow.com.br\/site\/wp-json\/wp\/v2\/pages\/12587"}],"wp:attachment":[{"href":"https:\/\/www.classicshow.com.br\/site\/wp-json\/wp\/v2\/media?parent=12538"}],"curies":[{"name":"wp","href":"https:\/\/api.w.org\/{rel}","templated":true}]}}