{"id":12536,"date":"2018-07-17T14:35:17","date_gmt":"2018-07-17T17:35:17","guid":{"rendered":"http:\/\/www.classicshow.com.br\/site\/iump-tos-page\/"},"modified":"2018-10-30T17:08:00","modified_gmt":"2018-10-30T20:08:00","slug":"termos-de-uso","status":"publish","type":"page","link":"https:\/\/www.classicshow.com.br\/site\/area-do-assinante\/termos-de-uso\/","title":{"rendered":"Termos de Uso &#038; Privacidade"},"content":{"rendered":"<p style=\"text-align: center;\"><strong>CONTRATO PARA ASSINATURA DE<\/strong><br \/>\n<strong>CONTE\u00daDO DIGITAL FAGUNDES EDITORA<\/strong><\/p>\n<p style=\"text-align: justify;\">Ao finalizar a compra de seu acesso digital, voc\u00ea assinante (&#8220;USU\u00c1RIO&#8221;) declara ter cuidadosamente examinado e incondicionalmente concordado com os termos e condi\u00e7\u00f5es constantes do presente Contrato, passando a ter direito de acesso oneroso, atrav\u00e9s de assinatura, ao conte\u00fado digital da FAGUNDES EDITORA (&#8220;FAGUNDES EDITORA&#8221;), por meio de acesso a \u00c1REA DE ASSINANTES em nosso site (www.classicshow.com.br), de autoria e propriedade da FAGUNDES EDITORA, n\u00e3o exigindo a necessidade de instala\u00e7\u00e3o de nenhum aplicativo.<\/p>\n<p style=\"text-align: justify;\">O presente Contrato \u00e9 firmado entre a FAGUNDES GR\u00c1FICA E EDITORA LTDA, editora de conte\u00fado, em formato digital, referentes \u00e0s suas diversas marcas, com sede em Iju\u00ed\/RS, na Rua Paran\u00e1, n\u00ba 1172, inscrita no CNPJ\/MF sob o n\u00ba 02.290374\/0001-14, e a PESSOA F\u00cdSICA que passar\u00e1 a ser identificada a partir de seu cadastramento no referido site pelo seu nome de usu\u00e1rio e respectiva senha, doravante identificada simplesmente como USU\u00c1RIO, nos seguintes termos:<\/p>\n<p style=\"text-align: justify;\">1. OBJETO: Permitir ao USU\u00c1RIO o acesso oneroso ao conte\u00fado da FAGUNDES EDITORA, em formato digital (&#8220;Conte\u00fado Digital&#8221;), por meio de assinatura (anual de 06 edi\u00e7\u00f5es), acesso este exclusivo apenas para usu\u00e1rios que j\u00e1 tenham assinatura ativa da Revista Classic Show em sua vers\u00e3o impressa. Caso o USU\u00c1RIO adquira por engano apenas a vers\u00e3o digital, este ter\u00e1 a op\u00e7\u00e3o de fazer a assinatura em sua vers\u00e3o impressa ou ter o valor pago restitu\u00eddo e o cancelamento do seu acesso digital.<br \/>\n1.1 Por meio do presente Contrato, a FAGUNDES EDITORA concede, ainda, ao USU\u00c1RIO, uma licen\u00e7a exclusiva, pelo prazo a ser definido a livre e exclusivo crit\u00e9rio da FAGUNDES EDITORA, para que o USU\u00c1RIO utilize para a finalidade exclusiva de acesso ao Conte\u00fado Digital, para uso privado e n\u00e3o comercial.<br \/>\n1.2 O USU\u00c1RIO somente ter\u00e1 acesso ao Conte\u00fado Digital ap\u00f3s o devido pagamento previsto no item 3.<br \/>\n1.3 O acesso ao Conte\u00fado Digital dever\u00e1 observar o disposto neste Contrato, sendo que a FAGUNDES EDITORA poder\u00e1 suspend\u00ea-los ou cancel\u00e1-los a qualquer momento, ao seu livre e exclusivo crit\u00e9rio, em virtude do uso em desacordo com os dispositivos contratuais ou qualquer outro motivo.<br \/>\n1.4 Para melhor visualiza\u00e7\u00e3o do conte\u00fado, recomenda-se ao USU\u00c1RIO os seguintes requisitos m\u00ednimos: iPad &#8211; iOS 7 ou superior (iPad 3 ou superior); iPhone &#8211; modelo 3GS ou superior e iOS 7 ou superior; Tablets e Smartphones\/Celulares Android &#8211; Android 4 com resolu\u00e7\u00e3o de 1024 x 600 ou 1280 x 800. Processador de 800Mhz; 1 GB de RAM;<\/p>\n<p style=\"text-align: justify;\">2. CADASTRAMENTO: A inscri\u00e7\u00e3o do USU\u00c1RIO, que permitir\u00e1 o acesso oneroso ao Conte\u00fado Digital, ser\u00e1 feita atrav\u00e9s da loja virtual no site www.classicshow.com.br e est\u00e1 condicionada ao preenchimento de todos os campos com o fornecimento dos dados corretos e verdadeiros;<br \/>\n2.1 Para utiliza\u00e7\u00e3o dos servi\u00e7os, a FAGUNDES EDITORA ir\u00e1 criar uma conta nos servi\u00e7os de assinatura e informar ao USU\u00c1RIO os seus dados de acesso (login e senha).<br \/>\n2.2 Caso os dados fornecidos pelo USU\u00c1RIO no momento do seu cadastro estiverem errados ou incompletos, de forma a impossibilitar a comprova\u00e7\u00e3o e identifica\u00e7\u00e3o do USU\u00c1RIO, a FAGUNDES EDITORA poder\u00e1 a seu exclusivo crit\u00e9rio cancelar automaticamente a conta, sem qualquer \u00f4nus e isenta de qualquer responsabilidade perante o USU\u00c1RIO.<br \/>\n2.3 Ao preencher o cadastro, o USU\u00c1RIO concorda que os dados e informa\u00e7\u00f5es pessoais fornecidas passar\u00e3o a integrar o cadastro da FAGUNDES EDITORA, e sua utiliza\u00e7\u00e3o seguir\u00e1 as regras da POL\u00cdTICA DE PRIVACIDADE que o USU\u00c1RIO declara conhecer.<br \/>\n2.4 A conta poder\u00e1 ser utilizada em apenas 01 (uma) conex\u00e3o ao servi\u00e7o com login e senha.<br \/>\n2.5. O USU\u00c1RIO ser\u00e1 exclusivamente respons\u00e1vel pelo uso irregular do servi\u00e7o de assinatura do Conte\u00fado Digital em seu nome (login e senha), devendo tomar todas as medidas necess\u00e1rias para impedir a utiliza\u00e7\u00e3o de sua senha por quaisquer terceiros.<\/p>\n<p style=\"text-align: justify;\">3. PRE\u00c7O: Pelo objeto deste contrato, o USU\u00c1RIO pagar\u00e1 \u00e0 FAGUNDES EDITORA o valor estipulado na tabela de pre\u00e7os vigente, de acordo com a periodicidade escolhida no ato da aquisi\u00e7\u00e3o da assinatura, que ser\u00e1 arbitrado a livre e exclusivo crit\u00e9rio da FAGUNDES EDITORA. Tal pagamento ocorrer\u00e1 de acordo com as formas de pagamento oferecidas pela FAGUNDES EDITORA no site www.classicshow.com.br, ou em outros canais de vendas de Assinaturas.<br \/>\n3.1 As partes reconhecem que, no PRE\u00c7O, n\u00e3o est\u00e3o inclu\u00eddas as taxas e pagamentos de acesso \u00e0 Internet e demais taxas decorrentes dessa utiliza\u00e7\u00e3o, os quais s\u00e3o de responsabilidade exclusiva do USU\u00c1RIO.<br \/>\n3.2 O n\u00e3o pagamento do PRE\u00c7O, total ou parcial (parcelas), pelo USU\u00c1RIO, acarretar\u00e1 a impossibilidade de acesso \u00e0s respectivas edi\u00e7\u00f5es contendo o Conte\u00fado Digital, sem que seja devida qualquer restitui\u00e7\u00e3o de pre\u00e7o pago pelo USU\u00c1RIO por edi\u00e7\u00f5es anteriores.<br \/>\n3.3 Caso o USU\u00c1RIO opte pelo pagamento do PRE\u00c7O por meio de boleto banc\u00e1rio, cart\u00e3o de cr\u00e9dito, d\u00e9bito ou dep\u00f3sito em conta-corrente, a libera\u00e7\u00e3o de acesso ao Conte\u00fado Digital ocorrer\u00e1 t\u00e3o logo o pagamento seja confirmado pela respectiva institui\u00e7\u00e3o financeira.<br \/>\n3.4 O USU\u00c1RIO, desde j\u00e1, declara ter ci\u00eancia que, caso opte pelo pagamento do PRE\u00c7O por meio &#8220;boleto banc\u00e1rio&#8221;, a libera\u00e7\u00e3o de acesso ao Conte\u00fado Digital escolhido ser\u00e1 efetuado ap\u00f3s confirma\u00e7\u00e3o do cr\u00e9dito do valor \u00e0 vista, realizado pela respectiva institui\u00e7\u00e3o financeira. O USU\u00c0RIO ser\u00e1 comunicado sobre a confirma\u00e7\u00e3o de pagamento e libera\u00e7\u00e3o de acesso ao Conte\u00fado Digital atrav\u00e9s do endere\u00e7o de e-mail informado por ocasi\u00e3o do cadastramento (item 2), contendo as informa\u00e7\u00f5es necess\u00e1rias e detalhadas sobre fluxo de pagamento e libera\u00e7\u00e3o de acesso ao Conte\u00fado Digital.<\/p>\n<p style=\"text-align: justify;\">4. REGRAS DE CONDUTA DO USU\u00c1RIO: O conte\u00fado Digital \u00e9 disponibilizado pela FAGUNDES EDITORA, \u00fanica e exclusivamente para uso pessoal e n\u00e3o comercial por parte do USU\u00c1RIO, sendo vedado ao USU\u00c1RIO:<br \/>\na) modificar, adaptar, traduzir, editar, publicar, transferir, vender, licenciar, reproduzir em quaisquer meios, criar obras derivadas, distribuir, disponibilizar, total ou parcialmente, ou de qualquer outra forma explorar o Conte\u00fado Digital, salvo nos termos previstos neste contrato;<br \/>\nb) apagar ou modificar quaisquer refer\u00eancias de autoria, comunica\u00e7\u00f5es legais, indica\u00e7\u00f5es ou avisos contidos nas informa\u00e7\u00f5es disponibilizadas;<br \/>\nc) vender, alugar, ceder, compartilhar ou transferir o acesso ao Conte\u00fado Digital;<br \/>\nd) utilizar o Conte\u00fado Digital em desacordo a este Contrato, bem como \u00e0 legisla\u00e7\u00e3o vigente, especialmente as de origem civil e criminal, bem como de forma contr\u00e1ria aos preceitos morais e \u00e9ticos e da boa-f\u00e9;<br \/>\n4.1 A viola\u00e7\u00e3o, pelo USU\u00c1RIO, de qualquer das disposi\u00e7\u00f5es constantes do Contrato, ensejar\u00e1 a imediata responsabilidade civil e\/ou criminal, bem como a rescis\u00e3o do presente Contrato.<\/p>\n<p style=\"text-align: justify;\">5. MODIFICA\u00c7\u00d5ES DO CONTRATO: A FAGUNDES EDITORA poder\u00e1, a qualquer momento e de acordo com seu exclusivo crit\u00e9rio, independente de qualquer aviso ao USU\u00c1RIO, alterar o presente Contrato e\/ou das regras expostas no site www.classicshow.com.br, sendo que o USU\u00c1RIO dever\u00e1 rev\u00ea-los regularmente para garantir que estar\u00e1 sempre ciente de todas as altera\u00e7\u00f5es implementadas. O uso continuado pelo USU\u00c1RIO ap\u00f3s a publica\u00e7\u00e3o de qualquer altera\u00e7\u00e3o neste Contrato e\/ou das regras expostas no site www.classicshow.com.br implicar\u00e1 na concord\u00e2ncia e aceita\u00e7\u00e3o do mesmo.<\/p>\n<p style=\"text-align: justify;\">6. RESPONSABILIDADES: O USU\u00c1RIO ser\u00e1 respons\u00e1vel pela utiliza\u00e7\u00e3o do Conte\u00fado Digital de acordo com o previsto no presente Contrato.<br \/>\n6.1. A FAGUNDES EDITORA n\u00e3o se responsabiliza pelas consequ\u00eancias decorrentes de imprevistos ou problemas que impe\u00e7am a disponibilidade do Conte\u00fado Digital que possam decorrer de problemas, falhas ou funcionamento t\u00e9cnico, de qualquer tipo, em redes de computadores ou de linhas telef\u00f4nicas, computadores, servidores ou provedores, equipamentos de computadores, hardware ou software, ou erro, interrup\u00e7\u00e3o, defeito, atraso ou falha em opera\u00e7\u00f5es ou transmiss\u00f5es para o correto processamento do referido Conte\u00fado Digital, incluindo, mas n\u00e3o se limitando, \u00e0 transmiss\u00e3o imprecisa de dados em raz\u00e3o de problemas t\u00e9cnicos, congestionamento na internet ou em qualquer website ou, ainda, falha na comunica\u00e7\u00e3o eletr\u00f4nica ou outras for\u00e7as relevantes que estejam fora do seu controle, incluindo a capacidade de acesso ao seu website, falha diversa relacionada ao tr\u00e1fego na internet, v\u00edrus, falha de programa\u00e7\u00e3o (&#8220;bugs&#8221;) ou viola\u00e7\u00e3o por terceiros (hackers).<\/p>\n<p style=\"text-align: justify;\">7. DIREITOS DE PROPRIEDADE: Todas as informa\u00e7\u00f5es, materiais, imagens, textos, arquivos digitais, marcas, tecnologias, softwares, sinais distintivos e demais bens imateriais constantes do Conte\u00fado Digital s\u00e3o protegidos pela legisla\u00e7\u00e3o de direitos autorais, marcas, software e outras relativas \u00e0 propriedade intelectual, sendo de propriedade da FAGUNDES EDITORA e\/ou de suas licenciantes. Qualquer viola\u00e7\u00e3o desses direitos pelo USU\u00c1RIO ou em decorr\u00eancia da sua responsabilidade implicar\u00e1 na ado\u00e7\u00e3o de medidas legais aplic\u00e1veis, sem preju\u00edzo da imediata rescis\u00e3o deste Contrato.<\/p>\n<p style=\"text-align: justify;\">8. PRAZO: Este contrato \u00e9 celebrado pelo prazo indeterminado quanto ao Conte\u00fado Digital, pelo prazo de vig\u00eancia da respectiva assinatura escolhida pelo USU\u00c1RIO, podendo ser rescindido pelas Partes nos casos nele previstos.<\/p>\n<p style=\"text-align: justify;\">9. RESCIS\u00c3O: O descumprimento de quaisquer das cl\u00e1usulas deste Contrato implicar\u00e1 sua imediata rescis\u00e3o ou suspens\u00e3o, sem nenhum aviso ou notifica\u00e7\u00e3o.<br \/>\n9.1 O USU\u00c1RIO poder\u00e1, a qualquer momento, solicitar o cancelamento de sua assinatura, situa\u00e7\u00e3o em que o USU\u00c1RIO ser\u00e1 restitu\u00eddo, proporcionalmente, dos valores eventualmente pagos, sendo descontados os exemplares j\u00e1 disponibilizados para leitura.<\/p>\n<p style=\"text-align: justify;\">No per\u00edodo que antecede o t\u00e9rmino de sua assinatura, a FAGUNDES EDITORA enviar\u00e1 ao ASSINANTE comunica\u00e7\u00f5es para relembr\u00e1-lo do servi\u00e7o, nas quais ir\u00e3o constar todas as informa\u00e7\u00f5es relativas ao novo per\u00edodo de vig\u00eancia contratual.<\/p>\n<p style=\"text-align: justify;\">Se acaso n\u00e3o for do interesse do ASSINANTE a renova\u00e7\u00e3o de sua assinatura, basta que o mesmo entre em contato com o Servi\u00e7o de Atendimento ao Cliente FAGUNDES EDITORA, por meio do telefone indicado abaixo:<br \/>\nSERVI\u00c7O DE ATENDIMENTO AO CLIENTE (Para renova\u00e7\u00f5es, mudan\u00e7a de endere\u00e7o, troca de forma de pagamento e outros servi\u00e7os): www.classicshow.com.br Iju\u00ed\/RS: (55) 3332-2900 ou pelo WhatsApp +55 (55) 99148-9339.<\/p>\n<p style=\"text-align: justify;\">11. CONTATO: Eventuais d\u00favidas e reclama\u00e7\u00f5es dever\u00e3o ser encaminhadas para o CONTATO, que fica localizado no site www.classicshow.com.br. A FAGUNDES EDITORA \u00e9 respons\u00e1vel pelo atendimento de quest\u00f5es relativas exclusivamente ao Conte\u00fado Digital e pagamentos. O USU\u00c1RIO declara ter ci\u00eancia que as demais quest\u00f5es dever\u00e3o ser direcionadas \u00e0 empresa detentora dos direitos do seu tablet ou smartphone e sanadas pela mesma.<\/p>\n<p style=\"text-align: justify;\">12. DO FORO: Eventuais diverg\u00eancias ser\u00e3o dirimidas perante o Foro Central de Iju\u00ed\/RS.<\/p>\n","protected":false},"excerpt":{"rendered":"<p>CONTRATO PARA ASSINATURA DE CONTE\u00daDO DIGITAL FAGUNDES EDITORA Ao finalizar a compra de seu acesso digital, voc\u00ea assinante (&#8220;USU\u00c1RIO&#8221;) declara ter cuidadosamente examinado e incondicionalmente concordado com os termos e condi\u00e7\u00f5es constantes do presente Contrato, passando a ter direito de acesso oneroso, atrav\u00e9s de assinatura, ao conte\u00fado digital da FAGUNDES EDITORA (&#8220;FAGUNDES EDITORA&#8221;), por meio [&hellip;]<\/p>\n","protected":false},"author":1,"featured_media":0,"parent":12587,"menu_order":0,"comment_status":"closed","ping_status":"closed","template":"","meta":{"_links_to":"","_links_to_target":""},"yoast_head":"<!-- This site is optimized with the Yoast SEO plugin v19.3 - https:\/\/yoast.com\/wordpress\/plugins\/seo\/ -->\n<title>Termos de Uso &amp; Privacidade - Revista Classic Show, a sua revista de carros antigos<\/title>\n<meta name=\"robots\" content=\"index, follow, max-snippet:-1, max-image-preview:large, max-video-preview:-1\" \/>\n<link rel=\"canonical\" href=\"https:\/\/www.classicshow.com.br\/site\/area-do-assinante\/termos-de-uso\/\" \/>\n<meta property=\"og:locale\" content=\"pt_BR\" \/>\n<meta property=\"og:type\" content=\"article\" \/>\n<meta property=\"og:title\" content=\"Termos de Uso &amp; Privacidade - Revista Classic Show, a sua revista de carros antigos\" \/>\n<meta property=\"og:description\" content=\"CONTRATO PARA ASSINATURA DE CONTE\u00daDO DIGITAL FAGUNDES EDITORA Ao finalizar a compra de seu acesso digital, voc\u00ea assinante (&#8220;USU\u00c1RIO&#8221;) declara ter cuidadosamente examinado e incondicionalmente concordado com os termos e condi\u00e7\u00f5es constantes do presente Contrato, passando a ter direito de acesso oneroso, atrav\u00e9s de assinatura, ao conte\u00fado digital da FAGUNDES EDITORA (&#8220;FAGUNDES EDITORA&#8221;), por meio [&hellip;]\" \/>\n<meta property=\"og:url\" content=\"https:\/\/www.classicshow.com.br\/site\/area-do-assinante\/termos-de-uso\/\" \/>\n<meta property=\"og:site_name\" content=\"Revista Classic Show, a sua revista de carros antigos\" \/>\n<meta property=\"article:publisher\" content=\"https:\/\/www.facebook.com\/classic.show.7\" \/>\n<meta property=\"article:modified_time\" content=\"2018-10-30T20:08:00+00:00\" \/>\n<meta name=\"twitter:card\" content=\"summary_large_image\" \/>\n<meta name=\"twitter:site\" content=\"@revista_cshow\" \/>\n<meta name=\"twitter:label1\" content=\"Est. tempo de leitura\" \/>\n\t<meta name=\"twitter:data1\" content=\"9 minutos\" \/>\n<script type=\"application\/ld+json\" class=\"yoast-schema-graph\">{\"@context\":\"https:\/\/schema.org\",\"@graph\":[{\"@type\":\"Organization\",\"@id\":\"https:\/\/www.classicshow.com.br\/site\/#organization\",\"name\":\"Revista Classic Show, a sua revista de carros antigos\",\"url\":\"https:\/\/www.classicshow.com.br\/site\/\",\"sameAs\":[\"https:\/\/www.youtube.com\/user\/ClassicShowM\",\"https:\/\/www.facebook.com\/classic.show.7\",\"https:\/\/twitter.com\/revista_cshow\"],\"logo\":{\"@type\":\"ImageObject\",\"inLanguage\":\"pt-BR\",\"@id\":\"https:\/\/www.classicshow.com.br\/site\/#\/schema\/logo\/image\/\",\"url\":\"https:\/\/www.classicshow.com.br\/site\/wp-content\/uploads\/2015\/09\/logo_cs.jpg\",\"contentUrl\":\"https:\/\/www.classicshow.com.br\/site\/wp-content\/uploads\/2015\/09\/logo_cs.jpg\",\"width\":339,\"height\":150,\"caption\":\"Revista Classic Show, a sua revista de carros antigos\"},\"image\":{\"@id\":\"https:\/\/www.classicshow.com.br\/site\/#\/schema\/logo\/image\/\"}},{\"@type\":\"WebSite\",\"@id\":\"https:\/\/www.classicshow.com.br\/site\/#website\",\"url\":\"https:\/\/www.classicshow.com.br\/site\/\",\"name\":\"Revista Classic Show, a sua revista de carros antigos\",\"description\":\"Fa\u00e7a sua assinatura! Aqui voc\u00ea encontra tudo sobre o universo dos carros antigos: mat\u00e9rias completas, encontros de carros antigos, livros especializados e muito mais!\",\"publisher\":{\"@id\":\"https:\/\/www.classicshow.com.br\/site\/#organization\"},\"potentialAction\":[{\"@type\":\"SearchAction\",\"target\":{\"@type\":\"EntryPoint\",\"urlTemplate\":\"https:\/\/www.classicshow.com.br\/site\/?s={search_term_string}\"},\"query-input\":\"required name=search_term_string\"}],\"inLanguage\":\"pt-BR\"},{\"@type\":\"WebPage\",\"@id\":\"https:\/\/www.classicshow.com.br\/site\/area-do-assinante\/termos-de-uso\/\",\"url\":\"https:\/\/www.classicshow.com.br\/site\/area-do-assinante\/termos-de-uso\/\",\"name\":\"Termos de Uso & Privacidade - Revista Classic Show, a sua revista de carros antigos\",\"isPartOf\":{\"@id\":\"https:\/\/www.classicshow.com.br\/site\/#website\"},\"datePublished\":\"2018-07-17T17:35:17+00:00\",\"dateModified\":\"2018-10-30T20:08:00+00:00\",\"breadcrumb\":{\"@id\":\"https:\/\/www.classicshow.com.br\/site\/area-do-assinante\/termos-de-uso\/#breadcrumb\"},\"inLanguage\":\"pt-BR\",\"potentialAction\":[{\"@type\":\"ReadAction\",\"target\":[\"https:\/\/www.classicshow.com.br\/site\/area-do-assinante\/termos-de-uso\/\"]}]},{\"@type\":\"BreadcrumbList\",\"@id\":\"https:\/\/www.classicshow.com.br\/site\/area-do-assinante\/termos-de-uso\/#breadcrumb\",\"itemListElement\":[{\"@type\":\"ListItem\",\"position\":1,\"name\":\"In\u00edcio\",\"item\":\"https:\/\/www.classicshow.com.br\/site\/\"},{\"@type\":\"ListItem\",\"position\":2,\"name\":\"\u00c1rea do Assinante\",\"item\":\"http:\/\/www.classicshow.com.br\/site\/area-do-assinante\/perfil\/\"},{\"@type\":\"ListItem\",\"position\":3,\"name\":\"Termos de Uso &#038; Privacidade\"}]}]}<\/script>\n<!-- \/ Yoast SEO plugin. -->","yoast_head_json":{"title":"Termos de Uso & Privacidade - Revista Classic Show, a sua revista de carros antigos","robots":{"index":"index","follow":"follow","max-snippet":"max-snippet:-1","max-image-preview":"max-image-preview:large","max-video-preview":"max-video-preview:-1"},"canonical":"https:\/\/www.classicshow.com.br\/site\/area-do-assinante\/termos-de-uso\/","og_locale":"pt_BR","og_type":"article","og_title":"Termos de Uso & Privacidade - Revista Classic Show, a sua revista de carros antigos","og_description":"CONTRATO PARA ASSINATURA DE CONTE\u00daDO DIGITAL FAGUNDES EDITORA Ao finalizar a compra de seu acesso digital, voc\u00ea assinante (&#8220;USU\u00c1RIO&#8221;) declara ter cuidadosamente examinado e incondicionalmente concordado com os termos e condi\u00e7\u00f5es constantes do presente Contrato, passando a ter direito de acesso oneroso, atrav\u00e9s de assinatura, ao conte\u00fado digital da FAGUNDES EDITORA (&#8220;FAGUNDES EDITORA&#8221;), por meio [&hellip;]","og_url":"https:\/\/www.classicshow.com.br\/site\/area-do-assinante\/termos-de-uso\/","og_site_name":"Revista Classic Show, a sua revista de carros antigos","article_publisher":"https:\/\/www.facebook.com\/classic.show.7","article_modified_time":"2018-10-30T20:08:00+00:00","twitter_card":"summary_large_image","twitter_site":"@revista_cshow","twitter_misc":{"Est. tempo de leitura":"9 minutos"},"schema":{"@context":"https:\/\/schema.org","@graph":[{"@type":"Organization","@id":"https:\/\/www.classicshow.com.br\/site\/#organization","name":"Revista Classic Show, a sua revista de carros antigos","url":"https:\/\/www.classicshow.com.br\/site\/","sameAs":["https:\/\/www.youtube.com\/user\/ClassicShowM","https:\/\/www.facebook.com\/classic.show.7","https:\/\/twitter.com\/revista_cshow"],"logo":{"@type":"ImageObject","inLanguage":"pt-BR","@id":"https:\/\/www.classicshow.com.br\/site\/#\/schema\/logo\/image\/","url":"https:\/\/www.classicshow.com.br\/site\/wp-content\/uploads\/2015\/09\/logo_cs.jpg","contentUrl":"https:\/\/www.classicshow.com.br\/site\/wp-content\/uploads\/2015\/09\/logo_cs.jpg","width":339,"height":150,"caption":"Revista Classic Show, a sua revista de carros antigos"},"image":{"@id":"https:\/\/www.classicshow.com.br\/site\/#\/schema\/logo\/image\/"}},{"@type":"WebSite","@id":"https:\/\/www.classicshow.com.br\/site\/#website","url":"https:\/\/www.classicshow.com.br\/site\/","name":"Revista Classic Show, a sua revista de carros antigos","description":"Fa\u00e7a sua assinatura! Aqui voc\u00ea encontra tudo sobre o universo dos carros antigos: mat\u00e9rias completas, encontros de carros antigos, livros especializados e muito mais!","publisher":{"@id":"https:\/\/www.classicshow.com.br\/site\/#organization"},"potentialAction":[{"@type":"SearchAction","target":{"@type":"EntryPoint","urlTemplate":"https:\/\/www.classicshow.com.br\/site\/?s={search_term_string}"},"query-input":"required name=search_term_string"}],"inLanguage":"pt-BR"},{"@type":"WebPage","@id":"https:\/\/www.classicshow.com.br\/site\/area-do-assinante\/termos-de-uso\/","url":"https:\/\/www.classicshow.com.br\/site\/area-do-assinante\/termos-de-uso\/","name":"Termos de Uso & Privacidade - Revista Classic Show, a sua revista de carros antigos","isPartOf":{"@id":"https:\/\/www.classicshow.com.br\/site\/#website"},"datePublished":"2018-07-17T17:35:17+00:00","dateModified":"2018-10-30T20:08:00+00:00","breadcrumb":{"@id":"https:\/\/www.classicshow.com.br\/site\/area-do-assinante\/termos-de-uso\/#breadcrumb"},"inLanguage":"pt-BR","potentialAction":[{"@type":"ReadAction","target":["https:\/\/www.classicshow.com.br\/site\/area-do-assinante\/termos-de-uso\/"]}]},{"@type":"BreadcrumbList","@id":"https:\/\/www.classicshow.com.br\/site\/area-do-assinante\/termos-de-uso\/#breadcrumb","itemListElement":[{"@type":"ListItem","position":1,"name":"In\u00edcio","item":"https:\/\/www.classicshow.com.br\/site\/"},{"@type":"ListItem","position":2,"name":"\u00c1rea do Assinante","item":"http:\/\/www.classicshow.com.br\/site\/area-do-assinante\/perfil\/"},{"@type":"ListItem","position":3,"name":"Termos de Uso &#038; Privacidade"}]}]}},"_links":{"self":[{"href":"https:\/\/www.classicshow.com.br\/site\/wp-json\/wp\/v2\/pages\/12536"}],"collection":[{"href":"https:\/\/www.classicshow.com.br\/site\/wp-json\/wp\/v2\/pages"}],"about":[{"href":"https:\/\/www.classicshow.com.br\/site\/wp-json\/wp\/v2\/types\/page"}],"author":[{"embeddable":true,"href":"https:\/\/www.classicshow.com.br\/site\/wp-json\/wp\/v2\/users\/1"}],"replies":[{"embeddable":true,"href":"https:\/\/www.classicshow.com.br\/site\/wp-json\/wp\/v2\/comments?post=12536"}],"version-history":[{"count":5,"href":"https:\/\/www.classicshow.com.br\/site\/wp-json\/wp\/v2\/pages\/12536\/revisions"}],"predecessor-version":[{"id":13714,"href":"https:\/\/www.classicshow.com.br\/site\/wp-json\/wp\/v2\/pages\/12536\/revisions\/13714"}],"up":[{"embeddable":true,"href":"https:\/\/www.classicshow.com.br\/site\/wp-json\/wp\/v2\/pages\/12587"}],"wp:attachment":[{"href":"https:\/\/www.classicshow.com.br\/site\/wp-json\/wp\/v2\/media?parent=12536"}],"curies":[{"name":"wp","href":"https:\/\/api.w.org\/{rel}","templated":true}]}}