{"id":12531,"date":"2018-07-17T14:35:17","date_gmt":"2018-07-17T17:35:17","guid":{"rendered":"http:\/\/www.classicshow.com.br\/site\/iump-login\/"},"modified":"2018-11-05T08:00:30","modified_gmt":"2018-11-05T11:00:30","slug":"login","status":"publish","type":"page","link":"https:\/\/www.classicshow.com.br\/site\/area-do-assinante\/login\/","title":{"rendered":"Login"},"content":{"rendered":"<p style=\"text-align: center;\">Acesso <strong>EXCLUSIVO<\/strong> para <strong>ASSINANTES<\/strong> da <a href=\"http:\/\/www.classicshow.com.br\/site\/revista-classic-show-digital\/\"><strong>REVISTA DIGITAL<\/strong><\/a>.<\/p>\n<div class=\"ihc-login-form-wrap ihc-login-template-11\"><form action=\"\" method=\"post\" id=\"ihc_login_form\"><input type=\"hidden\" name=\"ihcaction\" value=\"login\" \/><input type=\"hidden\" name=\"ihc_login_nonce\" value=\"7b207e459f\" \/><div class=\"impu-form-line-fr\"><i class=\"fa-ihc fa-username-ihc\"><\/i><input type=\"text\" value=\"\" id=\"iump_login_username\" name=\"log\" placeholder=\"Usu\u00e1rio\"\/><\/div><div class=\"impu-form-line-fr\"><i class=\"fa-ihc fa-pass-ihc\"><\/i><input type=\"password\" value=\"\" id=\"iump_login_password\" name=\"pwd\" placeholder=\"Senha\"\/><\/div><div class=\"impu-remember-wrapper\"><input type=\"checkbox\" value=\"forever\" name=\"rememberme\" class=\"impu-form-input-remember\" \/><span class=\"impu-form-label-remember\">Lembrar de mim<\/span> <\/div><div class=\"impu-form-links-pass\"><a href=\"https:\/\/www.classicshow.com.br\/site\/area-do-assinante\/nova-senha\/\">Perdeu sua senha?<\/a><\/div><div class=\"ihc-clear\"><\/div>    <div class=\"g-recaptcha-wrapper\" class=\"\">\n        <div class=\"g-recaptcha\" data-sitekey=\"6LfDaQ0TAAAAAOyGbe108Y7Mu9LBIiPP0hkJERFX\"><\/div>\n        <script type=\"text\/javascript\" src=\"https:\/\/www.google.com\/recaptcha\/api.js?hl=pt\"><\/script>\n    <\/div>\n<div class=\"impu-form-line-fr impu-form-submit\"><input type=\"submit\" value=\"Acessar\" name=\"Submit\"  \/><\/div><div  class=\"impu-form-links\"><\/div><\/form><\/div><script>\n\t\tjQuery(document).ready(\n\t\t\tfunction(){\n\t\t\t\tjQuery('#iump_login_username').on('blur', function(){\n\t\t\t\t\tihcCheckLoginField('log', 'Please complete all required fields!');\n\t\t\t\t});\n\t\t\t\tjQuery('#iump_login_password').on('blur', function(){\n\t\t\t\t\tihcCheckLoginField('pwd', 'Please complete all required fields!');\n\t\t\t\t});\n\t\t\t\tjQuery('#ihc_login_form').on('submit', function(e){\n\t\t\t\t\te.preventDefault();\n\t\t\t\t\tvar u = jQuery('#ihc_login_form [name=log]').val();\n\t\t\t\t\tvar p = jQuery('#ihc_login_form [name=pwd]').val();\n\t\t\t\t\tif (u!='' && p!=''){\n\t\t\t\t\t\tjQuery('#ihc_login_form').unbind('submit').submit();\n\t\t\t\t\t} else {\n\t\t\t\t\t\tihcCheckLoginField('log', 'Please complete all required fields!');\n\t\t\t\t\t\tihcCheckLoginField('pwd', 'Please complete all required fields!');\n\t\t\t\t\t\treturn FALSE;\n\t\t\t\t\t}\n\t\t\t\t});\n\t\t\t}\n\t\t);\n\t<\/script>\n<div class=\"mom_hr mom_hr_ mom_hr_medium\" style=\"\"><span class=\"mom_inner_hr\"><\/span><\/div>\n<p style=\"text-align: center;\"><strong>ATEN\u00c7\u00c3O<\/strong>: ao efetuar o LOGIN, voc\u00ea concorda com nossos <a href=\"http:\/\/www.classicshow.com.br\/site\/area-do-assinante\/termos-de-uso\/\"><strong>Termos de Uso &amp; Privacidade<\/strong><\/a>.<\/p>\n","protected":false},"excerpt":{"rendered":"<p>Acesso EXCLUSIVO para ASSINANTES da REVISTA DIGITAL. ATEN\u00c7\u00c3O: ao efetuar o LOGIN, voc\u00ea concorda com nossos Termos de Uso &amp; Privacidade.<\/p>\n","protected":false},"author":1,"featured_media":0,"parent":12587,"menu_order":0,"comment_status":"closed","ping_status":"closed","template":"","meta":{"_links_to":"","_links_to_target":""},"yoast_head":"<!-- This site is optimized with the Yoast SEO plugin v19.3 - https:\/\/yoast.com\/wordpress\/plugins\/seo\/ -->\n<title>Login - Revista Classic Show, a sua revista de carros antigos<\/title>\n<meta name=\"robots\" content=\"index, follow, max-snippet:-1, max-image-preview:large, max-video-preview:-1\" \/>\n<link rel=\"canonical\" href=\"https:\/\/www.classicshow.com.br\/site\/area-do-assinante\/login\/\" \/>\n<meta property=\"og:locale\" content=\"pt_BR\" \/>\n<meta property=\"og:type\" content=\"article\" \/>\n<meta property=\"og:title\" content=\"Login - Revista Classic Show, a sua revista de carros antigos\" \/>\n<meta property=\"og:description\" content=\"Acesso EXCLUSIVO para ASSINANTES da REVISTA DIGITAL. ATEN\u00c7\u00c3O: ao efetuar o LOGIN, voc\u00ea concorda com nossos Termos de Uso &amp; Privacidade.\" \/>\n<meta property=\"og:url\" content=\"https:\/\/www.classicshow.com.br\/site\/area-do-assinante\/login\/\" \/>\n<meta property=\"og:site_name\" content=\"Revista Classic Show, a sua revista de carros antigos\" \/>\n<meta property=\"article:publisher\" content=\"https:\/\/www.facebook.com\/classic.show.7\" \/>\n<meta property=\"article:modified_time\" content=\"2018-11-05T11:00:30+00:00\" \/>\n<meta name=\"twitter:card\" content=\"summary_large_image\" \/>\n<meta name=\"twitter:site\" content=\"@revista_cshow\" \/>\n<script type=\"application\/ld+json\" class=\"yoast-schema-graph\">{\"@context\":\"https:\/\/schema.org\",\"@graph\":[{\"@type\":\"Organization\",\"@id\":\"https:\/\/www.classicshow.com.br\/site\/#organization\",\"name\":\"Revista Classic Show, a sua revista de carros antigos\",\"url\":\"https:\/\/www.classicshow.com.br\/site\/\",\"sameAs\":[\"https:\/\/www.youtube.com\/user\/ClassicShowM\",\"https:\/\/www.facebook.com\/classic.show.7\",\"https:\/\/twitter.com\/revista_cshow\"],\"logo\":{\"@type\":\"ImageObject\",\"inLanguage\":\"pt-BR\",\"@id\":\"https:\/\/www.classicshow.com.br\/site\/#\/schema\/logo\/image\/\",\"url\":\"https:\/\/www.classicshow.com.br\/site\/wp-content\/uploads\/2015\/09\/logo_cs.jpg\",\"contentUrl\":\"https:\/\/www.classicshow.com.br\/site\/wp-content\/uploads\/2015\/09\/logo_cs.jpg\",\"width\":339,\"height\":150,\"caption\":\"Revista Classic Show, a sua revista de carros antigos\"},\"image\":{\"@id\":\"https:\/\/www.classicshow.com.br\/site\/#\/schema\/logo\/image\/\"}},{\"@type\":\"WebSite\",\"@id\":\"https:\/\/www.classicshow.com.br\/site\/#website\",\"url\":\"https:\/\/www.classicshow.com.br\/site\/\",\"name\":\"Revista Classic Show, a sua revista de carros antigos\",\"description\":\"Fa\u00e7a sua assinatura! Aqui voc\u00ea encontra tudo sobre o universo dos carros antigos: mat\u00e9rias completas, encontros de carros antigos, livros especializados e muito mais!\",\"publisher\":{\"@id\":\"https:\/\/www.classicshow.com.br\/site\/#organization\"},\"potentialAction\":[{\"@type\":\"SearchAction\",\"target\":{\"@type\":\"EntryPoint\",\"urlTemplate\":\"https:\/\/www.classicshow.com.br\/site\/?s={search_term_string}\"},\"query-input\":\"required name=search_term_string\"}],\"inLanguage\":\"pt-BR\"},{\"@type\":\"WebPage\",\"@id\":\"https:\/\/www.classicshow.com.br\/site\/area-do-assinante\/login\/\",\"url\":\"https:\/\/www.classicshow.com.br\/site\/area-do-assinante\/login\/\",\"name\":\"Login - Revista Classic Show, a sua revista de carros antigos\",\"isPartOf\":{\"@id\":\"https:\/\/www.classicshow.com.br\/site\/#website\"},\"datePublished\":\"2018-07-17T17:35:17+00:00\",\"dateModified\":\"2018-11-05T11:00:30+00:00\",\"breadcrumb\":{\"@id\":\"https:\/\/www.classicshow.com.br\/site\/area-do-assinante\/login\/#breadcrumb\"},\"inLanguage\":\"pt-BR\",\"potentialAction\":[{\"@type\":\"ReadAction\",\"target\":[\"https:\/\/www.classicshow.com.br\/site\/area-do-assinante\/login\/\"]}]},{\"@type\":\"BreadcrumbList\",\"@id\":\"https:\/\/www.classicshow.com.br\/site\/area-do-assinante\/login\/#breadcrumb\",\"itemListElement\":[{\"@type\":\"ListItem\",\"position\":1,\"name\":\"In\u00edcio\",\"item\":\"https:\/\/www.classicshow.com.br\/site\/\"},{\"@type\":\"ListItem\",\"position\":2,\"name\":\"\u00c1rea do Assinante\",\"item\":\"http:\/\/www.classicshow.com.br\/site\/area-do-assinante\/perfil\/\"},{\"@type\":\"ListItem\",\"position\":3,\"name\":\"Login\"}]}]}<\/script>\n<!-- \/ Yoast SEO plugin. -->","yoast_head_json":{"title":"Login - Revista Classic Show, a sua revista de carros antigos","robots":{"index":"index","follow":"follow","max-snippet":"max-snippet:-1","max-image-preview":"max-image-preview:large","max-video-preview":"max-video-preview:-1"},"canonical":"https:\/\/www.classicshow.com.br\/site\/area-do-assinante\/login\/","og_locale":"pt_BR","og_type":"article","og_title":"Login - Revista Classic Show, a sua revista de carros antigos","og_description":"Acesso EXCLUSIVO para ASSINANTES da REVISTA DIGITAL. ATEN\u00c7\u00c3O: ao efetuar o LOGIN, voc\u00ea concorda com nossos Termos de Uso &amp; Privacidade.","og_url":"https:\/\/www.classicshow.com.br\/site\/area-do-assinante\/login\/","og_site_name":"Revista Classic Show, a sua revista de carros antigos","article_publisher":"https:\/\/www.facebook.com\/classic.show.7","article_modified_time":"2018-11-05T11:00:30+00:00","twitter_card":"summary_large_image","twitter_site":"@revista_cshow","schema":{"@context":"https:\/\/schema.org","@graph":[{"@type":"Organization","@id":"https:\/\/www.classicshow.com.br\/site\/#organization","name":"Revista Classic Show, a sua revista de carros antigos","url":"https:\/\/www.classicshow.com.br\/site\/","sameAs":["https:\/\/www.youtube.com\/user\/ClassicShowM","https:\/\/www.facebook.com\/classic.show.7","https:\/\/twitter.com\/revista_cshow"],"logo":{"@type":"ImageObject","inLanguage":"pt-BR","@id":"https:\/\/www.classicshow.com.br\/site\/#\/schema\/logo\/image\/","url":"https:\/\/www.classicshow.com.br\/site\/wp-content\/uploads\/2015\/09\/logo_cs.jpg","contentUrl":"https:\/\/www.classicshow.com.br\/site\/wp-content\/uploads\/2015\/09\/logo_cs.jpg","width":339,"height":150,"caption":"Revista Classic Show, a sua revista de carros antigos"},"image":{"@id":"https:\/\/www.classicshow.com.br\/site\/#\/schema\/logo\/image\/"}},{"@type":"WebSite","@id":"https:\/\/www.classicshow.com.br\/site\/#website","url":"https:\/\/www.classicshow.com.br\/site\/","name":"Revista Classic Show, a sua revista de carros antigos","description":"Fa\u00e7a sua assinatura! Aqui voc\u00ea encontra tudo sobre o universo dos carros antigos: mat\u00e9rias completas, encontros de carros antigos, livros especializados e muito mais!","publisher":{"@id":"https:\/\/www.classicshow.com.br\/site\/#organization"},"potentialAction":[{"@type":"SearchAction","target":{"@type":"EntryPoint","urlTemplate":"https:\/\/www.classicshow.com.br\/site\/?s={search_term_string}"},"query-input":"required name=search_term_string"}],"inLanguage":"pt-BR"},{"@type":"WebPage","@id":"https:\/\/www.classicshow.com.br\/site\/area-do-assinante\/login\/","url":"https:\/\/www.classicshow.com.br\/site\/area-do-assinante\/login\/","name":"Login - Revista Classic Show, a sua revista de carros antigos","isPartOf":{"@id":"https:\/\/www.classicshow.com.br\/site\/#website"},"datePublished":"2018-07-17T17:35:17+00:00","dateModified":"2018-11-05T11:00:30+00:00","breadcrumb":{"@id":"https:\/\/www.classicshow.com.br\/site\/area-do-assinante\/login\/#breadcrumb"},"inLanguage":"pt-BR","potentialAction":[{"@type":"ReadAction","target":["https:\/\/www.classicshow.com.br\/site\/area-do-assinante\/login\/"]}]},{"@type":"BreadcrumbList","@id":"https:\/\/www.classicshow.com.br\/site\/area-do-assinante\/login\/#breadcrumb","itemListElement":[{"@type":"ListItem","position":1,"name":"In\u00edcio","item":"https:\/\/www.classicshow.com.br\/site\/"},{"@type":"ListItem","position":2,"name":"\u00c1rea do Assinante","item":"http:\/\/www.classicshow.com.br\/site\/area-do-assinante\/perfil\/"},{"@type":"ListItem","position":3,"name":"Login"}]}]}},"_links":{"self":[{"href":"https:\/\/www.classicshow.com.br\/site\/wp-json\/wp\/v2\/pages\/12531"}],"collection":[{"href":"https:\/\/www.classicshow.com.br\/site\/wp-json\/wp\/v2\/pages"}],"about":[{"href":"https:\/\/www.classicshow.com.br\/site\/wp-json\/wp\/v2\/types\/page"}],"author":[{"embeddable":true,"href":"https:\/\/www.classicshow.com.br\/site\/wp-json\/wp\/v2\/users\/1"}],"replies":[{"embeddable":true,"href":"https:\/\/www.classicshow.com.br\/site\/wp-json\/wp\/v2\/comments?post=12531"}],"version-history":[{"count":6,"href":"https:\/\/www.classicshow.com.br\/site\/wp-json\/wp\/v2\/pages\/12531\/revisions"}],"predecessor-version":[{"id":14266,"href":"https:\/\/www.classicshow.com.br\/site\/wp-json\/wp\/v2\/pages\/12531\/revisions\/14266"}],"up":[{"embeddable":true,"href":"https:\/\/www.classicshow.com.br\/site\/wp-json\/wp\/v2\/pages\/12587"}],"wp:attachment":[{"href":"https:\/\/www.classicshow.com.br\/site\/wp-json\/wp\/v2\/media?parent=12531"}],"curies":[{"name":"wp","href":"https:\/\/api.w.org\/{rel}","templated":true}]}}