{"id":101,"date":"2015-09-24T15:56:29","date_gmt":"2015-09-24T18:56:29","guid":{"rendered":"http:\/\/www.classicshow.com.br\/site\/?page_id=101"},"modified":"2018-02-02T10:21:44","modified_gmt":"2018-02-02T13:21:44","slug":"envie-seu-evento","status":"publish","type":"page","link":"https:\/\/www.classicshow.com.br\/site\/eventos-de-carros-antigos\/envie-seu-evento\/","title":{"rendered":"Cadastre o seu Evento"},"content":{"rendered":"<p><span class=\"style40\"><strong>Inclua o seu evento:<\/strong> p<\/span>reencha o formul\u00e1rio com todas as\u00a0informa\u00e7\u00f5es solicitadas.<\/p>\n<p style=\"text-align: justify;\"><span class=\"style72\"><strong>Clubes e Organizadores de Eventos:<\/strong>\u00a0s<\/span><span class=\"style36\">aibam como adquirir\u00a0exemplares da Classic Show\u00a0para compor o kit do seu evento.<\/span> <span class=\"style71\">Solicite informa\u00e7\u00f5es\u00a0<\/span><strong><a href=\"mailto:mateus@classicshow.com.br?subject=Revista Brinde para Evento\" target=\"_blank\" rel=\"noopener\">clicando AQUI<\/a><\/strong>.<\/p>\n<h3 style=\"text-align: justify;\">Formul\u00e1rio de Envio<\/h3>\n<p style=\"text-align: justify;\"><div role=\"form\" class=\"wpcf7\" id=\"wpcf7-f103-o1\" lang=\"pt-BR\" dir=\"ltr\">\n<div class=\"screen-reader-response\"><p role=\"status\" aria-live=\"polite\" aria-atomic=\"true\"><\/p> <ul><\/ul><\/div>\n<form action=\"\/site\/wp-json\/wp\/v2\/pages\/101#wpcf7-f103-o1\" method=\"post\" class=\"wpcf7-form init\" enctype=\"multipart\/form-data\" novalidate=\"novalidate\" data-status=\"init\">\n<div style=\"display: none;\">\n<input type=\"hidden\" name=\"_wpcf7\" value=\"103\" \/>\n<input type=\"hidden\" name=\"_wpcf7_version\" value=\"5.6\" \/>\n<input type=\"hidden\" name=\"_wpcf7_locale\" value=\"pt_BR\" \/>\n<input type=\"hidden\" name=\"_wpcf7_unit_tag\" value=\"wpcf7-f103-o1\" \/>\n<input type=\"hidden\" name=\"_wpcf7_container_post\" value=\"0\" \/>\n<input type=\"hidden\" name=\"_wpcf7_posted_data_hash\" value=\"\" \/>\n<input type=\"hidden\" name=\"_wpcf7_recaptcha_response\" value=\"\" \/>\n<\/div>\n<p>Organiza\u00e7\u00e3o (obrigat\u00f3rio)<br \/>\n    <span class=\"wpcf7-form-control-wrap\" data-name=\"organizacao-eventos\"><input type=\"text\" name=\"organizacao-eventos\" value=\"\" size=\"40\" class=\"wpcf7-form-control wpcf7-text wpcf7-validates-as-required\" aria-required=\"true\" aria-invalid=\"false\" \/><\/span> <\/p>\n<p>Seu Nome (obrigat\u00f3rio)<br \/>\n    <span class=\"wpcf7-form-control-wrap\" data-name=\"nome-eventos\"><input type=\"text\" name=\"nome-eventos\" value=\"\" size=\"40\" class=\"wpcf7-form-control wpcf7-text wpcf7-validates-as-required\" aria-required=\"true\" aria-invalid=\"false\" \/><\/span> <\/p>\n<p>Seu e-mail (obrigat\u00f3rio)<br \/>\n    <span class=\"wpcf7-form-control-wrap\" data-name=\"email-eventos\"><input type=\"email\" name=\"email-eventos\" value=\"\" size=\"40\" class=\"wpcf7-form-control wpcf7-text wpcf7-email wpcf7-validates-as-required wpcf7-validates-as-email\" aria-required=\"true\" aria-invalid=\"false\" \/><\/span> <\/p>\n<p>Data (obrigat\u00f3rio)<br \/>\n    <span class=\"wpcf7-form-control-wrap\" data-name=\"data-eventos\"><input type=\"text\" name=\"data-eventos\" value=\"\" size=\"40\" class=\"wpcf7-form-control wpcf7-text wpcf7-validates-as-required\" aria-required=\"true\" aria-invalid=\"false\" \/><\/span> <\/p>\n<p>Local (obrigat\u00f3rio)<br \/>\n    <span class=\"wpcf7-form-control-wrap\" data-name=\"local-eventos\"><input type=\"text\" name=\"local-eventos\" value=\"\" size=\"40\" class=\"wpcf7-form-control wpcf7-text wpcf7-validates-as-required\" aria-required=\"true\" aria-invalid=\"false\" \/><\/span> <\/p>\n<p>Hor\u00e1rio (obrigat\u00f3rio)<br \/>\n    <span class=\"wpcf7-form-control-wrap\" data-name=\"hora-eventos\"><input type=\"text\" name=\"hora-eventos\" value=\"\" size=\"40\" class=\"wpcf7-form-control wpcf7-text wpcf7-validates-as-required\" aria-required=\"true\" aria-invalid=\"false\" \/><\/span> <\/p>\n<p>Cidade\/Estado (obrigat\u00f3rio)<br \/>\n    <span class=\"wpcf7-form-control-wrap\" data-name=\"cidadeestado-eventos\"><input type=\"text\" name=\"cidadeestado-eventos\" value=\"\" size=\"40\" class=\"wpcf7-form-control wpcf7-text wpcf7-validates-as-required\" aria-required=\"true\" aria-invalid=\"false\" \/><\/span> <\/p>\n<p>Site<br \/>\n    <span class=\"wpcf7-form-control-wrap\" data-name=\"site-eventos\"><input type=\"text\" name=\"site-eventos\" value=\"\" size=\"40\" class=\"wpcf7-form-control wpcf7-text\" aria-invalid=\"false\" \/><\/span> <\/p>\n<p>Fone para Contato (1)<br \/>\n    <span class=\"wpcf7-form-control-wrap\" data-name=\"fone1-eventos\"><input type=\"text\" name=\"fone1-eventos\" value=\"\" size=\"40\" class=\"wpcf7-form-control wpcf7-text\" aria-invalid=\"false\" \/><\/span> <\/p>\n<p>Fone para Contato (2)<br \/>\n    <span class=\"wpcf7-form-control-wrap\" data-name=\"fone2-eventos\"><input type=\"text\" name=\"fone2-eventos\" value=\"\" size=\"40\" class=\"wpcf7-form-control wpcf7-text\" aria-invalid=\"false\" \/><\/span> <\/p>\n<p>Descri\u00e7\u00e3o do Evento<br \/>\n    <span class=\"wpcf7-form-control-wrap\" data-name=\"descricao-eventos\"><textarea name=\"descricao-eventos\" cols=\"40\" rows=\"4\" class=\"wpcf7-form-control wpcf7-textarea\" aria-invalid=\"false\"><\/textarea><\/span> <\/p>\n<p>Envie o Folder do Evento<br \/>\n<span class=\"wpcf7-form-control-wrap\" data-name=\"file-361\"><input type=\"file\" name=\"file-361\" size=\"40\" class=\"wpcf7-form-control wpcf7-file\" accept=\".jpg,.jpeg,.bmp,.gif,.pdf,.png\" aria-invalid=\"false\" \/><\/span> <\/p>\n\n<p><\/p>\n<p><input type=\"submit\" value=\"Enviar\" class=\"wpcf7-form-control has-spinner wpcf7-submit\" \/><\/p>\n<div class=\"wpcf7-response-output\" aria-hidden=\"true\"><\/div><\/form><\/div><\/p>\n","protected":false},"excerpt":{"rendered":"<p>Inclua o seu evento: preencha o formul\u00e1rio com todas as\u00a0informa\u00e7\u00f5es solicitadas. Clubes e Organizadores de Eventos:\u00a0saibam como adquirir\u00a0exemplares da Classic Show\u00a0para compor o kit do seu evento. Solicite informa\u00e7\u00f5es\u00a0clicando AQUI. Formul\u00e1rio de Envio<\/p>\n","protected":false},"author":1,"featured_media":0,"parent":26,"menu_order":0,"comment_status":"closed","ping_status":"closed","template":"","meta":{"_links_to":"","_links_to_target":""},"yoast_head":"<!-- This site is optimized with the Yoast SEO plugin v19.3 - https:\/\/yoast.com\/wordpress\/plugins\/seo\/ -->\n<title>Cadastre o seu Evento - Revista Classic Show<\/title>\n<meta name=\"description\" content=\"Inclua seu evento! Preencha o formul\u00e1rio com todas as informa\u00e7\u00f5es solicitadas. Clubes organizadores: saibam como adquirir revistas brindes.\" \/>\n<meta name=\"robots\" content=\"index, follow, max-snippet:-1, max-image-preview:large, max-video-preview:-1\" \/>\n<link rel=\"canonical\" href=\"https:\/\/www.classicshow.com.br\/site\/eventos-de-carros-antigos\/envie-seu-evento\/\" \/>\n<meta property=\"og:locale\" content=\"pt_BR\" \/>\n<meta property=\"og:type\" content=\"article\" \/>\n<meta property=\"og:title\" content=\"Cadastre o seu Evento - Revista Classic Show\" \/>\n<meta property=\"og:description\" content=\"Inclua seu evento! Preencha o formul\u00e1rio com todas as informa\u00e7\u00f5es solicitadas. Clubes organizadores: saibam como adquirir revistas brindes.\" \/>\n<meta property=\"og:url\" content=\"https:\/\/www.classicshow.com.br\/site\/eventos-de-carros-antigos\/envie-seu-evento\/\" \/>\n<meta property=\"og:site_name\" content=\"Revista Classic Show, a sua revista de carros antigos\" \/>\n<meta property=\"article:publisher\" content=\"https:\/\/www.facebook.com\/classic.show.7\" \/>\n<meta property=\"article:modified_time\" content=\"2018-02-02T13:21:44+00:00\" \/>\n<meta property=\"og:image\" content=\"https:\/\/www.classicshow.com.br\/site\/wp-content\/uploads\/2015\/09\/carroantigo-calendario.jpg\" \/>\n\t<meta property=\"og:image:width\" content=\"800\" \/>\n\t<meta property=\"og:image:height\" content=\"445\" \/>\n\t<meta property=\"og:image:type\" content=\"image\/jpeg\" \/>\n<meta name=\"twitter:card\" content=\"summary_large_image\" \/>\n<meta name=\"twitter:site\" content=\"@revista_cshow\" \/>\n<script type=\"application\/ld+json\" class=\"yoast-schema-graph\">{\"@context\":\"https:\/\/schema.org\",\"@graph\":[{\"@type\":\"Organization\",\"@id\":\"https:\/\/www.classicshow.com.br\/site\/#organization\",\"name\":\"Revista Classic Show, a sua revista de carros antigos\",\"url\":\"https:\/\/www.classicshow.com.br\/site\/\",\"sameAs\":[\"https:\/\/www.youtube.com\/user\/ClassicShowM\",\"https:\/\/www.facebook.com\/classic.show.7\",\"https:\/\/twitter.com\/revista_cshow\"],\"logo\":{\"@type\":\"ImageObject\",\"inLanguage\":\"pt-BR\",\"@id\":\"https:\/\/www.classicshow.com.br\/site\/#\/schema\/logo\/image\/\",\"url\":\"https:\/\/www.classicshow.com.br\/site\/wp-content\/uploads\/2015\/09\/logo_cs.jpg\",\"contentUrl\":\"https:\/\/www.classicshow.com.br\/site\/wp-content\/uploads\/2015\/09\/logo_cs.jpg\",\"width\":339,\"height\":150,\"caption\":\"Revista Classic Show, a sua revista de carros antigos\"},\"image\":{\"@id\":\"https:\/\/www.classicshow.com.br\/site\/#\/schema\/logo\/image\/\"}},{\"@type\":\"WebSite\",\"@id\":\"https:\/\/www.classicshow.com.br\/site\/#website\",\"url\":\"https:\/\/www.classicshow.com.br\/site\/\",\"name\":\"Revista Classic Show, a sua revista de carros antigos\",\"description\":\"Fa\u00e7a sua assinatura! Aqui voc\u00ea encontra tudo sobre o universo dos carros antigos: mat\u00e9rias completas, encontros de carros antigos, livros especializados e muito mais!\",\"publisher\":{\"@id\":\"https:\/\/www.classicshow.com.br\/site\/#organization\"},\"potentialAction\":[{\"@type\":\"SearchAction\",\"target\":{\"@type\":\"EntryPoint\",\"urlTemplate\":\"https:\/\/www.classicshow.com.br\/site\/?s={search_term_string}\"},\"query-input\":\"required name=search_term_string\"}],\"inLanguage\":\"pt-BR\"},{\"@type\":\"WebPage\",\"@id\":\"https:\/\/www.classicshow.com.br\/site\/eventos-de-carros-antigos\/envie-seu-evento\/\",\"url\":\"https:\/\/www.classicshow.com.br\/site\/eventos-de-carros-antigos\/envie-seu-evento\/\",\"name\":\"Cadastre o seu Evento - Revista Classic Show\",\"isPartOf\":{\"@id\":\"https:\/\/www.classicshow.com.br\/site\/#website\"},\"datePublished\":\"2015-09-24T18:56:29+00:00\",\"dateModified\":\"2018-02-02T13:21:44+00:00\",\"description\":\"Inclua seu evento! Preencha o formul\u00e1rio com todas as informa\u00e7\u00f5es solicitadas. Clubes organizadores: saibam como adquirir revistas brindes.\",\"breadcrumb\":{\"@id\":\"https:\/\/www.classicshow.com.br\/site\/eventos-de-carros-antigos\/envie-seu-evento\/#breadcrumb\"},\"inLanguage\":\"pt-BR\",\"potentialAction\":[{\"@type\":\"ReadAction\",\"target\":[\"https:\/\/www.classicshow.com.br\/site\/eventos-de-carros-antigos\/envie-seu-evento\/\"]}]},{\"@type\":\"BreadcrumbList\",\"@id\":\"https:\/\/www.classicshow.com.br\/site\/eventos-de-carros-antigos\/envie-seu-evento\/#breadcrumb\",\"itemListElement\":[{\"@type\":\"ListItem\",\"position\":1,\"name\":\"In\u00edcio\",\"item\":\"https:\/\/www.classicshow.com.br\/site\/\"},{\"@type\":\"ListItem\",\"position\":2,\"name\":\"Calend\u00e1rio de Eventos\",\"item\":\"https:\/\/www.classicshow.com.br\/site\/eventos-de-carros-antigos\/\"},{\"@type\":\"ListItem\",\"position\":3,\"name\":\"Cadastre o seu Evento\"}]}]}<\/script>\n<!-- \/ Yoast SEO plugin. -->","yoast_head_json":{"title":"Cadastre o seu Evento - Revista Classic Show","description":"Inclua seu evento! Preencha o formul\u00e1rio com todas as informa\u00e7\u00f5es solicitadas. Clubes organizadores: saibam como adquirir revistas brindes.","robots":{"index":"index","follow":"follow","max-snippet":"max-snippet:-1","max-image-preview":"max-image-preview:large","max-video-preview":"max-video-preview:-1"},"canonical":"https:\/\/www.classicshow.com.br\/site\/eventos-de-carros-antigos\/envie-seu-evento\/","og_locale":"pt_BR","og_type":"article","og_title":"Cadastre o seu Evento - Revista Classic Show","og_description":"Inclua seu evento! Preencha o formul\u00e1rio com todas as informa\u00e7\u00f5es solicitadas. Clubes organizadores: saibam como adquirir revistas brindes.","og_url":"https:\/\/www.classicshow.com.br\/site\/eventos-de-carros-antigos\/envie-seu-evento\/","og_site_name":"Revista Classic Show, a sua revista de carros antigos","article_publisher":"https:\/\/www.facebook.com\/classic.show.7","article_modified_time":"2018-02-02T13:21:44+00:00","og_image":[{"width":800,"height":445,"url":"https:\/\/www.classicshow.com.br\/site\/wp-content\/uploads\/2015\/09\/carroantigo-calendario.jpg","type":"image\/jpeg"}],"twitter_card":"summary_large_image","twitter_site":"@revista_cshow","schema":{"@context":"https:\/\/schema.org","@graph":[{"@type":"Organization","@id":"https:\/\/www.classicshow.com.br\/site\/#organization","name":"Revista Classic Show, a sua revista de carros antigos","url":"https:\/\/www.classicshow.com.br\/site\/","sameAs":["https:\/\/www.youtube.com\/user\/ClassicShowM","https:\/\/www.facebook.com\/classic.show.7","https:\/\/twitter.com\/revista_cshow"],"logo":{"@type":"ImageObject","inLanguage":"pt-BR","@id":"https:\/\/www.classicshow.com.br\/site\/#\/schema\/logo\/image\/","url":"https:\/\/www.classicshow.com.br\/site\/wp-content\/uploads\/2015\/09\/logo_cs.jpg","contentUrl":"https:\/\/www.classicshow.com.br\/site\/wp-content\/uploads\/2015\/09\/logo_cs.jpg","width":339,"height":150,"caption":"Revista Classic Show, a sua revista de carros antigos"},"image":{"@id":"https:\/\/www.classicshow.com.br\/site\/#\/schema\/logo\/image\/"}},{"@type":"WebSite","@id":"https:\/\/www.classicshow.com.br\/site\/#website","url":"https:\/\/www.classicshow.com.br\/site\/","name":"Revista Classic Show, a sua revista de carros antigos","description":"Fa\u00e7a sua assinatura! Aqui voc\u00ea encontra tudo sobre o universo dos carros antigos: mat\u00e9rias completas, encontros de carros antigos, livros especializados e muito mais!","publisher":{"@id":"https:\/\/www.classicshow.com.br\/site\/#organization"},"potentialAction":[{"@type":"SearchAction","target":{"@type":"EntryPoint","urlTemplate":"https:\/\/www.classicshow.com.br\/site\/?s={search_term_string}"},"query-input":"required name=search_term_string"}],"inLanguage":"pt-BR"},{"@type":"WebPage","@id":"https:\/\/www.classicshow.com.br\/site\/eventos-de-carros-antigos\/envie-seu-evento\/","url":"https:\/\/www.classicshow.com.br\/site\/eventos-de-carros-antigos\/envie-seu-evento\/","name":"Cadastre o seu Evento - Revista Classic Show","isPartOf":{"@id":"https:\/\/www.classicshow.com.br\/site\/#website"},"datePublished":"2015-09-24T18:56:29+00:00","dateModified":"2018-02-02T13:21:44+00:00","description":"Inclua seu evento! Preencha o formul\u00e1rio com todas as informa\u00e7\u00f5es solicitadas. Clubes organizadores: saibam como adquirir revistas brindes.","breadcrumb":{"@id":"https:\/\/www.classicshow.com.br\/site\/eventos-de-carros-antigos\/envie-seu-evento\/#breadcrumb"},"inLanguage":"pt-BR","potentialAction":[{"@type":"ReadAction","target":["https:\/\/www.classicshow.com.br\/site\/eventos-de-carros-antigos\/envie-seu-evento\/"]}]},{"@type":"BreadcrumbList","@id":"https:\/\/www.classicshow.com.br\/site\/eventos-de-carros-antigos\/envie-seu-evento\/#breadcrumb","itemListElement":[{"@type":"ListItem","position":1,"name":"In\u00edcio","item":"https:\/\/www.classicshow.com.br\/site\/"},{"@type":"ListItem","position":2,"name":"Calend\u00e1rio de Eventos","item":"https:\/\/www.classicshow.com.br\/site\/eventos-de-carros-antigos\/"},{"@type":"ListItem","position":3,"name":"Cadastre o seu Evento"}]}]}},"_links":{"self":[{"href":"https:\/\/www.classicshow.com.br\/site\/wp-json\/wp\/v2\/pages\/101"}],"collection":[{"href":"https:\/\/www.classicshow.com.br\/site\/wp-json\/wp\/v2\/pages"}],"about":[{"href":"https:\/\/www.classicshow.com.br\/site\/wp-json\/wp\/v2\/types\/page"}],"author":[{"embeddable":true,"href":"https:\/\/www.classicshow.com.br\/site\/wp-json\/wp\/v2\/users\/1"}],"replies":[{"embeddable":true,"href":"https:\/\/www.classicshow.com.br\/site\/wp-json\/wp\/v2\/comments?post=101"}],"version-history":[{"count":13,"href":"https:\/\/www.classicshow.com.br\/site\/wp-json\/wp\/v2\/pages\/101\/revisions"}],"predecessor-version":[{"id":11337,"href":"https:\/\/www.classicshow.com.br\/site\/wp-json\/wp\/v2\/pages\/101\/revisions\/11337"}],"up":[{"embeddable":true,"href":"https:\/\/www.classicshow.com.br\/site\/wp-json\/wp\/v2\/pages\/26"}],"wp:attachment":[{"href":"https:\/\/www.classicshow.com.br\/site\/wp-json\/wp\/v2\/media?parent=101"}],"curies":[{"name":"wp","href":"https:\/\/api.w.org\/{rel}","templated":true}]}}